{"id":127646,"date":"2026-04-21T11:09:44","date_gmt":"2026-04-21T09:09:44","guid":{"rendered":"https:\/\/www.kletterretter.com\/?post_type=product&#038;p=127646"},"modified":"2026-04-21T11:15:29","modified_gmt":"2026-04-21T09:15:29","slug":"chalkbag-cheingum","status":"publish","type":"product","link":"https:\/\/www.kletterretter.com\/en\/product\/chalkbag-cheingum\/","title":{"rendered":"Chalk-Bag Tube Nat Plus Chein Gum"},"content":{"rendered":"<p>Der Tube Nat Plus Chalk-Bag von SIERRA CLIMBING ist eine durchdachte Wahl f\u00fcr alle, die beim Klettern Wert auf Funktion, Haltbarkeit, nachhaltige Materialien und Design legen. Egal ob am Felsen oder in der Halle \u2013 er unterst\u00fctzt dich zuverl\u00e4ssig bei jeder Session.<\/p>\n<p>Die gro\u00dfz\u00fcgige Form und die stabile \u00d6ffnung sorgen daf\u00fcr, dass du schnell und einfach an dein Chalk kommst \u2013 auch in anspruchsvollen Situationen. Die Verarbeitung ist robust genug f\u00fcr den regelm\u00e4\u00dfigen Einsatz drau\u00dfen, w\u00e4hrend der Kordelzug das Chalk sicher im Beutel h\u00e4lt und ein Ausstreuen verhindert.<\/p>\n<p>F\u00fcr den praktischen Einsatz ist der Chalk-Bag mit einem B\u00fcrstenhalter ausgestattet. Ein verstellbarer H\u00fcftgurt mit einer L\u00e4nge von 110 cm sorgt daf\u00fcr, dass er bequem und sicher sitzt.<\/p>\n<p>Auch bei den Materialien wurde bewusst gew\u00e4hlt: Der Beutel besteht au\u00dfen aus regionaler Baumwolle, innen sorgt ein weiches Fleece aus recyceltem Polyester f\u00fcr eine gleichm\u00e4\u00dfige Chalk-Verteilung. Die vollst\u00e4ndige Herstellung in Barcelona mit lokal bezogenen Stoffen unterstreicht den Ansatz, Ressourcen verantwortungsvoll zu nutzen.<\/p>\n<p>Ein funktionaler Chalk-Bag im ansprechenden Design \u2013 zuverl\u00e4ssig, langlebig und mit Blick auf nachhaltigere Materialien entwickelt.<\/p>\n","protected":false},"excerpt":{"rendered":"<p><strong>\u2713 Staubdicht verschlie\u00dfbar<br \/>\n\u2713 Innenfutter aus Fleece<br \/>\n\u2713 Mit B\u00fcrstenhalter, Kordelzug und H\u00fcftgurt<br \/>\n\u2713 100 % handmade in Barcelona<\/strong><\/p>\n","protected":false},"featured_media":127635,"template":"","meta":[],"product_brand":[],"product_cat":[901,20,500,927,526],"product_tag":[],"class_list":{"0":"post-127646","1":"product","2":"type-product","3":"status-publish","4":"has-post-thumbnail","6":"product_cat-alle-produkte","7":"product_cat-bekleidung-und-chalk-bags","8":"product_cat-geschenkkarten","9":"product_cat-sierra","10":"product_cat-outdoor-zubehoer","12":"first","13":"instock","14":"taxable","15":"shipping-taxable","16":"purchasable","17":"product-type-simple"},"yoast_head":"<!-- This site is optimized with the Yoast SEO plugin v27.1.1 - https:\/\/yoast.com\/product\/yoast-seo-wordpress\/ -->\n<title>Chalk-Bag Tube Nat Plus Chein Gum - KletterRetter - Skincare, Chalk &amp; Tape for climbers<\/title>\n<meta name=\"robots\" content=\"index, follow, max-snippet:-1, max-image-preview:large, max-video-preview:-1\" \/>\n<link rel=\"canonical\" href=\"https:\/\/www.kletterretter.com\/produkte\/chalkbag-cheingum\/\" \/>\n<meta property=\"og:locale\" content=\"en_US\" \/>\n<meta property=\"og:type\" content=\"article\" \/>\n<meta property=\"og:title\" content=\"Chalk-Bag Tube Nat Plus Chein Gum - KletterRetter - Skincare, Chalk &amp; Tape for climbers\" \/>\n<meta property=\"og:description\" content=\"\u2713 Staubdicht verschlie\u00dfbar \u2713 Innenfutter aus Fleece \u2713 Mit B\u00fcrstenhalter, Kordelzug und H\u00fcftgurt \u2713 100 % handmade in Barcelona\" \/>\n<meta property=\"og:url\" content=\"https:\/\/www.kletterretter.com\/produkte\/chalkbag-cheingum\/\" \/>\n<meta property=\"og:site_name\" content=\"KletterRetter - Skincare, Chalk &amp; Tape for climbers\" \/>\n<meta property=\"article:publisher\" content=\"http:\/\/www.facebook.com\/kletterretter\" \/>\n<meta property=\"article:modified_time\" content=\"2026-04-21T09:15:29+00:00\" \/>\n<meta property=\"og:image\" content=\"https:\/\/www.kletterretter.com\/wp-content\/uploads\/2026\/04\/Tube-Nat-Plus-Chein-Gum.jpg\" \/>\n\t<meta property=\"og:image:width\" content=\"899\" \/>\n\t<meta property=\"og:image:height\" content=\"899\" \/>\n\t<meta property=\"og:image:type\" content=\"image\/jpeg\" \/>\n<meta name=\"twitter:card\" content=\"summary_large_image\" \/>\n<meta name=\"twitter:label1\" content=\"Est. reading time\" \/>\n\t<meta name=\"twitter:data1\" content=\"1 minute\" \/>\n<script type=\"application\/ld+json\" class=\"yoast-schema-graph\">{\"@context\":\"https:\/\/schema.org\",\"@graph\":[{\"@type\":\"WebPage\",\"@id\":\"https:\/\/www.kletterretter.com\/produkte\/chalkbag-cheingum\/\",\"url\":\"https:\/\/www.kletterretter.com\/produkte\/chalkbag-cheingum\/\",\"name\":\"Chalk-Bag Tube Nat Plus Chein Gum - KletterRetter - Skincare, Chalk &amp; Tape for climbers\",\"isPartOf\":{\"@id\":\"https:\/\/www.kletterretter.com\/#website\"},\"primaryImageOfPage\":{\"@id\":\"https:\/\/www.kletterretter.com\/produkte\/chalkbag-cheingum\/#primaryimage\"},\"image\":{\"@id\":\"https:\/\/www.kletterretter.com\/produkte\/chalkbag-cheingum\/#primaryimage\"},\"thumbnailUrl\":\"https:\/\/www.kletterretter.com\/wp-content\/uploads\/2026\/04\/Tube-Nat-Plus-Chein-Gum.jpg\",\"datePublished\":\"2026-04-21T09:09:44+00:00\",\"dateModified\":\"2026-04-21T09:15:29+00:00\",\"breadcrumb\":{\"@id\":\"https:\/\/www.kletterretter.com\/produkte\/chalkbag-cheingum\/#breadcrumb\"},\"inLanguage\":\"en-US\",\"potentialAction\":[{\"@type\":\"ReadAction\",\"target\":[\"https:\/\/www.kletterretter.com\/produkte\/chalkbag-cheingum\/\"]}]},{\"@type\":\"ImageObject\",\"inLanguage\":\"en-US\",\"@id\":\"https:\/\/www.kletterretter.com\/produkte\/chalkbag-cheingum\/#primaryimage\",\"url\":\"https:\/\/www.kletterretter.com\/wp-content\/uploads\/2026\/04\/Tube-Nat-Plus-Chein-Gum.jpg\",\"contentUrl\":\"https:\/\/www.kletterretter.com\/wp-content\/uploads\/2026\/04\/Tube-Nat-Plus-Chein-Gum.jpg\",\"width\":899,\"height\":899},{\"@type\":\"BreadcrumbList\",\"@id\":\"https:\/\/www.kletterretter.com\/produkte\/chalkbag-cheingum\/#breadcrumb\",\"itemListElement\":[{\"@type\":\"ListItem\",\"position\":1,\"name\":\"Startseite\",\"item\":\"https:\/\/www.kletterretter.com\/en\/\"},{\"@type\":\"ListItem\",\"position\":2,\"name\":\"Shop\",\"item\":\"https:\/\/www.kletterretter.com\/en\/products\/\"},{\"@type\":\"ListItem\",\"position\":3,\"name\":\"Chalk-Bag Tube Nat Plus Chein Gum\"}]},{\"@type\":\"WebSite\",\"@id\":\"https:\/\/www.kletterretter.com\/#website\",\"url\":\"https:\/\/www.kletterretter.com\/\",\"name\":\"KletterRetter - Climb more. Climb better.\",\"description\":\"Every hand tells a story\",\"publisher\":{\"@id\":\"https:\/\/www.kletterretter.com\/#organization\"},\"potentialAction\":[{\"@type\":\"SearchAction\",\"target\":{\"@type\":\"EntryPoint\",\"urlTemplate\":\"https:\/\/www.kletterretter.com\/?s={search_term_string}\"},\"query-input\":{\"@type\":\"PropertyValueSpecification\",\"valueRequired\":true,\"valueName\":\"search_term_string\"}}],\"inLanguage\":\"en-US\"},{\"@type\":\"Organization\",\"@id\":\"https:\/\/www.kletterretter.com\/#organization\",\"name\":\"KletterRetter\",\"url\":\"https:\/\/www.kletterretter.com\/\",\"logo\":{\"@type\":\"ImageObject\",\"inLanguage\":\"en-US\",\"@id\":\"https:\/\/www.kletterretter.com\/#\/schema\/logo\/image\/\",\"url\":\"https:\/\/www.kletterretter.com\/wp-content\/uploads\/2025\/07\/KR-long-blue-1.png\",\"contentUrl\":\"https:\/\/www.kletterretter.com\/wp-content\/uploads\/2025\/07\/KR-long-blue-1.png\",\"width\":1551,\"height\":348,\"caption\":\"KletterRetter\"},\"image\":{\"@id\":\"https:\/\/www.kletterretter.com\/#\/schema\/logo\/image\/\"},\"sameAs\":[\"http:\/\/www.facebook.com\/kletterretter\",\"http:\/\/www.instagram.com\/kletterretter\",\"http:\/\/linkedin.com\/company\/kletterretter\/\"]}]}<\/script>\n<!-- \/ Yoast SEO plugin. -->","yoast_head_json":{"title":"Chalk-Bag Tube Nat Plus Chein Gum - KletterRetter - Skincare, Chalk &amp; Tape for climbers","robots":{"index":"index","follow":"follow","max-snippet":"max-snippet:-1","max-image-preview":"max-image-preview:large","max-video-preview":"max-video-preview:-1"},"canonical":"https:\/\/www.kletterretter.com\/produkte\/chalkbag-cheingum\/","og_locale":"en_US","og_type":"article","og_title":"Chalk-Bag Tube Nat Plus Chein Gum - KletterRetter - Skincare, Chalk &amp; Tape for climbers","og_description":"\u2713 Staubdicht verschlie\u00dfbar \u2713 Innenfutter aus Fleece \u2713 Mit B\u00fcrstenhalter, Kordelzug und H\u00fcftgurt \u2713 100 % handmade in Barcelona","og_url":"https:\/\/www.kletterretter.com\/produkte\/chalkbag-cheingum\/","og_site_name":"KletterRetter - Skincare, Chalk &amp; Tape for climbers","article_publisher":"http:\/\/www.facebook.com\/kletterretter","article_modified_time":"2026-04-21T09:15:29+00:00","og_image":[{"width":899,"height":899,"url":"https:\/\/www.kletterretter.com\/wp-content\/uploads\/2026\/04\/Tube-Nat-Plus-Chein-Gum.jpg","type":"image\/jpeg"}],"twitter_card":"summary_large_image","twitter_misc":{"Est. reading time":"1 minute"},"schema":{"@context":"https:\/\/schema.org","@graph":[{"@type":"WebPage","@id":"https:\/\/www.kletterretter.com\/produkte\/chalkbag-cheingum\/","url":"https:\/\/www.kletterretter.com\/produkte\/chalkbag-cheingum\/","name":"Chalk-Bag Tube Nat Plus Chein Gum - KletterRetter - Skincare, Chalk &amp; Tape for climbers","isPartOf":{"@id":"https:\/\/www.kletterretter.com\/#website"},"primaryImageOfPage":{"@id":"https:\/\/www.kletterretter.com\/produkte\/chalkbag-cheingum\/#primaryimage"},"image":{"@id":"https:\/\/www.kletterretter.com\/produkte\/chalkbag-cheingum\/#primaryimage"},"thumbnailUrl":"https:\/\/www.kletterretter.com\/wp-content\/uploads\/2026\/04\/Tube-Nat-Plus-Chein-Gum.jpg","datePublished":"2026-04-21T09:09:44+00:00","dateModified":"2026-04-21T09:15:29+00:00","breadcrumb":{"@id":"https:\/\/www.kletterretter.com\/produkte\/chalkbag-cheingum\/#breadcrumb"},"inLanguage":"en-US","potentialAction":[{"@type":"ReadAction","target":["https:\/\/www.kletterretter.com\/produkte\/chalkbag-cheingum\/"]}]},{"@type":"ImageObject","inLanguage":"en-US","@id":"https:\/\/www.kletterretter.com\/produkte\/chalkbag-cheingum\/#primaryimage","url":"https:\/\/www.kletterretter.com\/wp-content\/uploads\/2026\/04\/Tube-Nat-Plus-Chein-Gum.jpg","contentUrl":"https:\/\/www.kletterretter.com\/wp-content\/uploads\/2026\/04\/Tube-Nat-Plus-Chein-Gum.jpg","width":899,"height":899},{"@type":"BreadcrumbList","@id":"https:\/\/www.kletterretter.com\/produkte\/chalkbag-cheingum\/#breadcrumb","itemListElement":[{"@type":"ListItem","position":1,"name":"Startseite","item":"https:\/\/www.kletterretter.com\/en\/"},{"@type":"ListItem","position":2,"name":"Shop","item":"https:\/\/www.kletterretter.com\/en\/products\/"},{"@type":"ListItem","position":3,"name":"Chalk-Bag Tube Nat Plus Chein Gum"}]},{"@type":"WebSite","@id":"https:\/\/www.kletterretter.com\/#website","url":"https:\/\/www.kletterretter.com\/","name":"KletterRetter - Climb more. Climb better.","description":"Every hand tells a story","publisher":{"@id":"https:\/\/www.kletterretter.com\/#organization"},"potentialAction":[{"@type":"SearchAction","target":{"@type":"EntryPoint","urlTemplate":"https:\/\/www.kletterretter.com\/?s={search_term_string}"},"query-input":{"@type":"PropertyValueSpecification","valueRequired":true,"valueName":"search_term_string"}}],"inLanguage":"en-US"},{"@type":"Organization","@id":"https:\/\/www.kletterretter.com\/#organization","name":"KletterRetter","url":"https:\/\/www.kletterretter.com\/","logo":{"@type":"ImageObject","inLanguage":"en-US","@id":"https:\/\/www.kletterretter.com\/#\/schema\/logo\/image\/","url":"https:\/\/www.kletterretter.com\/wp-content\/uploads\/2025\/07\/KR-long-blue-1.png","contentUrl":"https:\/\/www.kletterretter.com\/wp-content\/uploads\/2025\/07\/KR-long-blue-1.png","width":1551,"height":348,"caption":"KletterRetter"},"image":{"@id":"https:\/\/www.kletterretter.com\/#\/schema\/logo\/image\/"},"sameAs":["http:\/\/www.facebook.com\/kletterretter","http:\/\/www.instagram.com\/kletterretter","http:\/\/linkedin.com\/company\/kletterretter\/"]}]}},"_links":{"self":[{"href":"https:\/\/www.kletterretter.com\/en\/wp-json\/wp\/v2\/product\/127646","targetHints":{"allow":["GET"]}}],"collection":[{"href":"https:\/\/www.kletterretter.com\/en\/wp-json\/wp\/v2\/product"}],"about":[{"href":"https:\/\/www.kletterretter.com\/en\/wp-json\/wp\/v2\/types\/product"}],"wp:featuredmedia":[{"embeddable":true,"href":"https:\/\/www.kletterretter.com\/en\/wp-json\/wp\/v2\/media\/127635"}],"wp:attachment":[{"href":"https:\/\/www.kletterretter.com\/en\/wp-json\/wp\/v2\/media?parent=127646"}],"wp:term":[{"taxonomy":"product_brand","embeddable":true,"href":"https:\/\/www.kletterretter.com\/en\/wp-json\/wp\/v2\/product_brand?post=127646"},{"taxonomy":"product_cat","embeddable":true,"href":"https:\/\/www.kletterretter.com\/en\/wp-json\/wp\/v2\/product_cat?post=127646"},{"taxonomy":"product_tag","embeddable":true,"href":"https:\/\/www.kletterretter.com\/en\/wp-json\/wp\/v2\/product_tag?post=127646"}],"curies":[{"name":"wp","href":"https:\/\/api.w.org\/{rel}","templated":true}]}}