{"id":127481,"date":"2026-04-16T11:20:35","date_gmt":"2026-04-16T09:20:35","guid":{"rendered":"https:\/\/www.kletterretter.com\/?post_type=product&#038;p=127481"},"modified":"2026-04-17T12:04:24","modified_gmt":"2026-04-17T10:04:24","slug":"so-ill-step-kletterschuhe","status":"publish","type":"product","link":"https:\/\/www.kletterretter.com\/en\/product\/so-ill-step-kletterschuhe\/","title":{"rendered":"So iLL Step Kletterschuhe"},"content":{"rendered":"<p><strong>Von Profikletterern entwickelt.<\/strong><\/p>\n<p>Der Step ist ein Boulderschuh f\u00fcr Einsteiger und Intermediates. Die flache Form sorgt f\u00fcr hohen Komfort, w\u00e4hrend die leichte Vorspannung erste technische Fortschritte unterst\u00fctzt. Der einfache Verschluss und die stabile Konstruktion machen ihn ideal f\u00fcr lange Trainingseinheiten und den Einstieg ins in den Klettersport.<\/p>\n<p>Die Zwischensohle besteht aus einer gepressten Faserplatte, die sich von der Zehenbox bis zur Ferse erstreckt und f\u00fcr Steifigkeit sowie Unterst\u00fctzung sorgt und dem Fu\u00df auch auf kleineren Tritten Unterst\u00fctzung bietet, ohne unbequem zu sein.<\/p>\n<p>Hinweis: So iLL-Schuhe fallen klein aus: F\u00fcr eine komfortable Passform, 1,5 Gr\u00f6\u00dfen \u00fcber EU-Stra\u00dfenschuhgr\u00f6\u00dfe w\u00e4hlen, f\u00fcr eine enge Passform 1 Gr\u00f6\u00dfe \u00fcber EU-Stra\u00dfenschuhgr\u00f6\u00dfe w\u00e4hlen.<\/p>\n","protected":false},"excerpt":{"rendered":"<p><strong>\u2713 F\u00fcr Einsteiger, die mehr wollen<br \/>\n\u2713 Komfortorientiertes Design<br \/>\n\u2713 Komplett vegan dank Microsuede-Obermaterial<br \/>\n\u2713 Fu\u00dfsupport dank steiferer Zwischensohle<br \/>\n\u2713 Ideal f\u00fcr Einsteiger und Intermediates<\/strong><\/p>\n","protected":false},"featured_media":127488,"template":"","meta":[],"product_brand":[],"product_cat":[915,18],"product_tag":[],"class_list":{"0":"post-127481","1":"product","2":"type-product","3":"status-publish","4":"has-post-thumbnail","6":"product_cat-so-ill","7":"product_cat-training-und-peformance","9":"first","10":"instock","11":"taxable","12":"shipping-taxable","13":"purchasable","14":"product-type-variable"},"yoast_head":"<!-- This site is optimized with the Yoast SEO plugin v27.1.1 - https:\/\/yoast.com\/product\/yoast-seo-wordpress\/ -->\n<title>So iLL Step Kletterschuhe - KletterRetter - Skincare, Chalk &amp; Tape for climbers<\/title>\n<meta name=\"robots\" content=\"index, follow, max-snippet:-1, max-image-preview:large, max-video-preview:-1\" \/>\n<link rel=\"canonical\" href=\"https:\/\/www.kletterretter.com\/produkte\/so-ill-step-kletterschuhe\/\" \/>\n<meta property=\"og:locale\" content=\"en_US\" \/>\n<meta property=\"og:type\" content=\"article\" \/>\n<meta property=\"og:title\" content=\"So iLL Step Kletterschuhe - KletterRetter - Skincare, Chalk &amp; Tape for climbers\" \/>\n<meta property=\"og:description\" content=\"\u2713 F\u00fcr Einsteiger, die mehr wollen \u2713 Komfortorientiertes Design \u2713 Komplett vegan dank Microsuede-Obermaterial \u2713 Fu\u00dfsupport dank steiferer Zwischensohle \u2713 Ideal f\u00fcr Einsteiger und Intermediates\" \/>\n<meta property=\"og:url\" content=\"https:\/\/www.kletterretter.com\/produkte\/so-ill-step-kletterschuhe\/\" \/>\n<meta property=\"og:site_name\" content=\"KletterRetter - Skincare, Chalk &amp; Tape for climbers\" \/>\n<meta property=\"article:publisher\" content=\"http:\/\/www.facebook.com\/kletterretter\" \/>\n<meta property=\"article:modified_time\" content=\"2026-04-17T10:04:24+00:00\" \/>\n<meta property=\"og:image\" content=\"https:\/\/www.kletterretter.com\/wp-content\/uploads\/2026\/04\/Step-Product_S1750149-scaled.png\" \/>\n\t<meta property=\"og:image:width\" content=\"2048\" \/>\n\t<meta property=\"og:image:height\" content=\"2560\" \/>\n\t<meta property=\"og:image:type\" content=\"image\/png\" \/>\n<meta name=\"twitter:card\" content=\"summary_large_image\" \/>\n<meta name=\"twitter:label1\" content=\"Est. reading time\" \/>\n\t<meta name=\"twitter:data1\" content=\"1 minute\" \/>\n<script type=\"application\/ld+json\" class=\"yoast-schema-graph\">{\"@context\":\"https:\/\/schema.org\",\"@graph\":[{\"@type\":\"WebPage\",\"@id\":\"https:\/\/www.kletterretter.com\/produkte\/so-ill-step-kletterschuhe\/\",\"url\":\"https:\/\/www.kletterretter.com\/produkte\/so-ill-step-kletterschuhe\/\",\"name\":\"So iLL Step Kletterschuhe - KletterRetter - Skincare, Chalk &amp; Tape for climbers\",\"isPartOf\":{\"@id\":\"https:\/\/www.kletterretter.com\/#website\"},\"primaryImageOfPage\":{\"@id\":\"https:\/\/www.kletterretter.com\/produkte\/so-ill-step-kletterschuhe\/#primaryimage\"},\"image\":{\"@id\":\"https:\/\/www.kletterretter.com\/produkte\/so-ill-step-kletterschuhe\/#primaryimage\"},\"thumbnailUrl\":\"https:\/\/www.kletterretter.com\/wp-content\/uploads\/2026\/04\/Step-Product_S1750149-scaled.png\",\"datePublished\":\"2026-04-16T09:20:35+00:00\",\"dateModified\":\"2026-04-17T10:04:24+00:00\",\"breadcrumb\":{\"@id\":\"https:\/\/www.kletterretter.com\/produkte\/so-ill-step-kletterschuhe\/#breadcrumb\"},\"inLanguage\":\"en-US\",\"potentialAction\":[{\"@type\":\"ReadAction\",\"target\":[\"https:\/\/www.kletterretter.com\/produkte\/so-ill-step-kletterschuhe\/\"]}]},{\"@type\":\"ImageObject\",\"inLanguage\":\"en-US\",\"@id\":\"https:\/\/www.kletterretter.com\/produkte\/so-ill-step-kletterschuhe\/#primaryimage\",\"url\":\"https:\/\/www.kletterretter.com\/wp-content\/uploads\/2026\/04\/Step-Product_S1750149-scaled.png\",\"contentUrl\":\"https:\/\/www.kletterretter.com\/wp-content\/uploads\/2026\/04\/Step-Product_S1750149-scaled.png\",\"width\":2048,\"height\":2560},{\"@type\":\"BreadcrumbList\",\"@id\":\"https:\/\/www.kletterretter.com\/produkte\/so-ill-step-kletterschuhe\/#breadcrumb\",\"itemListElement\":[{\"@type\":\"ListItem\",\"position\":1,\"name\":\"Startseite\",\"item\":\"https:\/\/www.kletterretter.com\/en\/\"},{\"@type\":\"ListItem\",\"position\":2,\"name\":\"Shop\",\"item\":\"https:\/\/www.kletterretter.com\/en\/products\/\"},{\"@type\":\"ListItem\",\"position\":3,\"name\":\"So iLL Step Kletterschuhe\"}]},{\"@type\":\"WebSite\",\"@id\":\"https:\/\/www.kletterretter.com\/#website\",\"url\":\"https:\/\/www.kletterretter.com\/\",\"name\":\"KletterRetter - Climb more. Climb better.\",\"description\":\"Every hand tells a story\",\"publisher\":{\"@id\":\"https:\/\/www.kletterretter.com\/#organization\"},\"potentialAction\":[{\"@type\":\"SearchAction\",\"target\":{\"@type\":\"EntryPoint\",\"urlTemplate\":\"https:\/\/www.kletterretter.com\/?s={search_term_string}\"},\"query-input\":{\"@type\":\"PropertyValueSpecification\",\"valueRequired\":true,\"valueName\":\"search_term_string\"}}],\"inLanguage\":\"en-US\"},{\"@type\":\"Organization\",\"@id\":\"https:\/\/www.kletterretter.com\/#organization\",\"name\":\"KletterRetter\",\"url\":\"https:\/\/www.kletterretter.com\/\",\"logo\":{\"@type\":\"ImageObject\",\"inLanguage\":\"en-US\",\"@id\":\"https:\/\/www.kletterretter.com\/#\/schema\/logo\/image\/\",\"url\":\"https:\/\/www.kletterretter.com\/wp-content\/uploads\/2025\/07\/KR-long-blue-1.png\",\"contentUrl\":\"https:\/\/www.kletterretter.com\/wp-content\/uploads\/2025\/07\/KR-long-blue-1.png\",\"width\":1551,\"height\":348,\"caption\":\"KletterRetter\"},\"image\":{\"@id\":\"https:\/\/www.kletterretter.com\/#\/schema\/logo\/image\/\"},\"sameAs\":[\"http:\/\/www.facebook.com\/kletterretter\",\"http:\/\/www.instagram.com\/kletterretter\",\"http:\/\/linkedin.com\/company\/kletterretter\/\"]}]}<\/script>\n<!-- \/ Yoast SEO plugin. -->","yoast_head_json":{"title":"So iLL Step Kletterschuhe - KletterRetter - Skincare, Chalk &amp; Tape for climbers","robots":{"index":"index","follow":"follow","max-snippet":"max-snippet:-1","max-image-preview":"max-image-preview:large","max-video-preview":"max-video-preview:-1"},"canonical":"https:\/\/www.kletterretter.com\/produkte\/so-ill-step-kletterschuhe\/","og_locale":"en_US","og_type":"article","og_title":"So iLL Step Kletterschuhe - KletterRetter - Skincare, Chalk &amp; Tape for climbers","og_description":"\u2713 F\u00fcr Einsteiger, die mehr wollen \u2713 Komfortorientiertes Design \u2713 Komplett vegan dank Microsuede-Obermaterial \u2713 Fu\u00dfsupport dank steiferer Zwischensohle \u2713 Ideal f\u00fcr Einsteiger und Intermediates","og_url":"https:\/\/www.kletterretter.com\/produkte\/so-ill-step-kletterschuhe\/","og_site_name":"KletterRetter - Skincare, Chalk &amp; Tape for climbers","article_publisher":"http:\/\/www.facebook.com\/kletterretter","article_modified_time":"2026-04-17T10:04:24+00:00","og_image":[{"width":2048,"height":2560,"url":"https:\/\/www.kletterretter.com\/wp-content\/uploads\/2026\/04\/Step-Product_S1750149-scaled.png","type":"image\/png"}],"twitter_card":"summary_large_image","twitter_misc":{"Est. reading time":"1 minute"},"schema":{"@context":"https:\/\/schema.org","@graph":[{"@type":"WebPage","@id":"https:\/\/www.kletterretter.com\/produkte\/so-ill-step-kletterschuhe\/","url":"https:\/\/www.kletterretter.com\/produkte\/so-ill-step-kletterschuhe\/","name":"So iLL Step Kletterschuhe - KletterRetter - Skincare, Chalk &amp; Tape for climbers","isPartOf":{"@id":"https:\/\/www.kletterretter.com\/#website"},"primaryImageOfPage":{"@id":"https:\/\/www.kletterretter.com\/produkte\/so-ill-step-kletterschuhe\/#primaryimage"},"image":{"@id":"https:\/\/www.kletterretter.com\/produkte\/so-ill-step-kletterschuhe\/#primaryimage"},"thumbnailUrl":"https:\/\/www.kletterretter.com\/wp-content\/uploads\/2026\/04\/Step-Product_S1750149-scaled.png","datePublished":"2026-04-16T09:20:35+00:00","dateModified":"2026-04-17T10:04:24+00:00","breadcrumb":{"@id":"https:\/\/www.kletterretter.com\/produkte\/so-ill-step-kletterschuhe\/#breadcrumb"},"inLanguage":"en-US","potentialAction":[{"@type":"ReadAction","target":["https:\/\/www.kletterretter.com\/produkte\/so-ill-step-kletterschuhe\/"]}]},{"@type":"ImageObject","inLanguage":"en-US","@id":"https:\/\/www.kletterretter.com\/produkte\/so-ill-step-kletterschuhe\/#primaryimage","url":"https:\/\/www.kletterretter.com\/wp-content\/uploads\/2026\/04\/Step-Product_S1750149-scaled.png","contentUrl":"https:\/\/www.kletterretter.com\/wp-content\/uploads\/2026\/04\/Step-Product_S1750149-scaled.png","width":2048,"height":2560},{"@type":"BreadcrumbList","@id":"https:\/\/www.kletterretter.com\/produkte\/so-ill-step-kletterschuhe\/#breadcrumb","itemListElement":[{"@type":"ListItem","position":1,"name":"Startseite","item":"https:\/\/www.kletterretter.com\/en\/"},{"@type":"ListItem","position":2,"name":"Shop","item":"https:\/\/www.kletterretter.com\/en\/products\/"},{"@type":"ListItem","position":3,"name":"So iLL Step Kletterschuhe"}]},{"@type":"WebSite","@id":"https:\/\/www.kletterretter.com\/#website","url":"https:\/\/www.kletterretter.com\/","name":"KletterRetter - Climb more. Climb better.","description":"Every hand tells a story","publisher":{"@id":"https:\/\/www.kletterretter.com\/#organization"},"potentialAction":[{"@type":"SearchAction","target":{"@type":"EntryPoint","urlTemplate":"https:\/\/www.kletterretter.com\/?s={search_term_string}"},"query-input":{"@type":"PropertyValueSpecification","valueRequired":true,"valueName":"search_term_string"}}],"inLanguage":"en-US"},{"@type":"Organization","@id":"https:\/\/www.kletterretter.com\/#organization","name":"KletterRetter","url":"https:\/\/www.kletterretter.com\/","logo":{"@type":"ImageObject","inLanguage":"en-US","@id":"https:\/\/www.kletterretter.com\/#\/schema\/logo\/image\/","url":"https:\/\/www.kletterretter.com\/wp-content\/uploads\/2025\/07\/KR-long-blue-1.png","contentUrl":"https:\/\/www.kletterretter.com\/wp-content\/uploads\/2025\/07\/KR-long-blue-1.png","width":1551,"height":348,"caption":"KletterRetter"},"image":{"@id":"https:\/\/www.kletterretter.com\/#\/schema\/logo\/image\/"},"sameAs":["http:\/\/www.facebook.com\/kletterretter","http:\/\/www.instagram.com\/kletterretter","http:\/\/linkedin.com\/company\/kletterretter\/"]}]}},"_links":{"self":[{"href":"https:\/\/www.kletterretter.com\/en\/wp-json\/wp\/v2\/product\/127481","targetHints":{"allow":["GET"]}}],"collection":[{"href":"https:\/\/www.kletterretter.com\/en\/wp-json\/wp\/v2\/product"}],"about":[{"href":"https:\/\/www.kletterretter.com\/en\/wp-json\/wp\/v2\/types\/product"}],"wp:featuredmedia":[{"embeddable":true,"href":"https:\/\/www.kletterretter.com\/en\/wp-json\/wp\/v2\/media\/127488"}],"wp:attachment":[{"href":"https:\/\/www.kletterretter.com\/en\/wp-json\/wp\/v2\/media?parent=127481"}],"wp:term":[{"taxonomy":"product_brand","embeddable":true,"href":"https:\/\/www.kletterretter.com\/en\/wp-json\/wp\/v2\/product_brand?post=127481"},{"taxonomy":"product_cat","embeddable":true,"href":"https:\/\/www.kletterretter.com\/en\/wp-json\/wp\/v2\/product_cat?post=127481"},{"taxonomy":"product_tag","embeddable":true,"href":"https:\/\/www.kletterretter.com\/en\/wp-json\/wp\/v2\/product_tag?post=127481"}],"curies":[{"name":"wp","href":"https:\/\/api.w.org\/{rel}","templated":true}]}}