{"id":127456,"date":"2026-04-16T11:13:07","date_gmt":"2026-04-16T09:13:07","guid":{"rendered":"https:\/\/www.kletterretter.com\/?post_type=product&#038;p=127456"},"modified":"2026-04-22T09:35:37","modified_gmt":"2026-04-22T07:35:37","slug":"so-ill-torque-lv-kletterschuhe","status":"publish","type":"product","link":"https:\/\/www.kletterretter.com\/en\/product\/so-ill-torque-lv-kletterschuhe\/","title":{"rendered":"So iLL Torque LV Kletterschuhe"},"content":{"rendered":"<p><strong>Design by Fred Nicole.<\/strong><\/p>\n<p>Der Torque LV ist ein Hochleistungs-Kletterschuh f\u00fcr steiles und technisch anspruchsvolles Gel\u00e4nde, im Schwerpunkt beim Bouldern. Die aggressive Form und die speziell entwickelte Mittelsohle erm\u00f6glichen maximale Kraft\u00fcbertragung bei gleichzeitig hoher Sensibilit\u00e4t. Der Klettverschluss sorgt f\u00fcr einen sicheren Sitz, w\u00e4hrend Ferse und Zehenbereich optimal f\u00fcr anspruchsvolle Hooks ausgelegt sind.<\/p>\n<p>Das vegane Obermaterial aus Microsuede bietet Komfort und ist sehr widerstandsf\u00e4hig, w\u00e4hrend die Vibram XS Grip-Sohle langlebig und formstabil ist sowie f\u00fcr beste Reibung auf allen Oberfl\u00e4chen sorgt.<\/p>\n<p><strong>Hinweis: So iLL-Schuhe fallen klein aus: F\u00fcr eine komfortable Passform, 0,5-1 Schuhgr\u00f6\u00dfe \u00fcber EU-Stra\u00dfenschuhgr\u00f6\u00dfe w\u00e4hlen, f\u00fcr eine sehr enge Passform EU-Stra\u00dfenschuhgr\u00f6\u00dfe w\u00e4hlen.<\/strong><\/p>\n","protected":false},"excerpt":{"rendered":"<p><strong>\u2713 Der High-Performance Kletterschuh mit angenehmen Fit<br \/>\n\u2713 Vibram XS Grip Gummi f\u00fcr maximale Performance<br \/>\n\u2713 Komplett vegan dank Microsuede-Obermaterial<br \/>\n\u2713 Pr\u00e4zise Zehenbox &amp; f\u00fcr Heel Hooks optimierte Ferse<br \/>\n\u2713 \u201cMountain goat\u201d-Mittelsohle f\u00fcr Kraft &amp; Flexibilit\u00e4t<\/strong><\/p>\n","protected":false},"featured_media":127513,"template":"","meta":[],"product_brand":[],"product_cat":[915,18],"product_tag":[],"class_list":{"0":"post-127456","1":"product","2":"type-product","3":"status-publish","4":"has-post-thumbnail","6":"product_cat-so-ill","7":"product_cat-training-und-peformance","9":"first","10":"instock","11":"taxable","12":"shipping-taxable","13":"purchasable","14":"product-type-variable"},"yoast_head":"<!-- This site is optimized with the Yoast SEO plugin v27.1.1 - https:\/\/yoast.com\/product\/yoast-seo-wordpress\/ -->\n<title>So iLL Torque LV Kletterschuhe - KletterRetter - Skincare, Chalk &amp; Tape for climbers<\/title>\n<meta name=\"robots\" content=\"index, follow, max-snippet:-1, max-image-preview:large, max-video-preview:-1\" \/>\n<link rel=\"canonical\" href=\"https:\/\/www.kletterretter.com\/produkte\/so-ill-torque-lv-kletterschuhe\/\" \/>\n<meta property=\"og:locale\" content=\"en_US\" \/>\n<meta property=\"og:type\" content=\"article\" \/>\n<meta property=\"og:title\" content=\"So iLL Torque LV Kletterschuhe - KletterRetter - Skincare, Chalk &amp; Tape for climbers\" \/>\n<meta property=\"og:description\" content=\"\u2713 Der High-Performance Kletterschuh mit angenehmen Fit \u2713 Vibram XS Grip Gummi f\u00fcr maximale Performance \u2713 Komplett vegan dank Microsuede-Obermaterial \u2713 Pr\u00e4zise Zehenbox &amp; f\u00fcr Heel Hooks optimierte Ferse \u2713 \u201cMountain goat\u201d-Mittelsohle f\u00fcr Kraft &amp; Flexibilit\u00e4t\" \/>\n<meta property=\"og:url\" content=\"https:\/\/www.kletterretter.com\/produkte\/so-ill-torque-lv-kletterschuhe\/\" \/>\n<meta property=\"og:site_name\" content=\"KletterRetter - Skincare, Chalk &amp; Tape for climbers\" \/>\n<meta property=\"article:publisher\" content=\"http:\/\/www.facebook.com\/kletterretter\" \/>\n<meta property=\"article:modified_time\" content=\"2026-04-22T07:35:37+00:00\" \/>\n<meta property=\"og:image\" content=\"https:\/\/www.kletterretter.com\/wp-content\/uploads\/2026\/04\/torque-lv-so-ill-m-45-w-6-so-ill-541586_2048x-1.webp\" \/>\n\t<meta property=\"og:image:width\" content=\"1440\" \/>\n\t<meta property=\"og:image:height\" content=\"1800\" \/>\n\t<meta property=\"og:image:type\" content=\"image\/webp\" \/>\n<meta name=\"twitter:card\" content=\"summary_large_image\" \/>\n<meta name=\"twitter:label1\" content=\"Est. reading time\" \/>\n\t<meta name=\"twitter:data1\" content=\"1 minute\" \/>\n<script type=\"application\/ld+json\" class=\"yoast-schema-graph\">{\"@context\":\"https:\/\/schema.org\",\"@graph\":[{\"@type\":\"WebPage\",\"@id\":\"https:\/\/www.kletterretter.com\/produkte\/so-ill-torque-lv-kletterschuhe\/\",\"url\":\"https:\/\/www.kletterretter.com\/produkte\/so-ill-torque-lv-kletterschuhe\/\",\"name\":\"So iLL Torque LV Kletterschuhe - KletterRetter - Skincare, Chalk &amp; Tape for climbers\",\"isPartOf\":{\"@id\":\"https:\/\/www.kletterretter.com\/#website\"},\"primaryImageOfPage\":{\"@id\":\"https:\/\/www.kletterretter.com\/produkte\/so-ill-torque-lv-kletterschuhe\/#primaryimage\"},\"image\":{\"@id\":\"https:\/\/www.kletterretter.com\/produkte\/so-ill-torque-lv-kletterschuhe\/#primaryimage\"},\"thumbnailUrl\":\"https:\/\/www.kletterretter.com\/wp-content\/uploads\/2026\/04\/torque-lv-so-ill-m-45-w-6-so-ill-541586_2048x-1.webp\",\"datePublished\":\"2026-04-16T09:13:07+00:00\",\"dateModified\":\"2026-04-22T07:35:37+00:00\",\"breadcrumb\":{\"@id\":\"https:\/\/www.kletterretter.com\/produkte\/so-ill-torque-lv-kletterschuhe\/#breadcrumb\"},\"inLanguage\":\"en-US\",\"potentialAction\":[{\"@type\":\"ReadAction\",\"target\":[\"https:\/\/www.kletterretter.com\/produkte\/so-ill-torque-lv-kletterschuhe\/\"]}]},{\"@type\":\"ImageObject\",\"inLanguage\":\"en-US\",\"@id\":\"https:\/\/www.kletterretter.com\/produkte\/so-ill-torque-lv-kletterschuhe\/#primaryimage\",\"url\":\"https:\/\/www.kletterretter.com\/wp-content\/uploads\/2026\/04\/torque-lv-so-ill-m-45-w-6-so-ill-541586_2048x-1.webp\",\"contentUrl\":\"https:\/\/www.kletterretter.com\/wp-content\/uploads\/2026\/04\/torque-lv-so-ill-m-45-w-6-so-ill-541586_2048x-1.webp\",\"width\":1440,\"height\":1800},{\"@type\":\"BreadcrumbList\",\"@id\":\"https:\/\/www.kletterretter.com\/produkte\/so-ill-torque-lv-kletterschuhe\/#breadcrumb\",\"itemListElement\":[{\"@type\":\"ListItem\",\"position\":1,\"name\":\"Startseite\",\"item\":\"https:\/\/www.kletterretter.com\/en\/\"},{\"@type\":\"ListItem\",\"position\":2,\"name\":\"Shop\",\"item\":\"https:\/\/www.kletterretter.com\/en\/products\/\"},{\"@type\":\"ListItem\",\"position\":3,\"name\":\"So iLL Torque LV Kletterschuhe\"}]},{\"@type\":\"WebSite\",\"@id\":\"https:\/\/www.kletterretter.com\/#website\",\"url\":\"https:\/\/www.kletterretter.com\/\",\"name\":\"KletterRetter - Climb more. Climb better.\",\"description\":\"Every hand tells a story\",\"publisher\":{\"@id\":\"https:\/\/www.kletterretter.com\/#organization\"},\"potentialAction\":[{\"@type\":\"SearchAction\",\"target\":{\"@type\":\"EntryPoint\",\"urlTemplate\":\"https:\/\/www.kletterretter.com\/?s={search_term_string}\"},\"query-input\":{\"@type\":\"PropertyValueSpecification\",\"valueRequired\":true,\"valueName\":\"search_term_string\"}}],\"inLanguage\":\"en-US\"},{\"@type\":\"Organization\",\"@id\":\"https:\/\/www.kletterretter.com\/#organization\",\"name\":\"KletterRetter\",\"url\":\"https:\/\/www.kletterretter.com\/\",\"logo\":{\"@type\":\"ImageObject\",\"inLanguage\":\"en-US\",\"@id\":\"https:\/\/www.kletterretter.com\/#\/schema\/logo\/image\/\",\"url\":\"https:\/\/www.kletterretter.com\/wp-content\/uploads\/2025\/07\/KR-long-blue-1.png\",\"contentUrl\":\"https:\/\/www.kletterretter.com\/wp-content\/uploads\/2025\/07\/KR-long-blue-1.png\",\"width\":1551,\"height\":348,\"caption\":\"KletterRetter\"},\"image\":{\"@id\":\"https:\/\/www.kletterretter.com\/#\/schema\/logo\/image\/\"},\"sameAs\":[\"http:\/\/www.facebook.com\/kletterretter\",\"http:\/\/www.instagram.com\/kletterretter\",\"http:\/\/linkedin.com\/company\/kletterretter\/\"]}]}<\/script>\n<!-- \/ Yoast SEO plugin. -->","yoast_head_json":{"title":"So iLL Torque LV Kletterschuhe - KletterRetter - Skincare, Chalk &amp; Tape for climbers","robots":{"index":"index","follow":"follow","max-snippet":"max-snippet:-1","max-image-preview":"max-image-preview:large","max-video-preview":"max-video-preview:-1"},"canonical":"https:\/\/www.kletterretter.com\/produkte\/so-ill-torque-lv-kletterschuhe\/","og_locale":"en_US","og_type":"article","og_title":"So iLL Torque LV Kletterschuhe - KletterRetter - Skincare, Chalk &amp; Tape for climbers","og_description":"\u2713 Der High-Performance Kletterschuh mit angenehmen Fit \u2713 Vibram XS Grip Gummi f\u00fcr maximale Performance \u2713 Komplett vegan dank Microsuede-Obermaterial \u2713 Pr\u00e4zise Zehenbox &amp; f\u00fcr Heel Hooks optimierte Ferse \u2713 \u201cMountain goat\u201d-Mittelsohle f\u00fcr Kraft &amp; Flexibilit\u00e4t","og_url":"https:\/\/www.kletterretter.com\/produkte\/so-ill-torque-lv-kletterschuhe\/","og_site_name":"KletterRetter - Skincare, Chalk &amp; Tape for climbers","article_publisher":"http:\/\/www.facebook.com\/kletterretter","article_modified_time":"2026-04-22T07:35:37+00:00","og_image":[{"width":1440,"height":1800,"url":"https:\/\/www.kletterretter.com\/wp-content\/uploads\/2026\/04\/torque-lv-so-ill-m-45-w-6-so-ill-541586_2048x-1.webp","type":"image\/webp"}],"twitter_card":"summary_large_image","twitter_misc":{"Est. reading time":"1 minute"},"schema":{"@context":"https:\/\/schema.org","@graph":[{"@type":"WebPage","@id":"https:\/\/www.kletterretter.com\/produkte\/so-ill-torque-lv-kletterschuhe\/","url":"https:\/\/www.kletterretter.com\/produkte\/so-ill-torque-lv-kletterschuhe\/","name":"So iLL Torque LV Kletterschuhe - KletterRetter - Skincare, Chalk &amp; Tape for climbers","isPartOf":{"@id":"https:\/\/www.kletterretter.com\/#website"},"primaryImageOfPage":{"@id":"https:\/\/www.kletterretter.com\/produkte\/so-ill-torque-lv-kletterschuhe\/#primaryimage"},"image":{"@id":"https:\/\/www.kletterretter.com\/produkte\/so-ill-torque-lv-kletterschuhe\/#primaryimage"},"thumbnailUrl":"https:\/\/www.kletterretter.com\/wp-content\/uploads\/2026\/04\/torque-lv-so-ill-m-45-w-6-so-ill-541586_2048x-1.webp","datePublished":"2026-04-16T09:13:07+00:00","dateModified":"2026-04-22T07:35:37+00:00","breadcrumb":{"@id":"https:\/\/www.kletterretter.com\/produkte\/so-ill-torque-lv-kletterschuhe\/#breadcrumb"},"inLanguage":"en-US","potentialAction":[{"@type":"ReadAction","target":["https:\/\/www.kletterretter.com\/produkte\/so-ill-torque-lv-kletterschuhe\/"]}]},{"@type":"ImageObject","inLanguage":"en-US","@id":"https:\/\/www.kletterretter.com\/produkte\/so-ill-torque-lv-kletterschuhe\/#primaryimage","url":"https:\/\/www.kletterretter.com\/wp-content\/uploads\/2026\/04\/torque-lv-so-ill-m-45-w-6-so-ill-541586_2048x-1.webp","contentUrl":"https:\/\/www.kletterretter.com\/wp-content\/uploads\/2026\/04\/torque-lv-so-ill-m-45-w-6-so-ill-541586_2048x-1.webp","width":1440,"height":1800},{"@type":"BreadcrumbList","@id":"https:\/\/www.kletterretter.com\/produkte\/so-ill-torque-lv-kletterschuhe\/#breadcrumb","itemListElement":[{"@type":"ListItem","position":1,"name":"Startseite","item":"https:\/\/www.kletterretter.com\/en\/"},{"@type":"ListItem","position":2,"name":"Shop","item":"https:\/\/www.kletterretter.com\/en\/products\/"},{"@type":"ListItem","position":3,"name":"So iLL Torque LV Kletterschuhe"}]},{"@type":"WebSite","@id":"https:\/\/www.kletterretter.com\/#website","url":"https:\/\/www.kletterretter.com\/","name":"KletterRetter - Climb more. Climb better.","description":"Every hand tells a story","publisher":{"@id":"https:\/\/www.kletterretter.com\/#organization"},"potentialAction":[{"@type":"SearchAction","target":{"@type":"EntryPoint","urlTemplate":"https:\/\/www.kletterretter.com\/?s={search_term_string}"},"query-input":{"@type":"PropertyValueSpecification","valueRequired":true,"valueName":"search_term_string"}}],"inLanguage":"en-US"},{"@type":"Organization","@id":"https:\/\/www.kletterretter.com\/#organization","name":"KletterRetter","url":"https:\/\/www.kletterretter.com\/","logo":{"@type":"ImageObject","inLanguage":"en-US","@id":"https:\/\/www.kletterretter.com\/#\/schema\/logo\/image\/","url":"https:\/\/www.kletterretter.com\/wp-content\/uploads\/2025\/07\/KR-long-blue-1.png","contentUrl":"https:\/\/www.kletterretter.com\/wp-content\/uploads\/2025\/07\/KR-long-blue-1.png","width":1551,"height":348,"caption":"KletterRetter"},"image":{"@id":"https:\/\/www.kletterretter.com\/#\/schema\/logo\/image\/"},"sameAs":["http:\/\/www.facebook.com\/kletterretter","http:\/\/www.instagram.com\/kletterretter","http:\/\/linkedin.com\/company\/kletterretter\/"]}]}},"_links":{"self":[{"href":"https:\/\/www.kletterretter.com\/en\/wp-json\/wp\/v2\/product\/127456","targetHints":{"allow":["GET"]}}],"collection":[{"href":"https:\/\/www.kletterretter.com\/en\/wp-json\/wp\/v2\/product"}],"about":[{"href":"https:\/\/www.kletterretter.com\/en\/wp-json\/wp\/v2\/types\/product"}],"wp:featuredmedia":[{"embeddable":true,"href":"https:\/\/www.kletterretter.com\/en\/wp-json\/wp\/v2\/media\/127513"}],"wp:attachment":[{"href":"https:\/\/www.kletterretter.com\/en\/wp-json\/wp\/v2\/media?parent=127456"}],"wp:term":[{"taxonomy":"product_brand","embeddable":true,"href":"https:\/\/www.kletterretter.com\/en\/wp-json\/wp\/v2\/product_brand?post=127456"},{"taxonomy":"product_cat","embeddable":true,"href":"https:\/\/www.kletterretter.com\/en\/wp-json\/wp\/v2\/product_cat?post=127456"},{"taxonomy":"product_tag","embeddable":true,"href":"https:\/\/www.kletterretter.com\/en\/wp-json\/wp\/v2\/product_tag?post=127456"}],"curies":[{"name":"wp","href":"https:\/\/api.w.org\/{rel}","templated":true}]}}