{"id":127404,"date":"2026-04-16T10:35:27","date_gmt":"2026-04-16T08:35:27","guid":{"rendered":"https:\/\/www.kletterretter.com\/?post_type=product&#038;p=127404"},"modified":"2026-04-22T09:36:05","modified_gmt":"2026-04-22T07:36:05","slug":"so-ill-street-rv-kletterschuhe","status":"publish","type":"product","link":"https:\/\/www.kletterretter.com\/en\/product\/so-ill-street-rv-kletterschuhe\/","title":{"rendered":"So iLL Street RV Kletterschuhe"},"content":{"rendered":"<p><strong>F\u00fcr alle die mehr wollen.<\/strong><\/p>\n<p>Der Street ist ein vielseitiger Kletterschuh, der Komfort und Performance kombiniert. Mit moderater Vorspannung und flexibler Bauweise eignet er sich f\u00fcr verschiedene Einsatzbereiche, von der Halle bis zum Fels. Der Doppelverschluss sorgt f\u00fcr Stabilit\u00e4t, w\u00e4hrend die geteilte Sohle Flexibilit\u00e4t und Grip bietet.<\/p>\n<p>Als idealer Schuh f\u00fcr mittlere bis fortgeschrittene Kletterer bietet der Street ein einzigartiges Preisleistungsverh\u00e4ltnis.<\/p>\n<p><strong>Hinweis: So iLL-Schuhe fallen klein aus: F\u00fcr eine komfortable Passform, 0,5-1 Schuhgr\u00f6\u00dfe \u00fcber EU-Stra\u00dfenschuhgr\u00f6\u00dfe w\u00e4hlen, f\u00fcr eine sehr enge Passform EU-Stra\u00dfenschuhgr\u00f6\u00dfe w\u00e4hlen.<\/strong><\/p>\n","protected":false},"excerpt":{"rendered":"<p><strong>\u2713 Viel Leistung f\u00fcr einen exzellenten Preis<br \/>\n\u2713 Mittlere Vorspannung<br \/>\n\u2713 Komplett vegan dank Microsuede-Obermaterial<br \/>\n\u2713 Mit Vibram XS Grip Sohle f\u00fcr ausgezeichneten Grip<br \/>\n\u2713 Perfekt f\u00fcr Intermediates und Fortgeschrittene<\/strong><\/p>\n","protected":false},"featured_media":127410,"template":"","meta":[],"product_brand":[],"product_cat":[915,18],"product_tag":[],"class_list":{"0":"post-127404","1":"product","2":"type-product","3":"status-publish","4":"has-post-thumbnail","6":"product_cat-so-ill","7":"product_cat-training-und-peformance","9":"first","10":"instock","11":"taxable","12":"shipping-taxable","13":"purchasable","14":"product-type-variable"},"yoast_head":"<!-- This site is optimized with the Yoast SEO plugin v27.1.1 - https:\/\/yoast.com\/product\/yoast-seo-wordpress\/ -->\n<title>So iLL Street RV Kletterschuhe - KletterRetter - Skincare, Chalk &amp; Tape for climbers<\/title>\n<meta name=\"robots\" content=\"index, follow, max-snippet:-1, max-image-preview:large, max-video-preview:-1\" \/>\n<link rel=\"canonical\" href=\"https:\/\/www.kletterretter.com\/produkte\/so-ill-street-rv-kletterschuhe\/\" \/>\n<meta property=\"og:locale\" content=\"en_US\" \/>\n<meta property=\"og:type\" content=\"article\" \/>\n<meta property=\"og:title\" content=\"So iLL Street RV Kletterschuhe - KletterRetter - Skincare, Chalk &amp; Tape for climbers\" \/>\n<meta property=\"og:description\" content=\"\u2713 Viel Leistung f\u00fcr einen exzellenten Preis \u2713 Mittlere Vorspannung \u2713 Komplett vegan dank Microsuede-Obermaterial \u2713 Mit Vibram XS Grip Sohle f\u00fcr ausgezeichneten Grip \u2713 Perfekt f\u00fcr Intermediates und Fortgeschrittene\" \/>\n<meta property=\"og:url\" content=\"https:\/\/www.kletterretter.com\/produkte\/so-ill-street-rv-kletterschuhe\/\" \/>\n<meta property=\"og:site_name\" content=\"KletterRetter - Skincare, Chalk &amp; Tape for climbers\" \/>\n<meta property=\"article:publisher\" content=\"http:\/\/www.facebook.com\/kletterretter\" \/>\n<meta property=\"article:modified_time\" content=\"2026-04-22T07:36:05+00:00\" \/>\n<meta property=\"og:image\" content=\"https:\/\/www.kletterretter.com\/wp-content\/uploads\/2026\/04\/Street-Stay-Torq-Product0632-scaled.png\" \/>\n\t<meta property=\"og:image:width\" content=\"2048\" \/>\n\t<meta property=\"og:image:height\" content=\"2560\" \/>\n\t<meta property=\"og:image:type\" content=\"image\/png\" \/>\n<meta name=\"twitter:card\" content=\"summary_large_image\" \/>\n<meta name=\"twitter:label1\" content=\"Est. reading time\" \/>\n\t<meta name=\"twitter:data1\" content=\"1 minute\" \/>\n<script type=\"application\/ld+json\" class=\"yoast-schema-graph\">{\"@context\":\"https:\/\/schema.org\",\"@graph\":[{\"@type\":\"WebPage\",\"@id\":\"https:\/\/www.kletterretter.com\/produkte\/so-ill-street-rv-kletterschuhe\/\",\"url\":\"https:\/\/www.kletterretter.com\/produkte\/so-ill-street-rv-kletterschuhe\/\",\"name\":\"So iLL Street RV Kletterschuhe - KletterRetter - Skincare, Chalk &amp; Tape for climbers\",\"isPartOf\":{\"@id\":\"https:\/\/www.kletterretter.com\/#website\"},\"primaryImageOfPage\":{\"@id\":\"https:\/\/www.kletterretter.com\/produkte\/so-ill-street-rv-kletterschuhe\/#primaryimage\"},\"image\":{\"@id\":\"https:\/\/www.kletterretter.com\/produkte\/so-ill-street-rv-kletterschuhe\/#primaryimage\"},\"thumbnailUrl\":\"https:\/\/www.kletterretter.com\/wp-content\/uploads\/2026\/04\/Street-Stay-Torq-Product0632-scaled.png\",\"datePublished\":\"2026-04-16T08:35:27+00:00\",\"dateModified\":\"2026-04-22T07:36:05+00:00\",\"breadcrumb\":{\"@id\":\"https:\/\/www.kletterretter.com\/produkte\/so-ill-street-rv-kletterschuhe\/#breadcrumb\"},\"inLanguage\":\"en-US\",\"potentialAction\":[{\"@type\":\"ReadAction\",\"target\":[\"https:\/\/www.kletterretter.com\/produkte\/so-ill-street-rv-kletterschuhe\/\"]}]},{\"@type\":\"ImageObject\",\"inLanguage\":\"en-US\",\"@id\":\"https:\/\/www.kletterretter.com\/produkte\/so-ill-street-rv-kletterschuhe\/#primaryimage\",\"url\":\"https:\/\/www.kletterretter.com\/wp-content\/uploads\/2026\/04\/Street-Stay-Torq-Product0632-scaled.png\",\"contentUrl\":\"https:\/\/www.kletterretter.com\/wp-content\/uploads\/2026\/04\/Street-Stay-Torq-Product0632-scaled.png\",\"width\":2048,\"height\":2560},{\"@type\":\"BreadcrumbList\",\"@id\":\"https:\/\/www.kletterretter.com\/produkte\/so-ill-street-rv-kletterschuhe\/#breadcrumb\",\"itemListElement\":[{\"@type\":\"ListItem\",\"position\":1,\"name\":\"Startseite\",\"item\":\"https:\/\/www.kletterretter.com\/en\/\"},{\"@type\":\"ListItem\",\"position\":2,\"name\":\"Shop\",\"item\":\"https:\/\/www.kletterretter.com\/en\/products\/\"},{\"@type\":\"ListItem\",\"position\":3,\"name\":\"So iLL Street RV Kletterschuhe\"}]},{\"@type\":\"WebSite\",\"@id\":\"https:\/\/www.kletterretter.com\/#website\",\"url\":\"https:\/\/www.kletterretter.com\/\",\"name\":\"KletterRetter - Climb more. Climb better.\",\"description\":\"Every hand tells a story\",\"publisher\":{\"@id\":\"https:\/\/www.kletterretter.com\/#organization\"},\"potentialAction\":[{\"@type\":\"SearchAction\",\"target\":{\"@type\":\"EntryPoint\",\"urlTemplate\":\"https:\/\/www.kletterretter.com\/?s={search_term_string}\"},\"query-input\":{\"@type\":\"PropertyValueSpecification\",\"valueRequired\":true,\"valueName\":\"search_term_string\"}}],\"inLanguage\":\"en-US\"},{\"@type\":\"Organization\",\"@id\":\"https:\/\/www.kletterretter.com\/#organization\",\"name\":\"KletterRetter\",\"url\":\"https:\/\/www.kletterretter.com\/\",\"logo\":{\"@type\":\"ImageObject\",\"inLanguage\":\"en-US\",\"@id\":\"https:\/\/www.kletterretter.com\/#\/schema\/logo\/image\/\",\"url\":\"https:\/\/www.kletterretter.com\/wp-content\/uploads\/2025\/07\/KR-long-blue-1.png\",\"contentUrl\":\"https:\/\/www.kletterretter.com\/wp-content\/uploads\/2025\/07\/KR-long-blue-1.png\",\"width\":1551,\"height\":348,\"caption\":\"KletterRetter\"},\"image\":{\"@id\":\"https:\/\/www.kletterretter.com\/#\/schema\/logo\/image\/\"},\"sameAs\":[\"http:\/\/www.facebook.com\/kletterretter\",\"http:\/\/www.instagram.com\/kletterretter\",\"http:\/\/linkedin.com\/company\/kletterretter\/\"]}]}<\/script>\n<!-- \/ Yoast SEO plugin. -->","yoast_head_json":{"title":"So iLL Street RV Kletterschuhe - KletterRetter - Skincare, Chalk &amp; Tape for climbers","robots":{"index":"index","follow":"follow","max-snippet":"max-snippet:-1","max-image-preview":"max-image-preview:large","max-video-preview":"max-video-preview:-1"},"canonical":"https:\/\/www.kletterretter.com\/produkte\/so-ill-street-rv-kletterschuhe\/","og_locale":"en_US","og_type":"article","og_title":"So iLL Street RV Kletterschuhe - KletterRetter - Skincare, Chalk &amp; Tape for climbers","og_description":"\u2713 Viel Leistung f\u00fcr einen exzellenten Preis \u2713 Mittlere Vorspannung \u2713 Komplett vegan dank Microsuede-Obermaterial \u2713 Mit Vibram XS Grip Sohle f\u00fcr ausgezeichneten Grip \u2713 Perfekt f\u00fcr Intermediates und Fortgeschrittene","og_url":"https:\/\/www.kletterretter.com\/produkte\/so-ill-street-rv-kletterschuhe\/","og_site_name":"KletterRetter - Skincare, Chalk &amp; Tape for climbers","article_publisher":"http:\/\/www.facebook.com\/kletterretter","article_modified_time":"2026-04-22T07:36:05+00:00","og_image":[{"width":2048,"height":2560,"url":"https:\/\/www.kletterretter.com\/wp-content\/uploads\/2026\/04\/Street-Stay-Torq-Product0632-scaled.png","type":"image\/png"}],"twitter_card":"summary_large_image","twitter_misc":{"Est. reading time":"1 minute"},"schema":{"@context":"https:\/\/schema.org","@graph":[{"@type":"WebPage","@id":"https:\/\/www.kletterretter.com\/produkte\/so-ill-street-rv-kletterschuhe\/","url":"https:\/\/www.kletterretter.com\/produkte\/so-ill-street-rv-kletterschuhe\/","name":"So iLL Street RV Kletterschuhe - KletterRetter - Skincare, Chalk &amp; Tape for climbers","isPartOf":{"@id":"https:\/\/www.kletterretter.com\/#website"},"primaryImageOfPage":{"@id":"https:\/\/www.kletterretter.com\/produkte\/so-ill-street-rv-kletterschuhe\/#primaryimage"},"image":{"@id":"https:\/\/www.kletterretter.com\/produkte\/so-ill-street-rv-kletterschuhe\/#primaryimage"},"thumbnailUrl":"https:\/\/www.kletterretter.com\/wp-content\/uploads\/2026\/04\/Street-Stay-Torq-Product0632-scaled.png","datePublished":"2026-04-16T08:35:27+00:00","dateModified":"2026-04-22T07:36:05+00:00","breadcrumb":{"@id":"https:\/\/www.kletterretter.com\/produkte\/so-ill-street-rv-kletterschuhe\/#breadcrumb"},"inLanguage":"en-US","potentialAction":[{"@type":"ReadAction","target":["https:\/\/www.kletterretter.com\/produkte\/so-ill-street-rv-kletterschuhe\/"]}]},{"@type":"ImageObject","inLanguage":"en-US","@id":"https:\/\/www.kletterretter.com\/produkte\/so-ill-street-rv-kletterschuhe\/#primaryimage","url":"https:\/\/www.kletterretter.com\/wp-content\/uploads\/2026\/04\/Street-Stay-Torq-Product0632-scaled.png","contentUrl":"https:\/\/www.kletterretter.com\/wp-content\/uploads\/2026\/04\/Street-Stay-Torq-Product0632-scaled.png","width":2048,"height":2560},{"@type":"BreadcrumbList","@id":"https:\/\/www.kletterretter.com\/produkte\/so-ill-street-rv-kletterschuhe\/#breadcrumb","itemListElement":[{"@type":"ListItem","position":1,"name":"Startseite","item":"https:\/\/www.kletterretter.com\/en\/"},{"@type":"ListItem","position":2,"name":"Shop","item":"https:\/\/www.kletterretter.com\/en\/products\/"},{"@type":"ListItem","position":3,"name":"So iLL Street RV Kletterschuhe"}]},{"@type":"WebSite","@id":"https:\/\/www.kletterretter.com\/#website","url":"https:\/\/www.kletterretter.com\/","name":"KletterRetter - Climb more. Climb better.","description":"Every hand tells a story","publisher":{"@id":"https:\/\/www.kletterretter.com\/#organization"},"potentialAction":[{"@type":"SearchAction","target":{"@type":"EntryPoint","urlTemplate":"https:\/\/www.kletterretter.com\/?s={search_term_string}"},"query-input":{"@type":"PropertyValueSpecification","valueRequired":true,"valueName":"search_term_string"}}],"inLanguage":"en-US"},{"@type":"Organization","@id":"https:\/\/www.kletterretter.com\/#organization","name":"KletterRetter","url":"https:\/\/www.kletterretter.com\/","logo":{"@type":"ImageObject","inLanguage":"en-US","@id":"https:\/\/www.kletterretter.com\/#\/schema\/logo\/image\/","url":"https:\/\/www.kletterretter.com\/wp-content\/uploads\/2025\/07\/KR-long-blue-1.png","contentUrl":"https:\/\/www.kletterretter.com\/wp-content\/uploads\/2025\/07\/KR-long-blue-1.png","width":1551,"height":348,"caption":"KletterRetter"},"image":{"@id":"https:\/\/www.kletterretter.com\/#\/schema\/logo\/image\/"},"sameAs":["http:\/\/www.facebook.com\/kletterretter","http:\/\/www.instagram.com\/kletterretter","http:\/\/linkedin.com\/company\/kletterretter\/"]}]}},"_links":{"self":[{"href":"https:\/\/www.kletterretter.com\/en\/wp-json\/wp\/v2\/product\/127404","targetHints":{"allow":["GET"]}}],"collection":[{"href":"https:\/\/www.kletterretter.com\/en\/wp-json\/wp\/v2\/product"}],"about":[{"href":"https:\/\/www.kletterretter.com\/en\/wp-json\/wp\/v2\/types\/product"}],"wp:featuredmedia":[{"embeddable":true,"href":"https:\/\/www.kletterretter.com\/en\/wp-json\/wp\/v2\/media\/127410"}],"wp:attachment":[{"href":"https:\/\/www.kletterretter.com\/en\/wp-json\/wp\/v2\/media?parent=127404"}],"wp:term":[{"taxonomy":"product_brand","embeddable":true,"href":"https:\/\/www.kletterretter.com\/en\/wp-json\/wp\/v2\/product_brand?post=127404"},{"taxonomy":"product_cat","embeddable":true,"href":"https:\/\/www.kletterretter.com\/en\/wp-json\/wp\/v2\/product_cat?post=127404"},{"taxonomy":"product_tag","embeddable":true,"href":"https:\/\/www.kletterretter.com\/en\/wp-json\/wp\/v2\/product_tag?post=127404"}],"curies":[{"name":"wp","href":"https:\/\/api.w.org\/{rel}","templated":true}]}}