{"id":127331,"date":"2026-04-15T09:20:35","date_gmt":"2026-04-15T07:20:35","guid":{"rendered":"https:\/\/www.kletterretter.com\/?post_type=product&#038;p=127331"},"modified":"2026-04-22T09:36:22","modified_gmt":"2026-04-22T07:36:22","slug":"so-ill-stay-rv-kletterschuhe","status":"publish","type":"product","link":"https:\/\/www.kletterretter.com\/en\/product\/so-ill-stay-rv-kletterschuhe\/","title":{"rendered":"So iLL Stay RV Kletterschuhe"},"content":{"rendered":"<p>Design by Jae Jung.<\/p>\n<p>Der Stay wurde f\u00fcr modernes Wettkampfklettern entwickelt. Seine weiche Konstruktion erm\u00f6glicht maximale Sensibilit\u00e4t auf Volumen und Reibungstritten. Die geteilte Sohle sorgt f\u00fcr Flexibilit\u00e4t, w\u00e4hrend der gro\u00dfe Gummibereich im Zehenbereich optimale Hooking-Performance bietet. Das leichte, vegane Obermaterial garantiert Komfort und eine gleichbleibende Passform.<\/p>\n<p><strong>Hinweis: So iLL-Schuhe fallen klein aus: F\u00fcr eine komfortable Passform, 0,5-1 Schuhgr\u00f6\u00dfe \u00fcber EU-Stra\u00dfenschuhgr\u00f6\u00dfe w\u00e4hlen, f\u00fcr eine sehr enge Passform EU-Stra\u00dfenschuhgr\u00f6\u00dfe w\u00e4hlen.<\/strong><\/p>\n","protected":false},"excerpt":{"rendered":"<p><strong>\u2713 Hochleistung auf Platten und Volumen<br \/>\n\u2713 Sehr weicher Performance-Schuh<br \/>\n\u2713 Komplett vegan dank Microsuede-Obermaterial<br \/>\n\u2713 Gro\u00dfe Toe-Patch-Fl\u00e4che<br \/>\n\u2713 Ideal f\u00fcr Wettkampf &amp; moderne Routen<\/strong><\/p>\n","protected":false},"featured_media":127332,"template":"","meta":[],"product_brand":[],"product_cat":[915,18],"product_tag":[],"class_list":{"0":"post-127331","1":"product","2":"type-product","3":"status-publish","4":"has-post-thumbnail","6":"product_cat-so-ill","7":"product_cat-training-und-peformance","9":"first","10":"instock","11":"taxable","12":"shipping-taxable","13":"purchasable","14":"product-type-variable"},"yoast_head":"<!-- This site is optimized with the Yoast SEO plugin v27.1.1 - https:\/\/yoast.com\/product\/yoast-seo-wordpress\/ -->\n<title>So iLL Stay RV Kletterschuhe - KletterRetter - Skincare, Chalk &amp; Tape for climbers<\/title>\n<meta name=\"robots\" content=\"index, follow, max-snippet:-1, max-image-preview:large, max-video-preview:-1\" \/>\n<link rel=\"canonical\" href=\"https:\/\/www.kletterretter.com\/produkte\/so-ill-stay-rv-kletterschuhe\/\" \/>\n<meta property=\"og:locale\" content=\"en_US\" \/>\n<meta property=\"og:type\" content=\"article\" \/>\n<meta property=\"og:title\" content=\"So iLL Stay RV Kletterschuhe - KletterRetter - Skincare, Chalk &amp; Tape for climbers\" \/>\n<meta property=\"og:description\" content=\"\u2713 Hochleistung auf Platten und Volumen \u2713 Sehr weicher Performance-Schuh \u2713 Komplett vegan dank Microsuede-Obermaterial \u2713 Gro\u00dfe Toe-Patch-Fl\u00e4che \u2713 Ideal f\u00fcr Wettkampf &amp; moderne Routen\" \/>\n<meta property=\"og:url\" content=\"https:\/\/www.kletterretter.com\/produkte\/so-ill-stay-rv-kletterschuhe\/\" \/>\n<meta property=\"og:site_name\" content=\"KletterRetter - Skincare, Chalk &amp; Tape for climbers\" \/>\n<meta property=\"article:publisher\" content=\"http:\/\/www.facebook.com\/kletterretter\" \/>\n<meta property=\"article:modified_time\" content=\"2026-04-22T07:36:22+00:00\" \/>\n<meta property=\"og:image\" content=\"https:\/\/www.kletterretter.com\/wp-content\/uploads\/2026\/04\/Street-Stay-Torq-Product0664-scaled.png\" \/>\n\t<meta property=\"og:image:width\" content=\"819\" \/>\n\t<meta property=\"og:image:height\" content=\"1024\" \/>\n\t<meta property=\"og:image:type\" content=\"image\/png\" \/>\n<meta name=\"twitter:card\" content=\"summary_large_image\" \/>\n<script type=\"application\/ld+json\" class=\"yoast-schema-graph\">{\"@context\":\"https:\/\/schema.org\",\"@graph\":[{\"@type\":\"WebPage\",\"@id\":\"https:\/\/www.kletterretter.com\/produkte\/so-ill-stay-rv-kletterschuhe\/\",\"url\":\"https:\/\/www.kletterretter.com\/produkte\/so-ill-stay-rv-kletterschuhe\/\",\"name\":\"So iLL Stay RV Kletterschuhe - KletterRetter - Skincare, Chalk &amp; Tape for climbers\",\"isPartOf\":{\"@id\":\"https:\/\/www.kletterretter.com\/#website\"},\"primaryImageOfPage\":{\"@id\":\"https:\/\/www.kletterretter.com\/produkte\/so-ill-stay-rv-kletterschuhe\/#primaryimage\"},\"image\":{\"@id\":\"https:\/\/www.kletterretter.com\/produkte\/so-ill-stay-rv-kletterschuhe\/#primaryimage\"},\"thumbnailUrl\":\"https:\/\/www.kletterretter.com\/wp-content\/uploads\/2026\/04\/Street-Stay-Torq-Product0664-scaled.png\",\"datePublished\":\"2026-04-15T07:20:35+00:00\",\"dateModified\":\"2026-04-22T07:36:22+00:00\",\"breadcrumb\":{\"@id\":\"https:\/\/www.kletterretter.com\/produkte\/so-ill-stay-rv-kletterschuhe\/#breadcrumb\"},\"inLanguage\":\"en-US\",\"potentialAction\":[{\"@type\":\"ReadAction\",\"target\":[\"https:\/\/www.kletterretter.com\/produkte\/so-ill-stay-rv-kletterschuhe\/\"]}]},{\"@type\":\"ImageObject\",\"inLanguage\":\"en-US\",\"@id\":\"https:\/\/www.kletterretter.com\/produkte\/so-ill-stay-rv-kletterschuhe\/#primaryimage\",\"url\":\"https:\/\/www.kletterretter.com\/wp-content\/uploads\/2026\/04\/Street-Stay-Torq-Product0664-scaled.png\",\"contentUrl\":\"https:\/\/www.kletterretter.com\/wp-content\/uploads\/2026\/04\/Street-Stay-Torq-Product0664-scaled.png\",\"width\":2048,\"height\":2560},{\"@type\":\"BreadcrumbList\",\"@id\":\"https:\/\/www.kletterretter.com\/produkte\/so-ill-stay-rv-kletterschuhe\/#breadcrumb\",\"itemListElement\":[{\"@type\":\"ListItem\",\"position\":1,\"name\":\"Startseite\",\"item\":\"https:\/\/www.kletterretter.com\/en\/\"},{\"@type\":\"ListItem\",\"position\":2,\"name\":\"Shop\",\"item\":\"https:\/\/www.kletterretter.com\/en\/products\/\"},{\"@type\":\"ListItem\",\"position\":3,\"name\":\"So iLL Stay RV Kletterschuhe\"}]},{\"@type\":\"WebSite\",\"@id\":\"https:\/\/www.kletterretter.com\/#website\",\"url\":\"https:\/\/www.kletterretter.com\/\",\"name\":\"KletterRetter - Climb more. Climb better.\",\"description\":\"Every hand tells a story\",\"publisher\":{\"@id\":\"https:\/\/www.kletterretter.com\/#organization\"},\"potentialAction\":[{\"@type\":\"SearchAction\",\"target\":{\"@type\":\"EntryPoint\",\"urlTemplate\":\"https:\/\/www.kletterretter.com\/?s={search_term_string}\"},\"query-input\":{\"@type\":\"PropertyValueSpecification\",\"valueRequired\":true,\"valueName\":\"search_term_string\"}}],\"inLanguage\":\"en-US\"},{\"@type\":\"Organization\",\"@id\":\"https:\/\/www.kletterretter.com\/#organization\",\"name\":\"KletterRetter\",\"url\":\"https:\/\/www.kletterretter.com\/\",\"logo\":{\"@type\":\"ImageObject\",\"inLanguage\":\"en-US\",\"@id\":\"https:\/\/www.kletterretter.com\/#\/schema\/logo\/image\/\",\"url\":\"https:\/\/www.kletterretter.com\/wp-content\/uploads\/2025\/07\/KR-long-blue-1.png\",\"contentUrl\":\"https:\/\/www.kletterretter.com\/wp-content\/uploads\/2025\/07\/KR-long-blue-1.png\",\"width\":1551,\"height\":348,\"caption\":\"KletterRetter\"},\"image\":{\"@id\":\"https:\/\/www.kletterretter.com\/#\/schema\/logo\/image\/\"},\"sameAs\":[\"http:\/\/www.facebook.com\/kletterretter\",\"http:\/\/www.instagram.com\/kletterretter\",\"http:\/\/linkedin.com\/company\/kletterretter\/\"]}]}<\/script>\n<!-- \/ Yoast SEO plugin. -->","yoast_head_json":{"title":"So iLL Stay RV Kletterschuhe - KletterRetter - Skincare, Chalk &amp; Tape for climbers","robots":{"index":"index","follow":"follow","max-snippet":"max-snippet:-1","max-image-preview":"max-image-preview:large","max-video-preview":"max-video-preview:-1"},"canonical":"https:\/\/www.kletterretter.com\/produkte\/so-ill-stay-rv-kletterschuhe\/","og_locale":"en_US","og_type":"article","og_title":"So iLL Stay RV Kletterschuhe - KletterRetter - Skincare, Chalk &amp; Tape for climbers","og_description":"\u2713 Hochleistung auf Platten und Volumen \u2713 Sehr weicher Performance-Schuh \u2713 Komplett vegan dank Microsuede-Obermaterial \u2713 Gro\u00dfe Toe-Patch-Fl\u00e4che \u2713 Ideal f\u00fcr Wettkampf &amp; moderne Routen","og_url":"https:\/\/www.kletterretter.com\/produkte\/so-ill-stay-rv-kletterschuhe\/","og_site_name":"KletterRetter - Skincare, Chalk &amp; Tape for climbers","article_publisher":"http:\/\/www.facebook.com\/kletterretter","article_modified_time":"2026-04-22T07:36:22+00:00","og_image":[{"url":"https:\/\/www.kletterretter.com\/wp-content\/uploads\/2026\/04\/Street-Stay-Torq-Product0664-scaled.png","width":819,"height":1024,"type":"image\/png"}],"twitter_card":"summary_large_image","schema":{"@context":"https:\/\/schema.org","@graph":[{"@type":"WebPage","@id":"https:\/\/www.kletterretter.com\/produkte\/so-ill-stay-rv-kletterschuhe\/","url":"https:\/\/www.kletterretter.com\/produkte\/so-ill-stay-rv-kletterschuhe\/","name":"So iLL Stay RV Kletterschuhe - KletterRetter - Skincare, Chalk &amp; Tape for climbers","isPartOf":{"@id":"https:\/\/www.kletterretter.com\/#website"},"primaryImageOfPage":{"@id":"https:\/\/www.kletterretter.com\/produkte\/so-ill-stay-rv-kletterschuhe\/#primaryimage"},"image":{"@id":"https:\/\/www.kletterretter.com\/produkte\/so-ill-stay-rv-kletterschuhe\/#primaryimage"},"thumbnailUrl":"https:\/\/www.kletterretter.com\/wp-content\/uploads\/2026\/04\/Street-Stay-Torq-Product0664-scaled.png","datePublished":"2026-04-15T07:20:35+00:00","dateModified":"2026-04-22T07:36:22+00:00","breadcrumb":{"@id":"https:\/\/www.kletterretter.com\/produkte\/so-ill-stay-rv-kletterschuhe\/#breadcrumb"},"inLanguage":"en-US","potentialAction":[{"@type":"ReadAction","target":["https:\/\/www.kletterretter.com\/produkte\/so-ill-stay-rv-kletterschuhe\/"]}]},{"@type":"ImageObject","inLanguage":"en-US","@id":"https:\/\/www.kletterretter.com\/produkte\/so-ill-stay-rv-kletterschuhe\/#primaryimage","url":"https:\/\/www.kletterretter.com\/wp-content\/uploads\/2026\/04\/Street-Stay-Torq-Product0664-scaled.png","contentUrl":"https:\/\/www.kletterretter.com\/wp-content\/uploads\/2026\/04\/Street-Stay-Torq-Product0664-scaled.png","width":2048,"height":2560},{"@type":"BreadcrumbList","@id":"https:\/\/www.kletterretter.com\/produkte\/so-ill-stay-rv-kletterschuhe\/#breadcrumb","itemListElement":[{"@type":"ListItem","position":1,"name":"Startseite","item":"https:\/\/www.kletterretter.com\/en\/"},{"@type":"ListItem","position":2,"name":"Shop","item":"https:\/\/www.kletterretter.com\/en\/products\/"},{"@type":"ListItem","position":3,"name":"So iLL Stay RV Kletterschuhe"}]},{"@type":"WebSite","@id":"https:\/\/www.kletterretter.com\/#website","url":"https:\/\/www.kletterretter.com\/","name":"KletterRetter - Climb more. Climb better.","description":"Every hand tells a story","publisher":{"@id":"https:\/\/www.kletterretter.com\/#organization"},"potentialAction":[{"@type":"SearchAction","target":{"@type":"EntryPoint","urlTemplate":"https:\/\/www.kletterretter.com\/?s={search_term_string}"},"query-input":{"@type":"PropertyValueSpecification","valueRequired":true,"valueName":"search_term_string"}}],"inLanguage":"en-US"},{"@type":"Organization","@id":"https:\/\/www.kletterretter.com\/#organization","name":"KletterRetter","url":"https:\/\/www.kletterretter.com\/","logo":{"@type":"ImageObject","inLanguage":"en-US","@id":"https:\/\/www.kletterretter.com\/#\/schema\/logo\/image\/","url":"https:\/\/www.kletterretter.com\/wp-content\/uploads\/2025\/07\/KR-long-blue-1.png","contentUrl":"https:\/\/www.kletterretter.com\/wp-content\/uploads\/2025\/07\/KR-long-blue-1.png","width":1551,"height":348,"caption":"KletterRetter"},"image":{"@id":"https:\/\/www.kletterretter.com\/#\/schema\/logo\/image\/"},"sameAs":["http:\/\/www.facebook.com\/kletterretter","http:\/\/www.instagram.com\/kletterretter","http:\/\/linkedin.com\/company\/kletterretter\/"]}]}},"_links":{"self":[{"href":"https:\/\/www.kletterretter.com\/en\/wp-json\/wp\/v2\/product\/127331","targetHints":{"allow":["GET"]}}],"collection":[{"href":"https:\/\/www.kletterretter.com\/en\/wp-json\/wp\/v2\/product"}],"about":[{"href":"https:\/\/www.kletterretter.com\/en\/wp-json\/wp\/v2\/types\/product"}],"wp:featuredmedia":[{"embeddable":true,"href":"https:\/\/www.kletterretter.com\/en\/wp-json\/wp\/v2\/media\/127332"}],"wp:attachment":[{"href":"https:\/\/www.kletterretter.com\/en\/wp-json\/wp\/v2\/media?parent=127331"}],"wp:term":[{"taxonomy":"product_brand","embeddable":true,"href":"https:\/\/www.kletterretter.com\/en\/wp-json\/wp\/v2\/product_brand?post=127331"},{"taxonomy":"product_cat","embeddable":true,"href":"https:\/\/www.kletterretter.com\/en\/wp-json\/wp\/v2\/product_cat?post=127331"},{"taxonomy":"product_tag","embeddable":true,"href":"https:\/\/www.kletterretter.com\/en\/wp-json\/wp\/v2\/product_tag?post=127331"}],"curies":[{"name":"wp","href":"https:\/\/api.w.org\/{rel}","templated":true}]}}