{"id":127265,"date":"2026-04-14T15:42:09","date_gmt":"2026-04-14T13:42:09","guid":{"rendered":"https:\/\/www.kletterretter.com\/?post_type=product&#038;p=127265"},"modified":"2026-04-14T15:42:10","modified_gmt":"2026-04-14T13:42:10","slug":"yy-vertical-rock-socks","status":"publish","type":"product","link":"https:\/\/www.kletterretter.com\/en\/product\/yy-vertical-rock-socks\/","title":{"rendered":"YY Vertical Rock Socks"},"content":{"rendered":"<p><strong>Lifestyle Socken f\u00fcr Kletterer, bequem und stylisch<\/strong><\/p>\n<p>Klettern h\u00f6rt nicht an der Wand auf.<\/p>\n<p>Die Rock Socks von YY Vertical bringen deinen Sport in den Alltag. Egal ob B\u00fcro, Sofa oder unterwegs, du zeigst, wof\u00fcr du stehst, ohne auf Komfort zu verzichten.<\/p>\n<p>Weiche, gek\u00e4mmte Baumwolle trifft auf eine durchdachte Materialmischung mit Polyester und Elastan f\u00fcr angenehmen Sitz und Halt \u00fcber den ganzen Tag. Neun Designs geben dir genug Auswahl, um deinen eigenen Stil zu finden.<\/p>\n<p>Nicht f\u00fcrs Klettern im Schuh gemacht, sondern f\u00fcr alles davor und danach.<\/p>\n<p>Einfach gute Socken. Mit Kletter-DNA.<\/p>\n","protected":false},"excerpt":{"rendered":"<p><strong>\u2713 Lifestyle Socken f\u00fcr Kletterer, bequem und stylisch<\/strong><\/p>\n","protected":false},"featured_media":127278,"template":"","meta":[],"product_brand":[],"product_cat":[20,500,743,526],"product_tag":[],"class_list":{"0":"post-127265","1":"product","2":"type-product","3":"status-publish","4":"has-post-thumbnail","6":"product_cat-bekleidung-und-chalk-bags","7":"product_cat-geschenkkarten","8":"product_cat-yy-vertical","9":"product_cat-outdoor-zubehoer","11":"first","12":"instock","13":"taxable","14":"shipping-taxable","15":"purchasable","16":"product-type-variable"},"yoast_head":"<!-- This site is optimized with the Yoast SEO plugin v27.1.1 - https:\/\/yoast.com\/product\/yoast-seo-wordpress\/ -->\n<title>YY Vertical Rock Socks - KletterRetter - Skincare, Chalk &amp; Tape for climbers<\/title>\n<meta name=\"robots\" content=\"index, follow, max-snippet:-1, max-image-preview:large, max-video-preview:-1\" \/>\n<link rel=\"canonical\" href=\"https:\/\/www.kletterretter.com\/produkte\/yy-vertical-rock-socks\/\" \/>\n<meta property=\"og:locale\" content=\"en_US\" \/>\n<meta property=\"og:type\" content=\"article\" \/>\n<meta property=\"og:title\" content=\"YY Vertical Rock Socks - KletterRetter - Skincare, Chalk &amp; Tape for climbers\" \/>\n<meta property=\"og:description\" content=\"\u2713 Lifestyle Socken f\u00fcr Kletterer, bequem und stylisch\" \/>\n<meta property=\"og:url\" content=\"https:\/\/www.kletterretter.com\/produkte\/yy-vertical-rock-socks\/\" \/>\n<meta property=\"og:site_name\" content=\"KletterRetter - Skincare, Chalk &amp; Tape for climbers\" \/>\n<meta property=\"article:publisher\" content=\"http:\/\/www.facebook.com\/kletterretter\" \/>\n<meta property=\"article:modified_time\" content=\"2026-04-14T13:42:10+00:00\" \/>\n<meta property=\"og:image\" content=\"https:\/\/www.kletterretter.com\/wp-content\/uploads\/2026\/04\/YY_ROCKSOCKS_SPRAYWALL_BLUE_01_FG.webp\" \/>\n\t<meta property=\"og:image:width\" content=\"713\" \/>\n\t<meta property=\"og:image:height\" content=\"713\" \/>\n\t<meta property=\"og:image:type\" content=\"image\/webp\" \/>\n<meta name=\"twitter:card\" content=\"summary_large_image\" \/>\n<meta name=\"twitter:label1\" content=\"Est. reading time\" \/>\n\t<meta name=\"twitter:data1\" content=\"1 minute\" \/>\n<script type=\"application\/ld+json\" class=\"yoast-schema-graph\">{\"@context\":\"https:\/\/schema.org\",\"@graph\":[{\"@type\":\"WebPage\",\"@id\":\"https:\/\/www.kletterretter.com\/produkte\/yy-vertical-rock-socks\/\",\"url\":\"https:\/\/www.kletterretter.com\/produkte\/yy-vertical-rock-socks\/\",\"name\":\"YY Vertical Rock Socks - KletterRetter - Skincare, Chalk &amp; Tape for climbers\",\"isPartOf\":{\"@id\":\"https:\/\/www.kletterretter.com\/#website\"},\"primaryImageOfPage\":{\"@id\":\"https:\/\/www.kletterretter.com\/produkte\/yy-vertical-rock-socks\/#primaryimage\"},\"image\":{\"@id\":\"https:\/\/www.kletterretter.com\/produkte\/yy-vertical-rock-socks\/#primaryimage\"},\"thumbnailUrl\":\"https:\/\/www.kletterretter.com\/wp-content\/uploads\/2026\/04\/YY_ROCKSOCKS_SPRAYWALL_BLUE_01_FG.webp\",\"datePublished\":\"2026-04-14T13:42:09+00:00\",\"dateModified\":\"2026-04-14T13:42:10+00:00\",\"breadcrumb\":{\"@id\":\"https:\/\/www.kletterretter.com\/produkte\/yy-vertical-rock-socks\/#breadcrumb\"},\"inLanguage\":\"en-US\",\"potentialAction\":[{\"@type\":\"ReadAction\",\"target\":[\"https:\/\/www.kletterretter.com\/produkte\/yy-vertical-rock-socks\/\"]}]},{\"@type\":\"ImageObject\",\"inLanguage\":\"en-US\",\"@id\":\"https:\/\/www.kletterretter.com\/produkte\/yy-vertical-rock-socks\/#primaryimage\",\"url\":\"https:\/\/www.kletterretter.com\/wp-content\/uploads\/2026\/04\/YY_ROCKSOCKS_SPRAYWALL_BLUE_01_FG.webp\",\"contentUrl\":\"https:\/\/www.kletterretter.com\/wp-content\/uploads\/2026\/04\/YY_ROCKSOCKS_SPRAYWALL_BLUE_01_FG.webp\",\"width\":713,\"height\":713},{\"@type\":\"BreadcrumbList\",\"@id\":\"https:\/\/www.kletterretter.com\/produkte\/yy-vertical-rock-socks\/#breadcrumb\",\"itemListElement\":[{\"@type\":\"ListItem\",\"position\":1,\"name\":\"Startseite\",\"item\":\"https:\/\/www.kletterretter.com\/en\/\"},{\"@type\":\"ListItem\",\"position\":2,\"name\":\"Shop\",\"item\":\"https:\/\/www.kletterretter.com\/en\/products\/\"},{\"@type\":\"ListItem\",\"position\":3,\"name\":\"YY Vertical Rock Socks\"}]},{\"@type\":\"WebSite\",\"@id\":\"https:\/\/www.kletterretter.com\/#website\",\"url\":\"https:\/\/www.kletterretter.com\/\",\"name\":\"KletterRetter - Climb more. Climb better.\",\"description\":\"Every hand tells a story\",\"publisher\":{\"@id\":\"https:\/\/www.kletterretter.com\/#organization\"},\"potentialAction\":[{\"@type\":\"SearchAction\",\"target\":{\"@type\":\"EntryPoint\",\"urlTemplate\":\"https:\/\/www.kletterretter.com\/?s={search_term_string}\"},\"query-input\":{\"@type\":\"PropertyValueSpecification\",\"valueRequired\":true,\"valueName\":\"search_term_string\"}}],\"inLanguage\":\"en-US\"},{\"@type\":\"Organization\",\"@id\":\"https:\/\/www.kletterretter.com\/#organization\",\"name\":\"KletterRetter\",\"url\":\"https:\/\/www.kletterretter.com\/\",\"logo\":{\"@type\":\"ImageObject\",\"inLanguage\":\"en-US\",\"@id\":\"https:\/\/www.kletterretter.com\/#\/schema\/logo\/image\/\",\"url\":\"https:\/\/www.kletterretter.com\/wp-content\/uploads\/2025\/07\/KR-long-blue-1.png\",\"contentUrl\":\"https:\/\/www.kletterretter.com\/wp-content\/uploads\/2025\/07\/KR-long-blue-1.png\",\"width\":1551,\"height\":348,\"caption\":\"KletterRetter\"},\"image\":{\"@id\":\"https:\/\/www.kletterretter.com\/#\/schema\/logo\/image\/\"},\"sameAs\":[\"http:\/\/www.facebook.com\/kletterretter\",\"http:\/\/www.instagram.com\/kletterretter\",\"http:\/\/linkedin.com\/company\/kletterretter\/\"]}]}<\/script>\n<!-- \/ Yoast SEO plugin. -->","yoast_head_json":{"title":"YY Vertical Rock Socks - KletterRetter - Skincare, Chalk &amp; Tape for climbers","robots":{"index":"index","follow":"follow","max-snippet":"max-snippet:-1","max-image-preview":"max-image-preview:large","max-video-preview":"max-video-preview:-1"},"canonical":"https:\/\/www.kletterretter.com\/produkte\/yy-vertical-rock-socks\/","og_locale":"en_US","og_type":"article","og_title":"YY Vertical Rock Socks - KletterRetter - Skincare, Chalk &amp; Tape for climbers","og_description":"\u2713 Lifestyle Socken f\u00fcr Kletterer, bequem und stylisch","og_url":"https:\/\/www.kletterretter.com\/produkte\/yy-vertical-rock-socks\/","og_site_name":"KletterRetter - Skincare, Chalk &amp; Tape for climbers","article_publisher":"http:\/\/www.facebook.com\/kletterretter","article_modified_time":"2026-04-14T13:42:10+00:00","og_image":[{"width":713,"height":713,"url":"https:\/\/www.kletterretter.com\/wp-content\/uploads\/2026\/04\/YY_ROCKSOCKS_SPRAYWALL_BLUE_01_FG.webp","type":"image\/webp"}],"twitter_card":"summary_large_image","twitter_misc":{"Est. reading time":"1 minute"},"schema":{"@context":"https:\/\/schema.org","@graph":[{"@type":"WebPage","@id":"https:\/\/www.kletterretter.com\/produkte\/yy-vertical-rock-socks\/","url":"https:\/\/www.kletterretter.com\/produkte\/yy-vertical-rock-socks\/","name":"YY Vertical Rock Socks - KletterRetter - Skincare, Chalk &amp; Tape for climbers","isPartOf":{"@id":"https:\/\/www.kletterretter.com\/#website"},"primaryImageOfPage":{"@id":"https:\/\/www.kletterretter.com\/produkte\/yy-vertical-rock-socks\/#primaryimage"},"image":{"@id":"https:\/\/www.kletterretter.com\/produkte\/yy-vertical-rock-socks\/#primaryimage"},"thumbnailUrl":"https:\/\/www.kletterretter.com\/wp-content\/uploads\/2026\/04\/YY_ROCKSOCKS_SPRAYWALL_BLUE_01_FG.webp","datePublished":"2026-04-14T13:42:09+00:00","dateModified":"2026-04-14T13:42:10+00:00","breadcrumb":{"@id":"https:\/\/www.kletterretter.com\/produkte\/yy-vertical-rock-socks\/#breadcrumb"},"inLanguage":"en-US","potentialAction":[{"@type":"ReadAction","target":["https:\/\/www.kletterretter.com\/produkte\/yy-vertical-rock-socks\/"]}]},{"@type":"ImageObject","inLanguage":"en-US","@id":"https:\/\/www.kletterretter.com\/produkte\/yy-vertical-rock-socks\/#primaryimage","url":"https:\/\/www.kletterretter.com\/wp-content\/uploads\/2026\/04\/YY_ROCKSOCKS_SPRAYWALL_BLUE_01_FG.webp","contentUrl":"https:\/\/www.kletterretter.com\/wp-content\/uploads\/2026\/04\/YY_ROCKSOCKS_SPRAYWALL_BLUE_01_FG.webp","width":713,"height":713},{"@type":"BreadcrumbList","@id":"https:\/\/www.kletterretter.com\/produkte\/yy-vertical-rock-socks\/#breadcrumb","itemListElement":[{"@type":"ListItem","position":1,"name":"Startseite","item":"https:\/\/www.kletterretter.com\/en\/"},{"@type":"ListItem","position":2,"name":"Shop","item":"https:\/\/www.kletterretter.com\/en\/products\/"},{"@type":"ListItem","position":3,"name":"YY Vertical Rock Socks"}]},{"@type":"WebSite","@id":"https:\/\/www.kletterretter.com\/#website","url":"https:\/\/www.kletterretter.com\/","name":"KletterRetter - Climb more. Climb better.","description":"Every hand tells a story","publisher":{"@id":"https:\/\/www.kletterretter.com\/#organization"},"potentialAction":[{"@type":"SearchAction","target":{"@type":"EntryPoint","urlTemplate":"https:\/\/www.kletterretter.com\/?s={search_term_string}"},"query-input":{"@type":"PropertyValueSpecification","valueRequired":true,"valueName":"search_term_string"}}],"inLanguage":"en-US"},{"@type":"Organization","@id":"https:\/\/www.kletterretter.com\/#organization","name":"KletterRetter","url":"https:\/\/www.kletterretter.com\/","logo":{"@type":"ImageObject","inLanguage":"en-US","@id":"https:\/\/www.kletterretter.com\/#\/schema\/logo\/image\/","url":"https:\/\/www.kletterretter.com\/wp-content\/uploads\/2025\/07\/KR-long-blue-1.png","contentUrl":"https:\/\/www.kletterretter.com\/wp-content\/uploads\/2025\/07\/KR-long-blue-1.png","width":1551,"height":348,"caption":"KletterRetter"},"image":{"@id":"https:\/\/www.kletterretter.com\/#\/schema\/logo\/image\/"},"sameAs":["http:\/\/www.facebook.com\/kletterretter","http:\/\/www.instagram.com\/kletterretter","http:\/\/linkedin.com\/company\/kletterretter\/"]}]}},"_links":{"self":[{"href":"https:\/\/www.kletterretter.com\/en\/wp-json\/wp\/v2\/product\/127265","targetHints":{"allow":["GET"]}}],"collection":[{"href":"https:\/\/www.kletterretter.com\/en\/wp-json\/wp\/v2\/product"}],"about":[{"href":"https:\/\/www.kletterretter.com\/en\/wp-json\/wp\/v2\/types\/product"}],"wp:featuredmedia":[{"embeddable":true,"href":"https:\/\/www.kletterretter.com\/en\/wp-json\/wp\/v2\/media\/127278"}],"wp:attachment":[{"href":"https:\/\/www.kletterretter.com\/en\/wp-json\/wp\/v2\/media?parent=127265"}],"wp:term":[{"taxonomy":"product_brand","embeddable":true,"href":"https:\/\/www.kletterretter.com\/en\/wp-json\/wp\/v2\/product_brand?post=127265"},{"taxonomy":"product_cat","embeddable":true,"href":"https:\/\/www.kletterretter.com\/en\/wp-json\/wp\/v2\/product_cat?post=127265"},{"taxonomy":"product_tag","embeddable":true,"href":"https:\/\/www.kletterretter.com\/en\/wp-json\/wp\/v2\/product_tag?post=127265"}],"curies":[{"name":"wp","href":"https:\/\/api.w.org\/{rel}","templated":true}]}}