{"id":127249,"date":"2026-04-14T15:23:02","date_gmt":"2026-04-14T13:23:02","guid":{"rendered":"https:\/\/www.kletterretter.com\/?post_type=product&#038;p=127249"},"modified":"2026-04-14T15:25:01","modified_gmt":"2026-04-14T13:25:01","slug":"yy-vertical-climbing-socks","status":"publish","type":"product","link":"https:\/\/www.kletterretter.com\/en\/product\/yy-vertical-climbing-socks\/","title":{"rendered":"YY Vertical Climbing Socks"},"content":{"rendered":"<p><strong>Nahtlose Klettersocken f\u00fcr Kletterschuhe<\/strong><\/p>\n<p>Die Climbing Socks von YY Vertical sitzen wie eine zweite Haut, ohne st\u00f6rende N\u00e4hte, ohne unn\u00f6tige Dicke. Du bekommst direktes Feedback, pr\u00e4zisen Stand und maximalen Komfort, ohne Kompromisse.<\/p>\n<p>Die anatomische Rechts Links Passform sorgt daf\u00fcr, dass alles da sitzt, wo es hingeh\u00f6rt. Gleichzeitig sch\u00fctzt du das Innenleben deiner Kletterschuhe und h\u00e4ltst sie l\u00e4nger frisch. Die antibakterielle Behandlung reduziert Geruch und sorgt f\u00fcr bessere Hygiene, gerade bei langen Sessions oder h\u00e4ufigem Einsatz.<\/p>\n<p>XS EU 35-37<br \/>\nS EU 38-40<br \/>\nM EU 41-43<\/p>\n","protected":false},"excerpt":{"rendered":"<p><strong>\u2713 Nahtlose Klettersocken f\u00fcr Kletterschuhe<\/strong><\/p>\n","protected":false},"featured_media":127260,"template":"","meta":[],"product_brand":[],"product_cat":[18,743,526],"product_tag":[],"class_list":{"0":"post-127249","1":"product","2":"type-product","3":"status-publish","4":"has-post-thumbnail","6":"product_cat-training-und-peformance","7":"product_cat-yy-vertical","8":"product_cat-outdoor-zubehoer","10":"first","11":"instock","12":"taxable","13":"shipping-taxable","14":"purchasable","15":"product-type-variable"},"yoast_head":"<!-- This site is optimized with the Yoast SEO plugin v27.1.1 - https:\/\/yoast.com\/product\/yoast-seo-wordpress\/ -->\n<title>YY Vertical Climbing Socks - KletterRetter - Skincare, Chalk &amp; Tape for climbers<\/title>\n<meta name=\"robots\" content=\"index, follow, max-snippet:-1, max-image-preview:large, max-video-preview:-1\" \/>\n<link rel=\"canonical\" href=\"https:\/\/www.kletterretter.com\/produkte\/yy-vertical-climbing-socks\/\" \/>\n<meta property=\"og:locale\" content=\"en_US\" \/>\n<meta property=\"og:type\" content=\"article\" \/>\n<meta property=\"og:title\" content=\"YY Vertical Climbing Socks - KletterRetter - Skincare, Chalk &amp; Tape for climbers\" \/>\n<meta property=\"og:description\" content=\"\u2713 Nahtlose Klettersocken f\u00fcr Kletterschuhe\" \/>\n<meta property=\"og:url\" content=\"https:\/\/www.kletterretter.com\/produkte\/yy-vertical-climbing-socks\/\" \/>\n<meta property=\"og:site_name\" content=\"KletterRetter - Skincare, Chalk &amp; Tape for climbers\" \/>\n<meta property=\"article:publisher\" content=\"http:\/\/www.facebook.com\/kletterretter\" \/>\n<meta property=\"article:modified_time\" content=\"2026-04-14T13:25:01+00:00\" \/>\n<meta property=\"og:image\" content=\"https:\/\/www.kletterretter.com\/wp-content\/uploads\/2026\/04\/yy-vertical-chaussettes-climbing-socks-4.webp\" \/>\n\t<meta property=\"og:image:width\" content=\"713\" \/>\n\t<meta property=\"og:image:height\" content=\"713\" \/>\n\t<meta property=\"og:image:type\" content=\"image\/webp\" \/>\n<meta name=\"twitter:card\" content=\"summary_large_image\" \/>\n<script type=\"application\/ld+json\" class=\"yoast-schema-graph\">{\"@context\":\"https:\/\/schema.org\",\"@graph\":[{\"@type\":\"WebPage\",\"@id\":\"https:\/\/www.kletterretter.com\/produkte\/yy-vertical-climbing-socks\/\",\"url\":\"https:\/\/www.kletterretter.com\/produkte\/yy-vertical-climbing-socks\/\",\"name\":\"YY Vertical Climbing Socks - KletterRetter - Skincare, Chalk &amp; Tape for climbers\",\"isPartOf\":{\"@id\":\"https:\/\/www.kletterretter.com\/#website\"},\"primaryImageOfPage\":{\"@id\":\"https:\/\/www.kletterretter.com\/produkte\/yy-vertical-climbing-socks\/#primaryimage\"},\"image\":{\"@id\":\"https:\/\/www.kletterretter.com\/produkte\/yy-vertical-climbing-socks\/#primaryimage\"},\"thumbnailUrl\":\"https:\/\/www.kletterretter.com\/wp-content\/uploads\/2026\/04\/yy-vertical-chaussettes-climbing-socks-4.webp\",\"datePublished\":\"2026-04-14T13:23:02+00:00\",\"dateModified\":\"2026-04-14T13:25:01+00:00\",\"breadcrumb\":{\"@id\":\"https:\/\/www.kletterretter.com\/produkte\/yy-vertical-climbing-socks\/#breadcrumb\"},\"inLanguage\":\"en-US\",\"potentialAction\":[{\"@type\":\"ReadAction\",\"target\":[\"https:\/\/www.kletterretter.com\/produkte\/yy-vertical-climbing-socks\/\"]}]},{\"@type\":\"ImageObject\",\"inLanguage\":\"en-US\",\"@id\":\"https:\/\/www.kletterretter.com\/produkte\/yy-vertical-climbing-socks\/#primaryimage\",\"url\":\"https:\/\/www.kletterretter.com\/wp-content\/uploads\/2026\/04\/yy-vertical-chaussettes-climbing-socks-4.webp\",\"contentUrl\":\"https:\/\/www.kletterretter.com\/wp-content\/uploads\/2026\/04\/yy-vertical-chaussettes-climbing-socks-4.webp\",\"width\":713,\"height\":713},{\"@type\":\"BreadcrumbList\",\"@id\":\"https:\/\/www.kletterretter.com\/produkte\/yy-vertical-climbing-socks\/#breadcrumb\",\"itemListElement\":[{\"@type\":\"ListItem\",\"position\":1,\"name\":\"Startseite\",\"item\":\"https:\/\/www.kletterretter.com\/en\/\"},{\"@type\":\"ListItem\",\"position\":2,\"name\":\"Shop\",\"item\":\"https:\/\/www.kletterretter.com\/en\/products\/\"},{\"@type\":\"ListItem\",\"position\":3,\"name\":\"YY Vertical Climbing Socks\"}]},{\"@type\":\"WebSite\",\"@id\":\"https:\/\/www.kletterretter.com\/#website\",\"url\":\"https:\/\/www.kletterretter.com\/\",\"name\":\"KletterRetter - Climb more. Climb better.\",\"description\":\"Every hand tells a story\",\"publisher\":{\"@id\":\"https:\/\/www.kletterretter.com\/#organization\"},\"potentialAction\":[{\"@type\":\"SearchAction\",\"target\":{\"@type\":\"EntryPoint\",\"urlTemplate\":\"https:\/\/www.kletterretter.com\/?s={search_term_string}\"},\"query-input\":{\"@type\":\"PropertyValueSpecification\",\"valueRequired\":true,\"valueName\":\"search_term_string\"}}],\"inLanguage\":\"en-US\"},{\"@type\":\"Organization\",\"@id\":\"https:\/\/www.kletterretter.com\/#organization\",\"name\":\"KletterRetter\",\"url\":\"https:\/\/www.kletterretter.com\/\",\"logo\":{\"@type\":\"ImageObject\",\"inLanguage\":\"en-US\",\"@id\":\"https:\/\/www.kletterretter.com\/#\/schema\/logo\/image\/\",\"url\":\"https:\/\/www.kletterretter.com\/wp-content\/uploads\/2025\/07\/KR-long-blue-1.png\",\"contentUrl\":\"https:\/\/www.kletterretter.com\/wp-content\/uploads\/2025\/07\/KR-long-blue-1.png\",\"width\":1551,\"height\":348,\"caption\":\"KletterRetter\"},\"image\":{\"@id\":\"https:\/\/www.kletterretter.com\/#\/schema\/logo\/image\/\"},\"sameAs\":[\"http:\/\/www.facebook.com\/kletterretter\",\"http:\/\/www.instagram.com\/kletterretter\",\"http:\/\/linkedin.com\/company\/kletterretter\/\"]}]}<\/script>\n<!-- \/ Yoast SEO plugin. -->","yoast_head_json":{"title":"YY Vertical Climbing Socks - KletterRetter - Skincare, Chalk &amp; Tape for climbers","robots":{"index":"index","follow":"follow","max-snippet":"max-snippet:-1","max-image-preview":"max-image-preview:large","max-video-preview":"max-video-preview:-1"},"canonical":"https:\/\/www.kletterretter.com\/produkte\/yy-vertical-climbing-socks\/","og_locale":"en_US","og_type":"article","og_title":"YY Vertical Climbing Socks - KletterRetter - Skincare, Chalk &amp; Tape for climbers","og_description":"\u2713 Nahtlose Klettersocken f\u00fcr Kletterschuhe","og_url":"https:\/\/www.kletterretter.com\/produkte\/yy-vertical-climbing-socks\/","og_site_name":"KletterRetter - Skincare, Chalk &amp; Tape for climbers","article_publisher":"http:\/\/www.facebook.com\/kletterretter","article_modified_time":"2026-04-14T13:25:01+00:00","og_image":[{"width":713,"height":713,"url":"https:\/\/www.kletterretter.com\/wp-content\/uploads\/2026\/04\/yy-vertical-chaussettes-climbing-socks-4.webp","type":"image\/webp"}],"twitter_card":"summary_large_image","schema":{"@context":"https:\/\/schema.org","@graph":[{"@type":"WebPage","@id":"https:\/\/www.kletterretter.com\/produkte\/yy-vertical-climbing-socks\/","url":"https:\/\/www.kletterretter.com\/produkte\/yy-vertical-climbing-socks\/","name":"YY Vertical Climbing Socks - KletterRetter - Skincare, Chalk &amp; Tape for climbers","isPartOf":{"@id":"https:\/\/www.kletterretter.com\/#website"},"primaryImageOfPage":{"@id":"https:\/\/www.kletterretter.com\/produkte\/yy-vertical-climbing-socks\/#primaryimage"},"image":{"@id":"https:\/\/www.kletterretter.com\/produkte\/yy-vertical-climbing-socks\/#primaryimage"},"thumbnailUrl":"https:\/\/www.kletterretter.com\/wp-content\/uploads\/2026\/04\/yy-vertical-chaussettes-climbing-socks-4.webp","datePublished":"2026-04-14T13:23:02+00:00","dateModified":"2026-04-14T13:25:01+00:00","breadcrumb":{"@id":"https:\/\/www.kletterretter.com\/produkte\/yy-vertical-climbing-socks\/#breadcrumb"},"inLanguage":"en-US","potentialAction":[{"@type":"ReadAction","target":["https:\/\/www.kletterretter.com\/produkte\/yy-vertical-climbing-socks\/"]}]},{"@type":"ImageObject","inLanguage":"en-US","@id":"https:\/\/www.kletterretter.com\/produkte\/yy-vertical-climbing-socks\/#primaryimage","url":"https:\/\/www.kletterretter.com\/wp-content\/uploads\/2026\/04\/yy-vertical-chaussettes-climbing-socks-4.webp","contentUrl":"https:\/\/www.kletterretter.com\/wp-content\/uploads\/2026\/04\/yy-vertical-chaussettes-climbing-socks-4.webp","width":713,"height":713},{"@type":"BreadcrumbList","@id":"https:\/\/www.kletterretter.com\/produkte\/yy-vertical-climbing-socks\/#breadcrumb","itemListElement":[{"@type":"ListItem","position":1,"name":"Startseite","item":"https:\/\/www.kletterretter.com\/en\/"},{"@type":"ListItem","position":2,"name":"Shop","item":"https:\/\/www.kletterretter.com\/en\/products\/"},{"@type":"ListItem","position":3,"name":"YY Vertical Climbing Socks"}]},{"@type":"WebSite","@id":"https:\/\/www.kletterretter.com\/#website","url":"https:\/\/www.kletterretter.com\/","name":"KletterRetter - Climb more. Climb better.","description":"Every hand tells a story","publisher":{"@id":"https:\/\/www.kletterretter.com\/#organization"},"potentialAction":[{"@type":"SearchAction","target":{"@type":"EntryPoint","urlTemplate":"https:\/\/www.kletterretter.com\/?s={search_term_string}"},"query-input":{"@type":"PropertyValueSpecification","valueRequired":true,"valueName":"search_term_string"}}],"inLanguage":"en-US"},{"@type":"Organization","@id":"https:\/\/www.kletterretter.com\/#organization","name":"KletterRetter","url":"https:\/\/www.kletterretter.com\/","logo":{"@type":"ImageObject","inLanguage":"en-US","@id":"https:\/\/www.kletterretter.com\/#\/schema\/logo\/image\/","url":"https:\/\/www.kletterretter.com\/wp-content\/uploads\/2025\/07\/KR-long-blue-1.png","contentUrl":"https:\/\/www.kletterretter.com\/wp-content\/uploads\/2025\/07\/KR-long-blue-1.png","width":1551,"height":348,"caption":"KletterRetter"},"image":{"@id":"https:\/\/www.kletterretter.com\/#\/schema\/logo\/image\/"},"sameAs":["http:\/\/www.facebook.com\/kletterretter","http:\/\/www.instagram.com\/kletterretter","http:\/\/linkedin.com\/company\/kletterretter\/"]}]}},"_links":{"self":[{"href":"https:\/\/www.kletterretter.com\/en\/wp-json\/wp\/v2\/product\/127249","targetHints":{"allow":["GET"]}}],"collection":[{"href":"https:\/\/www.kletterretter.com\/en\/wp-json\/wp\/v2\/product"}],"about":[{"href":"https:\/\/www.kletterretter.com\/en\/wp-json\/wp\/v2\/types\/product"}],"wp:featuredmedia":[{"embeddable":true,"href":"https:\/\/www.kletterretter.com\/en\/wp-json\/wp\/v2\/media\/127260"}],"wp:attachment":[{"href":"https:\/\/www.kletterretter.com\/en\/wp-json\/wp\/v2\/media?parent=127249"}],"wp:term":[{"taxonomy":"product_brand","embeddable":true,"href":"https:\/\/www.kletterretter.com\/en\/wp-json\/wp\/v2\/product_brand?post=127249"},{"taxonomy":"product_cat","embeddable":true,"href":"https:\/\/www.kletterretter.com\/en\/wp-json\/wp\/v2\/product_cat?post=127249"},{"taxonomy":"product_tag","embeddable":true,"href":"https:\/\/www.kletterretter.com\/en\/wp-json\/wp\/v2\/product_tag?post=127249"}],"curies":[{"name":"wp","href":"https:\/\/api.w.org\/{rel}","templated":true}]}}