{"id":126034,"date":"2025-12-14T12:36:50","date_gmt":"2025-12-14T11:36:50","guid":{"rendered":"https:\/\/www.kletterretter.com\/?post_type=product&#038;p=126034"},"modified":"2026-04-15T13:50:10","modified_gmt":"2026-04-15T11:50:10","slug":"handpflege-guide","status":"publish","type":"product","link":"https:\/\/www.kletterretter.com\/en\/product\/handpflege-guide\/","title":{"rendered":"Handpflege Guide f\u00fcr Kletternde"},"content":{"rendered":"<h3>Jede Hand erz\u00e4hlt eine Geschichte<\/h3>\n<p>Klettern fordert deine H\u00e4nde, und als die Handpflege-Experten sind wir hier, um dir zu helfen!<\/p>\n<p>Wenn du jemals einen Flapper hattest, mit trockenen, rissigen Fingern k\u00e4mpfst oder deine Haut zu fr\u00fch aufgegeben hat, wei\u00dft du genau, wie wichtig deine H\u00e4nde sind.<\/p>\n<p>Bei KletterRetter glauben wir, dass jede Hand eine Geschichte erz\u00e4hlt. Deine H\u00e4nde verdienen die gleiche Aufmerksamkeit, die du auch dem Rest deines K\u00f6rpers schenkst. Es geht nicht nur darum, Verletzungen oder Unbehagen zu vermeiden \u2013 es geht darum, mehr aus dem Klettern herauszuholen, mit starken und gesunden H\u00e4nden.<\/p>\n<p>Egal, ob du neu beim Klettern bist oder schon seit Jahren dabei \u2013 starke und gesunde H\u00e4nde sind das, was dich weitermachen l\u00e4sst. In diesem Guide gehen wir auf alles ein: Von Hauttypen, Hydration und Griffkraft \u00fcber Chalk bis hin dazu, wie du mit einer einfachen, praktischen Hautpflegeroutine das Beste aus den KletterRetter-Produkten herausholst.<\/p>\n<p>Dieser Guide basiert auf dem, was wir aus jahrelangem Klettern, Testen und Produktentwicklung gelernt haben \u2013 denn KletterRetter rettet deine Haut.<\/p>\n<p>DIN-A5, 56 Seiten<\/p>\n","protected":false},"excerpt":{"rendered":"<p><strong>\u2713 Praxisnaher Handpflege Guide<br \/>\n\u2713 Von Hauttypen \u00fcber Chalk bis zur einfachen Pflegeroutine<br \/>\n\u2713 Basierend auf jahrelanger Erfahrung<br \/>\n\u2713 56 Seiten, kompakt, verst\u00e4ndlich, direkt anwendbar<\/strong><\/p>\n","protected":false},"featured_media":127358,"template":"","meta":[],"product_brand":[],"product_cat":[901,843,500,17,742,16,844,18],"product_tag":[],"class_list":{"0":"post-126034","1":"product","2":"type-product","3":"status-publish","4":"has-post-thumbnail","6":"product_cat-alle-produkte","7":"product_cat-chalk","8":"product_cat-geschenkkarten","9":"product_cat-handpflege","10":"product_cat-kletterretter","11":"product_cat-magnesia-tape-und-mehr","12":"product_cat-tape","13":"product_cat-training-und-peformance","15":"first","16":"instock","17":"taxable","18":"shipping-taxable","19":"purchasable","20":"product-type-simple"},"yoast_head":"<!-- This site is optimized with the Yoast SEO plugin v27.1.1 - https:\/\/yoast.com\/product\/yoast-seo-wordpress\/ -->\n<title>Handpflege Guide f\u00fcr Kletternde - KletterRetter - Skincare, Chalk &amp; Tape for climbers<\/title>\n<meta name=\"robots\" content=\"index, follow, max-snippet:-1, max-image-preview:large, max-video-preview:-1\" \/>\n<link rel=\"canonical\" href=\"https:\/\/www.kletterretter.com\/produkte\/handpflege-guide\/\" \/>\n<meta property=\"og:locale\" content=\"en_US\" \/>\n<meta property=\"og:type\" content=\"article\" \/>\n<meta property=\"og:title\" content=\"Handpflege Guide f\u00fcr Kletternde - KletterRetter - Skincare, Chalk &amp; Tape for climbers\" \/>\n<meta property=\"og:description\" content=\"\u2713 Praxisnaher Handpflege Guide \u2713 Von Hauttypen \u00fcber Chalk bis zur einfachen Pflegeroutine \u2713 Basierend auf jahrelanger Erfahrung \u2713 56 Seiten, kompakt, verst\u00e4ndlich, direkt anwendbar\" \/>\n<meta property=\"og:url\" content=\"https:\/\/www.kletterretter.com\/produkte\/handpflege-guide\/\" \/>\n<meta property=\"og:site_name\" content=\"KletterRetter - Skincare, Chalk &amp; Tape for climbers\" \/>\n<meta property=\"article:publisher\" content=\"http:\/\/www.facebook.com\/kletterretter\" \/>\n<meta property=\"article:modified_time\" content=\"2026-04-15T11:50:10+00:00\" \/>\n<meta property=\"og:image\" content=\"https:\/\/www.kletterretter.com\/wp-content\/uploads\/2025\/12\/handpflege.jpg\" \/>\n\t<meta property=\"og:image:width\" content=\"1080\" \/>\n\t<meta property=\"og:image:height\" content=\"1080\" \/>\n\t<meta property=\"og:image:type\" content=\"image\/jpeg\" \/>\n<meta name=\"twitter:card\" content=\"summary_large_image\" \/>\n<meta name=\"twitter:label1\" content=\"Est. reading time\" \/>\n\t<meta name=\"twitter:data1\" content=\"1 minute\" \/>\n<script type=\"application\/ld+json\" class=\"yoast-schema-graph\">{\"@context\":\"https:\/\/schema.org\",\"@graph\":[{\"@type\":\"WebPage\",\"@id\":\"https:\/\/www.kletterretter.com\/produkte\/handpflege-guide\/\",\"url\":\"https:\/\/www.kletterretter.com\/produkte\/handpflege-guide\/\",\"name\":\"Handpflege Guide f\u00fcr Kletternde - KletterRetter - Skincare, Chalk &amp; Tape for climbers\",\"isPartOf\":{\"@id\":\"https:\/\/www.kletterretter.com\/#website\"},\"primaryImageOfPage\":{\"@id\":\"https:\/\/www.kletterretter.com\/produkte\/handpflege-guide\/#primaryimage\"},\"image\":{\"@id\":\"https:\/\/www.kletterretter.com\/produkte\/handpflege-guide\/#primaryimage\"},\"thumbnailUrl\":\"https:\/\/www.kletterretter.com\/wp-content\/uploads\/2025\/12\/handpflege.jpg\",\"datePublished\":\"2025-12-14T11:36:50+00:00\",\"dateModified\":\"2026-04-15T11:50:10+00:00\",\"breadcrumb\":{\"@id\":\"https:\/\/www.kletterretter.com\/produkte\/handpflege-guide\/#breadcrumb\"},\"inLanguage\":\"en-US\",\"potentialAction\":[{\"@type\":\"ReadAction\",\"target\":[\"https:\/\/www.kletterretter.com\/produkte\/handpflege-guide\/\"]}]},{\"@type\":\"ImageObject\",\"inLanguage\":\"en-US\",\"@id\":\"https:\/\/www.kletterretter.com\/produkte\/handpflege-guide\/#primaryimage\",\"url\":\"https:\/\/www.kletterretter.com\/wp-content\/uploads\/2025\/12\/handpflege.jpg\",\"contentUrl\":\"https:\/\/www.kletterretter.com\/wp-content\/uploads\/2025\/12\/handpflege.jpg\",\"width\":1080,\"height\":1080},{\"@type\":\"BreadcrumbList\",\"@id\":\"https:\/\/www.kletterretter.com\/produkte\/handpflege-guide\/#breadcrumb\",\"itemListElement\":[{\"@type\":\"ListItem\",\"position\":1,\"name\":\"Startseite\",\"item\":\"https:\/\/www.kletterretter.com\/en\/\"},{\"@type\":\"ListItem\",\"position\":2,\"name\":\"Shop\",\"item\":\"https:\/\/www.kletterretter.com\/en\/products\/\"},{\"@type\":\"ListItem\",\"position\":3,\"name\":\"Handpflege Guide f\u00fcr Kletternde\"}]},{\"@type\":\"WebSite\",\"@id\":\"https:\/\/www.kletterretter.com\/#website\",\"url\":\"https:\/\/www.kletterretter.com\/\",\"name\":\"KletterRetter - Climb more. Climb better.\",\"description\":\"Every hand tells a story\",\"publisher\":{\"@id\":\"https:\/\/www.kletterretter.com\/#organization\"},\"potentialAction\":[{\"@type\":\"SearchAction\",\"target\":{\"@type\":\"EntryPoint\",\"urlTemplate\":\"https:\/\/www.kletterretter.com\/?s={search_term_string}\"},\"query-input\":{\"@type\":\"PropertyValueSpecification\",\"valueRequired\":true,\"valueName\":\"search_term_string\"}}],\"inLanguage\":\"en-US\"},{\"@type\":\"Organization\",\"@id\":\"https:\/\/www.kletterretter.com\/#organization\",\"name\":\"KletterRetter\",\"url\":\"https:\/\/www.kletterretter.com\/\",\"logo\":{\"@type\":\"ImageObject\",\"inLanguage\":\"en-US\",\"@id\":\"https:\/\/www.kletterretter.com\/#\/schema\/logo\/image\/\",\"url\":\"https:\/\/www.kletterretter.com\/wp-content\/uploads\/2025\/07\/KR-long-blue-1.png\",\"contentUrl\":\"https:\/\/www.kletterretter.com\/wp-content\/uploads\/2025\/07\/KR-long-blue-1.png\",\"width\":1551,\"height\":348,\"caption\":\"KletterRetter\"},\"image\":{\"@id\":\"https:\/\/www.kletterretter.com\/#\/schema\/logo\/image\/\"},\"sameAs\":[\"http:\/\/www.facebook.com\/kletterretter\",\"http:\/\/www.instagram.com\/kletterretter\",\"http:\/\/linkedin.com\/company\/kletterretter\/\"]}]}<\/script>\n<!-- \/ Yoast SEO plugin. -->","yoast_head_json":{"title":"Handpflege Guide f\u00fcr Kletternde - KletterRetter - Skincare, Chalk &amp; Tape for climbers","robots":{"index":"index","follow":"follow","max-snippet":"max-snippet:-1","max-image-preview":"max-image-preview:large","max-video-preview":"max-video-preview:-1"},"canonical":"https:\/\/www.kletterretter.com\/produkte\/handpflege-guide\/","og_locale":"en_US","og_type":"article","og_title":"Handpflege Guide f\u00fcr Kletternde - KletterRetter - Skincare, Chalk &amp; Tape for climbers","og_description":"\u2713 Praxisnaher Handpflege Guide \u2713 Von Hauttypen \u00fcber Chalk bis zur einfachen Pflegeroutine \u2713 Basierend auf jahrelanger Erfahrung \u2713 56 Seiten, kompakt, verst\u00e4ndlich, direkt anwendbar","og_url":"https:\/\/www.kletterretter.com\/produkte\/handpflege-guide\/","og_site_name":"KletterRetter - Skincare, Chalk &amp; Tape for climbers","article_publisher":"http:\/\/www.facebook.com\/kletterretter","article_modified_time":"2026-04-15T11:50:10+00:00","og_image":[{"width":1080,"height":1080,"url":"https:\/\/www.kletterretter.com\/wp-content\/uploads\/2025\/12\/handpflege.jpg","type":"image\/jpeg"}],"twitter_card":"summary_large_image","twitter_misc":{"Est. reading time":"1 minute"},"schema":{"@context":"https:\/\/schema.org","@graph":[{"@type":"WebPage","@id":"https:\/\/www.kletterretter.com\/produkte\/handpflege-guide\/","url":"https:\/\/www.kletterretter.com\/produkte\/handpflege-guide\/","name":"Handpflege Guide f\u00fcr Kletternde - KletterRetter - Skincare, Chalk &amp; Tape for climbers","isPartOf":{"@id":"https:\/\/www.kletterretter.com\/#website"},"primaryImageOfPage":{"@id":"https:\/\/www.kletterretter.com\/produkte\/handpflege-guide\/#primaryimage"},"image":{"@id":"https:\/\/www.kletterretter.com\/produkte\/handpflege-guide\/#primaryimage"},"thumbnailUrl":"https:\/\/www.kletterretter.com\/wp-content\/uploads\/2025\/12\/handpflege.jpg","datePublished":"2025-12-14T11:36:50+00:00","dateModified":"2026-04-15T11:50:10+00:00","breadcrumb":{"@id":"https:\/\/www.kletterretter.com\/produkte\/handpflege-guide\/#breadcrumb"},"inLanguage":"en-US","potentialAction":[{"@type":"ReadAction","target":["https:\/\/www.kletterretter.com\/produkte\/handpflege-guide\/"]}]},{"@type":"ImageObject","inLanguage":"en-US","@id":"https:\/\/www.kletterretter.com\/produkte\/handpflege-guide\/#primaryimage","url":"https:\/\/www.kletterretter.com\/wp-content\/uploads\/2025\/12\/handpflege.jpg","contentUrl":"https:\/\/www.kletterretter.com\/wp-content\/uploads\/2025\/12\/handpflege.jpg","width":1080,"height":1080},{"@type":"BreadcrumbList","@id":"https:\/\/www.kletterretter.com\/produkte\/handpflege-guide\/#breadcrumb","itemListElement":[{"@type":"ListItem","position":1,"name":"Startseite","item":"https:\/\/www.kletterretter.com\/en\/"},{"@type":"ListItem","position":2,"name":"Shop","item":"https:\/\/www.kletterretter.com\/en\/products\/"},{"@type":"ListItem","position":3,"name":"Handpflege Guide f\u00fcr Kletternde"}]},{"@type":"WebSite","@id":"https:\/\/www.kletterretter.com\/#website","url":"https:\/\/www.kletterretter.com\/","name":"KletterRetter - Climb more. Climb better.","description":"Every hand tells a story","publisher":{"@id":"https:\/\/www.kletterretter.com\/#organization"},"potentialAction":[{"@type":"SearchAction","target":{"@type":"EntryPoint","urlTemplate":"https:\/\/www.kletterretter.com\/?s={search_term_string}"},"query-input":{"@type":"PropertyValueSpecification","valueRequired":true,"valueName":"search_term_string"}}],"inLanguage":"en-US"},{"@type":"Organization","@id":"https:\/\/www.kletterretter.com\/#organization","name":"KletterRetter","url":"https:\/\/www.kletterretter.com\/","logo":{"@type":"ImageObject","inLanguage":"en-US","@id":"https:\/\/www.kletterretter.com\/#\/schema\/logo\/image\/","url":"https:\/\/www.kletterretter.com\/wp-content\/uploads\/2025\/07\/KR-long-blue-1.png","contentUrl":"https:\/\/www.kletterretter.com\/wp-content\/uploads\/2025\/07\/KR-long-blue-1.png","width":1551,"height":348,"caption":"KletterRetter"},"image":{"@id":"https:\/\/www.kletterretter.com\/#\/schema\/logo\/image\/"},"sameAs":["http:\/\/www.facebook.com\/kletterretter","http:\/\/www.instagram.com\/kletterretter","http:\/\/linkedin.com\/company\/kletterretter\/"]}]}},"_links":{"self":[{"href":"https:\/\/www.kletterretter.com\/en\/wp-json\/wp\/v2\/product\/126034","targetHints":{"allow":["GET"]}}],"collection":[{"href":"https:\/\/www.kletterretter.com\/en\/wp-json\/wp\/v2\/product"}],"about":[{"href":"https:\/\/www.kletterretter.com\/en\/wp-json\/wp\/v2\/types\/product"}],"wp:featuredmedia":[{"embeddable":true,"href":"https:\/\/www.kletterretter.com\/en\/wp-json\/wp\/v2\/media\/127358"}],"wp:attachment":[{"href":"https:\/\/www.kletterretter.com\/en\/wp-json\/wp\/v2\/media?parent=126034"}],"wp:term":[{"taxonomy":"product_brand","embeddable":true,"href":"https:\/\/www.kletterretter.com\/en\/wp-json\/wp\/v2\/product_brand?post=126034"},{"taxonomy":"product_cat","embeddable":true,"href":"https:\/\/www.kletterretter.com\/en\/wp-json\/wp\/v2\/product_cat?post=126034"},{"taxonomy":"product_tag","embeddable":true,"href":"https:\/\/www.kletterretter.com\/en\/wp-json\/wp\/v2\/product_tag?post=126034"}],"curies":[{"name":"wp","href":"https:\/\/api.w.org\/{rel}","templated":true}]}}