{"id":125769,"date":"2025-11-27T20:32:12","date_gmt":"2025-11-27T19:32:12","guid":{"rendered":"https:\/\/www.kletterretter.com\/?post_type=product&#038;p=125769"},"modified":"2026-02-07T17:39:09","modified_gmt":"2026-02-07T16:39:09","slug":"frei-am-fels-alexander-megos","status":"publish","type":"product","link":"https:\/\/www.kletterretter.com\/en\/product\/frei-am-fels-alexander-megos\/","title":{"rendered":"Frei am Fels: Alexander Megos"},"content":{"rendered":"<p>Es w\u00e4re Alex Megos nicht recht, wenn man ihn als\u00a0<strong>neuen Star der deutschen Kletterszene<\/strong>\u00a0beschreibt. Dabei ist der bescheidene 31-J\u00e4hrige aus Erlangen genau das. Seine\u00a0<strong>Spezialdisziplin sind Routen am Fels<\/strong>, wobei die Herausforderung nicht hoch genug sein kann \u2013 Megos hat mehrere Strecken im\u00a0<strong>9. Schwierigkeitsgrad<\/strong>\u00a0gemeistert, mehr geht beim Klettern nicht. Seine Leistungsst\u00e4rke brachte ihn bis zu den\u00a0<strong>Olympischen Spielen<\/strong>\u00a0von Paris, wo er allerdings alles andere als gut abschnitt. Dar\u00fcber spricht Alex Megos in diesem Buch genauso<strong>\u00a0schonungslos offen<\/strong>\u00a0wie \u00fcber seine\u00a0<strong>Magersucht<\/strong>\u00a0und die ihm so wichtigen Themen\u00a0<strong>Klimaschutz und Nachhaltigkeit.<\/strong><\/p>\n<ul>\n<li>Ein\u00a0<strong>Spitzensportler<\/strong>, der offen \u00fcber R\u00fcckschl\u00e4ge bei Olympia,<strong>\u00a0psychische Herausforderungen<\/strong>\u00a0wie Magersucht und\u00a0<strong>pers\u00f6nliche Schw\u00e4chen<\/strong>\u00a0spricht<\/li>\n<li><strong>Pers\u00f6nlich, intensiv, inspirierend:<\/strong>\u00a0Einblicke in den Kopf eines Ausnahmeathleten<\/li>\n<li>Megos geh\u00f6rt zu den\u00a0<strong>wenigen weltweit<\/strong>, die mehrere Routen im\u00a0<strong>9. Schwierigkeitsgrad\u00a0<\/strong>bezwungen haben<\/li>\n<\/ul>\n<div class=\"et_pb_column et_pb_column_1_5 et_pb_column_3_tb_body first-box et_pb_css_mix_blend_mode_passthrough\">\n<div class=\"et_pb_module et_pb_text et_pb_text_0_tb_body et_pb_text_align_left et_pb_bg_layout_light\">\n<div class=\"et_pb_text_inner\"><\/div>\n<\/div>\n<\/div>\n<div class=\"et_pb_with_border et_pb_column_1_5 et_pb_column et_pb_column_5_tb_body et_pb_css_mix_blend_mode_passthrough\">\n<div class=\"et_pb_module et_pb_text et_pb_text_4_tb_body et_pb_text_align_left et_pb_bg_layout_light\">\n<div class=\"et_pb_text_inner\">\n<p><span style=\"font-size: 14.4px;\">UMFANG <\/span><span style=\"color: #333333; font-size: 14.4px;\">288 Seiten<\/span><\/p>\n<\/div>\n<\/div>\n<\/div>\n","protected":false},"excerpt":{"rendered":"<p>Es w\u00e4re Alex Megos nicht recht, wenn man ihn als\u00a0neuen Star der deutschen Kletterszene\u00a0beschreibt. Dabei ist der bescheidene 31-J\u00e4hrige aus Erlangen genau das. Seine\u00a0Spezialdisziplin sind Routen am Fels, wobei die Herausforderung nicht hoch genug sein kann \u2013 Megos hat mehrere Strecken im\u00a09. Schwierigkeitsgrad\u00a0gemeistert, mehr geht beim Klettern nicht. Seine Leistungsst\u00e4rke brachte ihn bis zu den\u00a0Olympischen [&#8230;]\n","protected":false},"featured_media":125772,"template":"","meta":[],"product_brand":[],"product_cat":[901,500],"product_tag":[],"class_list":{"0":"post-125769","1":"product","2":"type-product","3":"status-publish","4":"has-post-thumbnail","6":"product_cat-alle-produkte","7":"product_cat-geschenkkarten","9":"first","10":"instock","11":"taxable","12":"shipping-taxable","13":"purchasable","14":"product-type-simple"},"yoast_head":"<!-- This site is optimized with the Yoast SEO plugin v27.1.1 - https:\/\/yoast.com\/product\/yoast-seo-wordpress\/ -->\n<title>Frei am Fels: Alexander Megos - KletterRetter - Climb more. Climb better.<\/title>\n<meta name=\"robots\" content=\"index, follow, max-snippet:-1, max-image-preview:large, max-video-preview:-1\" \/>\n<link rel=\"canonical\" href=\"https:\/\/www.kletterretter.com\/en\/product\/frei-am-fels-alexander-megos\/\" \/>\n<meta property=\"og:locale\" content=\"en_US\" \/>\n<meta property=\"og:type\" content=\"article\" \/>\n<meta property=\"og:title\" content=\"Frei am Fels: Alexander Megos - KletterRetter - Climb more. Climb better.\" \/>\n<meta property=\"og:description\" content=\"Es w\u00e4re Alex Megos nicht recht, wenn man ihn als\u00a0neuen Star der deutschen Kletterszene\u00a0beschreibt. Dabei ist der bescheidene 31-J\u00e4hrige aus Erlangen genau das. Seine\u00a0Spezialdisziplin sind Routen am Fels, wobei die Herausforderung nicht hoch genug sein kann \u2013 Megos hat mehrere Strecken im\u00a09. Schwierigkeitsgrad\u00a0gemeistert, mehr geht beim Klettern nicht. Seine Leistungsst\u00e4rke brachte ihn bis zu den\u00a0Olympischen [...]\" \/>\n<meta property=\"og:url\" content=\"https:\/\/www.kletterretter.com\/en\/product\/frei-am-fels-alexander-megos\/\" \/>\n<meta property=\"og:site_name\" content=\"KletterRetter - Climb more. Climb better.\" \/>\n<meta property=\"article:publisher\" content=\"http:\/\/www.facebook.com\/kletterretter\" \/>\n<meta property=\"article:modified_time\" content=\"2026-02-07T16:39:09+00:00\" \/>\n<meta property=\"og:image\" content=\"https:\/\/www.kletterretter.com\/wp-content\/uploads\/2025\/11\/Cover.jpg\" \/>\n\t<meta property=\"og:image:width\" content=\"800\" \/>\n\t<meta property=\"og:image:height\" content=\"1024\" \/>\n\t<meta property=\"og:image:type\" content=\"image\/jpeg\" \/>\n<meta name=\"twitter:card\" content=\"summary_large_image\" \/>\n<meta name=\"twitter:label1\" content=\"Est. reading time\" \/>\n\t<meta name=\"twitter:data1\" content=\"1 minute\" \/>\n<script type=\"application\/ld+json\" class=\"yoast-schema-graph\">{\"@context\":\"https:\/\/schema.org\",\"@graph\":[{\"@type\":\"WebPage\",\"@id\":\"https:\/\/www.kletterretter.com\/en\/product\/frei-am-fels-alexander-megos\/\",\"url\":\"https:\/\/www.kletterretter.com\/en\/product\/frei-am-fels-alexander-megos\/\",\"name\":\"Frei am Fels: Alexander Megos - KletterRetter - Climb more. Climb better.\",\"isPartOf\":{\"@id\":\"https:\/\/www.kletterretter.com\/#website\"},\"primaryImageOfPage\":{\"@id\":\"https:\/\/www.kletterretter.com\/en\/product\/frei-am-fels-alexander-megos\/#primaryimage\"},\"image\":{\"@id\":\"https:\/\/www.kletterretter.com\/en\/product\/frei-am-fels-alexander-megos\/#primaryimage\"},\"thumbnailUrl\":\"https:\/\/www.kletterretter.com\/wp-content\/uploads\/2025\/11\/Cover.jpg\",\"datePublished\":\"2025-11-27T19:32:12+00:00\",\"dateModified\":\"2026-02-07T16:39:09+00:00\",\"breadcrumb\":{\"@id\":\"https:\/\/www.kletterretter.com\/en\/product\/frei-am-fels-alexander-megos\/#breadcrumb\"},\"inLanguage\":\"en-US\",\"potentialAction\":[{\"@type\":\"ReadAction\",\"target\":[\"https:\/\/www.kletterretter.com\/en\/product\/frei-am-fels-alexander-megos\/\"]}]},{\"@type\":\"ImageObject\",\"inLanguage\":\"en-US\",\"@id\":\"https:\/\/www.kletterretter.com\/en\/product\/frei-am-fels-alexander-megos\/#primaryimage\",\"url\":\"https:\/\/www.kletterretter.com\/wp-content\/uploads\/2025\/11\/Cover.jpg\",\"contentUrl\":\"https:\/\/www.kletterretter.com\/wp-content\/uploads\/2025\/11\/Cover.jpg\",\"width\":800,\"height\":1024},{\"@type\":\"BreadcrumbList\",\"@id\":\"https:\/\/www.kletterretter.com\/en\/product\/frei-am-fels-alexander-megos\/#breadcrumb\",\"itemListElement\":[{\"@type\":\"ListItem\",\"position\":1,\"name\":\"Startseite\",\"item\":\"https:\/\/www.kletterretter.com\/en\/\"},{\"@type\":\"ListItem\",\"position\":2,\"name\":\"Shop\",\"item\":\"https:\/\/www.kletterretter.com\/en\/products\/\"},{\"@type\":\"ListItem\",\"position\":3,\"name\":\"Frei am Fels: Alexander Megos\"}]},{\"@type\":\"WebSite\",\"@id\":\"https:\/\/www.kletterretter.com\/#website\",\"url\":\"https:\/\/www.kletterretter.com\/\",\"name\":\"KletterRetter - Climb more. Climb better.\",\"description\":\"Climb more. Climb better.\",\"publisher\":{\"@id\":\"https:\/\/www.kletterretter.com\/#organization\"},\"potentialAction\":[{\"@type\":\"SearchAction\",\"target\":{\"@type\":\"EntryPoint\",\"urlTemplate\":\"https:\/\/www.kletterretter.com\/?s={search_term_string}\"},\"query-input\":{\"@type\":\"PropertyValueSpecification\",\"valueRequired\":true,\"valueName\":\"search_term_string\"}}],\"inLanguage\":\"en-US\"},{\"@type\":\"Organization\",\"@id\":\"https:\/\/www.kletterretter.com\/#organization\",\"name\":\"KletterRetter\",\"url\":\"https:\/\/www.kletterretter.com\/\",\"logo\":{\"@type\":\"ImageObject\",\"inLanguage\":\"en-US\",\"@id\":\"https:\/\/www.kletterretter.com\/#\/schema\/logo\/image\/\",\"url\":\"https:\/\/www.kletterretter.com\/wp-content\/uploads\/2025\/07\/KR-long-blue-1.png\",\"contentUrl\":\"https:\/\/www.kletterretter.com\/wp-content\/uploads\/2025\/07\/KR-long-blue-1.png\",\"width\":1551,\"height\":348,\"caption\":\"KletterRetter\"},\"image\":{\"@id\":\"https:\/\/www.kletterretter.com\/#\/schema\/logo\/image\/\"},\"sameAs\":[\"http:\/\/www.facebook.com\/kletterretter\",\"http:\/\/www.instagram.com\/kletterretter\",\"http:\/\/linkedin.com\/company\/kletterretter\/\"]}]}<\/script>\n<!-- \/ Yoast SEO plugin. -->","yoast_head_json":{"title":"Frei am Fels: Alexander Megos - KletterRetter - Climb more. Climb better.","robots":{"index":"index","follow":"follow","max-snippet":"max-snippet:-1","max-image-preview":"max-image-preview:large","max-video-preview":"max-video-preview:-1"},"canonical":"https:\/\/www.kletterretter.com\/en\/product\/frei-am-fels-alexander-megos\/","og_locale":"en_US","og_type":"article","og_title":"Frei am Fels: Alexander Megos - KletterRetter - Climb more. Climb better.","og_description":"Es w\u00e4re Alex Megos nicht recht, wenn man ihn als\u00a0neuen Star der deutschen Kletterszene\u00a0beschreibt. Dabei ist der bescheidene 31-J\u00e4hrige aus Erlangen genau das. Seine\u00a0Spezialdisziplin sind Routen am Fels, wobei die Herausforderung nicht hoch genug sein kann \u2013 Megos hat mehrere Strecken im\u00a09. Schwierigkeitsgrad\u00a0gemeistert, mehr geht beim Klettern nicht. Seine Leistungsst\u00e4rke brachte ihn bis zu den\u00a0Olympischen [...]","og_url":"https:\/\/www.kletterretter.com\/en\/product\/frei-am-fels-alexander-megos\/","og_site_name":"KletterRetter - Climb more. Climb better.","article_publisher":"http:\/\/www.facebook.com\/kletterretter","article_modified_time":"2026-02-07T16:39:09+00:00","og_image":[{"width":800,"height":1024,"url":"https:\/\/www.kletterretter.com\/wp-content\/uploads\/2025\/11\/Cover.jpg","type":"image\/jpeg"}],"twitter_card":"summary_large_image","twitter_misc":{"Est. reading time":"1 minute"},"schema":{"@context":"https:\/\/schema.org","@graph":[{"@type":"WebPage","@id":"https:\/\/www.kletterretter.com\/en\/product\/frei-am-fels-alexander-megos\/","url":"https:\/\/www.kletterretter.com\/en\/product\/frei-am-fels-alexander-megos\/","name":"Frei am Fels: Alexander Megos - KletterRetter - Climb more. Climb better.","isPartOf":{"@id":"https:\/\/www.kletterretter.com\/#website"},"primaryImageOfPage":{"@id":"https:\/\/www.kletterretter.com\/en\/product\/frei-am-fels-alexander-megos\/#primaryimage"},"image":{"@id":"https:\/\/www.kletterretter.com\/en\/product\/frei-am-fels-alexander-megos\/#primaryimage"},"thumbnailUrl":"https:\/\/www.kletterretter.com\/wp-content\/uploads\/2025\/11\/Cover.jpg","datePublished":"2025-11-27T19:32:12+00:00","dateModified":"2026-02-07T16:39:09+00:00","breadcrumb":{"@id":"https:\/\/www.kletterretter.com\/en\/product\/frei-am-fels-alexander-megos\/#breadcrumb"},"inLanguage":"en-US","potentialAction":[{"@type":"ReadAction","target":["https:\/\/www.kletterretter.com\/en\/product\/frei-am-fels-alexander-megos\/"]}]},{"@type":"ImageObject","inLanguage":"en-US","@id":"https:\/\/www.kletterretter.com\/en\/product\/frei-am-fels-alexander-megos\/#primaryimage","url":"https:\/\/www.kletterretter.com\/wp-content\/uploads\/2025\/11\/Cover.jpg","contentUrl":"https:\/\/www.kletterretter.com\/wp-content\/uploads\/2025\/11\/Cover.jpg","width":800,"height":1024},{"@type":"BreadcrumbList","@id":"https:\/\/www.kletterretter.com\/en\/product\/frei-am-fels-alexander-megos\/#breadcrumb","itemListElement":[{"@type":"ListItem","position":1,"name":"Startseite","item":"https:\/\/www.kletterretter.com\/en\/"},{"@type":"ListItem","position":2,"name":"Shop","item":"https:\/\/www.kletterretter.com\/en\/products\/"},{"@type":"ListItem","position":3,"name":"Frei am Fels: Alexander Megos"}]},{"@type":"WebSite","@id":"https:\/\/www.kletterretter.com\/#website","url":"https:\/\/www.kletterretter.com\/","name":"KletterRetter - Climb more. Climb better.","description":"Climb more. Climb better.","publisher":{"@id":"https:\/\/www.kletterretter.com\/#organization"},"potentialAction":[{"@type":"SearchAction","target":{"@type":"EntryPoint","urlTemplate":"https:\/\/www.kletterretter.com\/?s={search_term_string}"},"query-input":{"@type":"PropertyValueSpecification","valueRequired":true,"valueName":"search_term_string"}}],"inLanguage":"en-US"},{"@type":"Organization","@id":"https:\/\/www.kletterretter.com\/#organization","name":"KletterRetter","url":"https:\/\/www.kletterretter.com\/","logo":{"@type":"ImageObject","inLanguage":"en-US","@id":"https:\/\/www.kletterretter.com\/#\/schema\/logo\/image\/","url":"https:\/\/www.kletterretter.com\/wp-content\/uploads\/2025\/07\/KR-long-blue-1.png","contentUrl":"https:\/\/www.kletterretter.com\/wp-content\/uploads\/2025\/07\/KR-long-blue-1.png","width":1551,"height":348,"caption":"KletterRetter"},"image":{"@id":"https:\/\/www.kletterretter.com\/#\/schema\/logo\/image\/"},"sameAs":["http:\/\/www.facebook.com\/kletterretter","http:\/\/www.instagram.com\/kletterretter","http:\/\/linkedin.com\/company\/kletterretter\/"]}]}},"_links":{"self":[{"href":"https:\/\/www.kletterretter.com\/en\/wp-json\/wp\/v2\/product\/125769","targetHints":{"allow":["GET"]}}],"collection":[{"href":"https:\/\/www.kletterretter.com\/en\/wp-json\/wp\/v2\/product"}],"about":[{"href":"https:\/\/www.kletterretter.com\/en\/wp-json\/wp\/v2\/types\/product"}],"wp:featuredmedia":[{"embeddable":true,"href":"https:\/\/www.kletterretter.com\/en\/wp-json\/wp\/v2\/media\/125772"}],"wp:attachment":[{"href":"https:\/\/www.kletterretter.com\/en\/wp-json\/wp\/v2\/media?parent=125769"}],"wp:term":[{"taxonomy":"product_brand","embeddable":true,"href":"https:\/\/www.kletterretter.com\/en\/wp-json\/wp\/v2\/product_brand?post=125769"},{"taxonomy":"product_cat","embeddable":true,"href":"https:\/\/www.kletterretter.com\/en\/wp-json\/wp\/v2\/product_cat?post=125769"},{"taxonomy":"product_tag","embeddable":true,"href":"https:\/\/www.kletterretter.com\/en\/wp-json\/wp\/v2\/product_tag?post=125769"}],"curies":[{"name":"wp","href":"https:\/\/api.w.org\/{rel}","templated":true}]}}