{"id":117956,"date":"2024-02-28T17:42:00","date_gmt":"2024-02-28T16:42:00","guid":{"rendered":"https:\/\/www.kletterretter.com\/?post_type=product&#038;p=117956"},"modified":"2026-03-31T19:09:25","modified_gmt":"2026-03-31T17:09:25","slug":"culo-clean","status":"publish","type":"product","link":"https:\/\/www.kletterretter.com\/en\/product\/culo-clean\/","title":{"rendered":"CuloClean Tragbares Bidet"},"content":{"rendered":"<p>CuloClean ist ein tragbares Bidet, das an deine Plastikflasche angesetzt werden kann, vollst\u00e4ndig diskret, effizient und einfach \u00fcberallhin mitzunehmen.<\/p>\n<p>Das diskreteste tragbare Bidet auf dem Markt: So klein (3 cm x 4 cm), dass du es in jede Tasche stecken kannst. Benutze es unterwegs, zuhause oder sogar im B\u00fcro.<\/p>\n<p>Kompatibel mit jeglicher Flasche: CuloClean ist mit den meisten Plastikflaschen auf dem Markt kompatibel. Das Design ist so konzipiert, dass es auf die g\u00e4ngigsten Flaschendurchmesser passt.<\/p>\n<p>Die umweltfreundliche und \u00f6konomische Alternative zu Toilettenpapier und Feuchtt\u00fcchern: Es ist langlebig und umweltfreundlich. Einwegprodukte verschmutzen unseren Planeten mit Abfall. Mit CuloClean kannst du f\u00fcr immer auf Toilettenpapier und Feuchtt\u00fccher verzichten &#8211; vor allem unterwegs in der Natur.<\/p>\n<p>Effektive Intimhygiene: Reguliere die Intensit\u00e4t des Wassers, indem du mehr oder weniger Druck auf die Flasche aus\u00fcbst. Erhalte so ein perfektes Ergebnis ohne Toilettenpapier oder Feuchtt\u00fccher.<\/p>\n<p>F\u00fchle dich \u00fcberall sauber und wie frisch gewaschen \u2013 denn nur Wasser schenkt dir ein wirklich sauberes Gef\u00fchl. Warum sollten wir Papier benutzen, wenn wir stattdessen Wasser verwenden k\u00f6nnen?<\/p>\n","protected":false},"excerpt":{"rendered":"<p><strong>\u2713 Tragbares Bidet<br \/>\n\u2713 Direkt an deine Plastikflasche ansetzen<br \/>\n\u2713 Einfach \u00fcberallhin mitzunehmen<\/strong><\/p>\n","protected":false},"featured_media":117968,"template":"","meta":[],"product_brand":[],"product_cat":[901,500,811,744,526],"product_tag":[],"class_list":{"0":"post-117956","1":"product","2":"type-product","3":"status-publish","4":"has-post-thumbnail","6":"product_cat-alle-produkte","7":"product_cat-geschenkkarten","8":"product_cat-hygiene","9":"product_cat-kula-cloth","10":"product_cat-outdoor-zubehoer","12":"first","13":"instock","14":"taxable","15":"shipping-taxable","16":"purchasable","17":"product-type-variable"},"yoast_head":"<!-- This site is optimized with the Yoast SEO plugin v27.1.1 - https:\/\/yoast.com\/product\/yoast-seo-wordpress\/ -->\n<title>CuloClean Tragbares Bidet - KletterRetter - Skincare, Chalk &amp; Tape for climbers<\/title>\n<meta name=\"robots\" content=\"index, follow, max-snippet:-1, max-image-preview:large, max-video-preview:-1\" \/>\n<link rel=\"canonical\" href=\"https:\/\/www.kletterretter.com\/produkte\/culo-clean\/\" \/>\n<meta property=\"og:locale\" content=\"en_US\" \/>\n<meta property=\"og:type\" content=\"article\" \/>\n<meta property=\"og:title\" content=\"CuloClean Tragbares Bidet - KletterRetter - Skincare, Chalk &amp; Tape for climbers\" \/>\n<meta property=\"og:description\" content=\"\u2713 Tragbares Bidet \u2713 Direkt an deine Plastikflasche ansetzen \u2713 Einfach \u00fcberallhin mitzunehmen\" \/>\n<meta property=\"og:url\" content=\"https:\/\/www.kletterretter.com\/produkte\/culo-clean\/\" \/>\n<meta property=\"og:site_name\" content=\"KletterRetter - Skincare, Chalk &amp; Tape for climbers\" \/>\n<meta property=\"article:publisher\" content=\"http:\/\/www.facebook.com\/kletterretter\" \/>\n<meta property=\"article:modified_time\" content=\"2026-03-31T17:09:25+00:00\" \/>\n<meta property=\"og:image\" content=\"https:\/\/www.kletterretter.com\/wp-content\/uploads\/2024\/02\/schwarz.png\" \/>\n\t<meta property=\"og:image:width\" content=\"625\" \/>\n\t<meta property=\"og:image:height\" content=\"625\" \/>\n\t<meta property=\"og:image:type\" content=\"image\/png\" \/>\n<meta name=\"twitter:card\" content=\"summary_large_image\" \/>\n<meta name=\"twitter:label1\" content=\"Est. reading time\" \/>\n\t<meta name=\"twitter:data1\" content=\"1 minute\" \/>\n<script type=\"application\/ld+json\" class=\"yoast-schema-graph\">{\"@context\":\"https:\/\/schema.org\",\"@graph\":[{\"@type\":\"WebPage\",\"@id\":\"https:\/\/www.kletterretter.com\/produkte\/culo-clean\/\",\"url\":\"https:\/\/www.kletterretter.com\/produkte\/culo-clean\/\",\"name\":\"CuloClean Tragbares Bidet - KletterRetter - Skincare, Chalk &amp; Tape for climbers\",\"isPartOf\":{\"@id\":\"https:\/\/www.kletterretter.com\/#website\"},\"primaryImageOfPage\":{\"@id\":\"https:\/\/www.kletterretter.com\/produkte\/culo-clean\/#primaryimage\"},\"image\":{\"@id\":\"https:\/\/www.kletterretter.com\/produkte\/culo-clean\/#primaryimage\"},\"thumbnailUrl\":\"https:\/\/www.kletterretter.com\/wp-content\/uploads\/2024\/02\/schwarz.png\",\"datePublished\":\"2024-02-28T16:42:00+00:00\",\"dateModified\":\"2026-03-31T17:09:25+00:00\",\"breadcrumb\":{\"@id\":\"https:\/\/www.kletterretter.com\/produkte\/culo-clean\/#breadcrumb\"},\"inLanguage\":\"en-US\",\"potentialAction\":[{\"@type\":\"ReadAction\",\"target\":[\"https:\/\/www.kletterretter.com\/produkte\/culo-clean\/\"]}]},{\"@type\":\"ImageObject\",\"inLanguage\":\"en-US\",\"@id\":\"https:\/\/www.kletterretter.com\/produkte\/culo-clean\/#primaryimage\",\"url\":\"https:\/\/www.kletterretter.com\/wp-content\/uploads\/2024\/02\/schwarz.png\",\"contentUrl\":\"https:\/\/www.kletterretter.com\/wp-content\/uploads\/2024\/02\/schwarz.png\",\"width\":625,\"height\":625},{\"@type\":\"BreadcrumbList\",\"@id\":\"https:\/\/www.kletterretter.com\/produkte\/culo-clean\/#breadcrumb\",\"itemListElement\":[{\"@type\":\"ListItem\",\"position\":1,\"name\":\"Startseite\",\"item\":\"https:\/\/www.kletterretter.com\/en\/\"},{\"@type\":\"ListItem\",\"position\":2,\"name\":\"Shop\",\"item\":\"https:\/\/www.kletterretter.com\/en\/products\/\"},{\"@type\":\"ListItem\",\"position\":3,\"name\":\"CuloClean Tragbares Bidet\"}]},{\"@type\":\"WebSite\",\"@id\":\"https:\/\/www.kletterretter.com\/#website\",\"url\":\"https:\/\/www.kletterretter.com\/\",\"name\":\"KletterRetter - Climb more. Climb better.\",\"description\":\"Every hand tells a story\",\"publisher\":{\"@id\":\"https:\/\/www.kletterretter.com\/#organization\"},\"potentialAction\":[{\"@type\":\"SearchAction\",\"target\":{\"@type\":\"EntryPoint\",\"urlTemplate\":\"https:\/\/www.kletterretter.com\/?s={search_term_string}\"},\"query-input\":{\"@type\":\"PropertyValueSpecification\",\"valueRequired\":true,\"valueName\":\"search_term_string\"}}],\"inLanguage\":\"en-US\"},{\"@type\":\"Organization\",\"@id\":\"https:\/\/www.kletterretter.com\/#organization\",\"name\":\"KletterRetter\",\"url\":\"https:\/\/www.kletterretter.com\/\",\"logo\":{\"@type\":\"ImageObject\",\"inLanguage\":\"en-US\",\"@id\":\"https:\/\/www.kletterretter.com\/#\/schema\/logo\/image\/\",\"url\":\"https:\/\/www.kletterretter.com\/wp-content\/uploads\/2025\/07\/KR-long-blue-1.png\",\"contentUrl\":\"https:\/\/www.kletterretter.com\/wp-content\/uploads\/2025\/07\/KR-long-blue-1.png\",\"width\":1551,\"height\":348,\"caption\":\"KletterRetter\"},\"image\":{\"@id\":\"https:\/\/www.kletterretter.com\/#\/schema\/logo\/image\/\"},\"sameAs\":[\"http:\/\/www.facebook.com\/kletterretter\",\"http:\/\/www.instagram.com\/kletterretter\",\"http:\/\/linkedin.com\/company\/kletterretter\/\"]}]}<\/script>\n<!-- \/ Yoast SEO plugin. -->","yoast_head_json":{"title":"CuloClean Tragbares Bidet - KletterRetter - Skincare, Chalk &amp; Tape for climbers","robots":{"index":"index","follow":"follow","max-snippet":"max-snippet:-1","max-image-preview":"max-image-preview:large","max-video-preview":"max-video-preview:-1"},"canonical":"https:\/\/www.kletterretter.com\/produkte\/culo-clean\/","og_locale":"en_US","og_type":"article","og_title":"CuloClean Tragbares Bidet - KletterRetter - Skincare, Chalk &amp; Tape for climbers","og_description":"\u2713 Tragbares Bidet \u2713 Direkt an deine Plastikflasche ansetzen \u2713 Einfach \u00fcberallhin mitzunehmen","og_url":"https:\/\/www.kletterretter.com\/produkte\/culo-clean\/","og_site_name":"KletterRetter - Skincare, Chalk &amp; Tape for climbers","article_publisher":"http:\/\/www.facebook.com\/kletterretter","article_modified_time":"2026-03-31T17:09:25+00:00","og_image":[{"width":625,"height":625,"url":"https:\/\/www.kletterretter.com\/wp-content\/uploads\/2024\/02\/schwarz.png","type":"image\/png"}],"twitter_card":"summary_large_image","twitter_misc":{"Est. reading time":"1 minute"},"schema":{"@context":"https:\/\/schema.org","@graph":[{"@type":"WebPage","@id":"https:\/\/www.kletterretter.com\/produkte\/culo-clean\/","url":"https:\/\/www.kletterretter.com\/produkte\/culo-clean\/","name":"CuloClean Tragbares Bidet - KletterRetter - Skincare, Chalk &amp; Tape for climbers","isPartOf":{"@id":"https:\/\/www.kletterretter.com\/#website"},"primaryImageOfPage":{"@id":"https:\/\/www.kletterretter.com\/produkte\/culo-clean\/#primaryimage"},"image":{"@id":"https:\/\/www.kletterretter.com\/produkte\/culo-clean\/#primaryimage"},"thumbnailUrl":"https:\/\/www.kletterretter.com\/wp-content\/uploads\/2024\/02\/schwarz.png","datePublished":"2024-02-28T16:42:00+00:00","dateModified":"2026-03-31T17:09:25+00:00","breadcrumb":{"@id":"https:\/\/www.kletterretter.com\/produkte\/culo-clean\/#breadcrumb"},"inLanguage":"en-US","potentialAction":[{"@type":"ReadAction","target":["https:\/\/www.kletterretter.com\/produkte\/culo-clean\/"]}]},{"@type":"ImageObject","inLanguage":"en-US","@id":"https:\/\/www.kletterretter.com\/produkte\/culo-clean\/#primaryimage","url":"https:\/\/www.kletterretter.com\/wp-content\/uploads\/2024\/02\/schwarz.png","contentUrl":"https:\/\/www.kletterretter.com\/wp-content\/uploads\/2024\/02\/schwarz.png","width":625,"height":625},{"@type":"BreadcrumbList","@id":"https:\/\/www.kletterretter.com\/produkte\/culo-clean\/#breadcrumb","itemListElement":[{"@type":"ListItem","position":1,"name":"Startseite","item":"https:\/\/www.kletterretter.com\/en\/"},{"@type":"ListItem","position":2,"name":"Shop","item":"https:\/\/www.kletterretter.com\/en\/products\/"},{"@type":"ListItem","position":3,"name":"CuloClean Tragbares Bidet"}]},{"@type":"WebSite","@id":"https:\/\/www.kletterretter.com\/#website","url":"https:\/\/www.kletterretter.com\/","name":"KletterRetter - Climb more. Climb better.","description":"Every hand tells a story","publisher":{"@id":"https:\/\/www.kletterretter.com\/#organization"},"potentialAction":[{"@type":"SearchAction","target":{"@type":"EntryPoint","urlTemplate":"https:\/\/www.kletterretter.com\/?s={search_term_string}"},"query-input":{"@type":"PropertyValueSpecification","valueRequired":true,"valueName":"search_term_string"}}],"inLanguage":"en-US"},{"@type":"Organization","@id":"https:\/\/www.kletterretter.com\/#organization","name":"KletterRetter","url":"https:\/\/www.kletterretter.com\/","logo":{"@type":"ImageObject","inLanguage":"en-US","@id":"https:\/\/www.kletterretter.com\/#\/schema\/logo\/image\/","url":"https:\/\/www.kletterretter.com\/wp-content\/uploads\/2025\/07\/KR-long-blue-1.png","contentUrl":"https:\/\/www.kletterretter.com\/wp-content\/uploads\/2025\/07\/KR-long-blue-1.png","width":1551,"height":348,"caption":"KletterRetter"},"image":{"@id":"https:\/\/www.kletterretter.com\/#\/schema\/logo\/image\/"},"sameAs":["http:\/\/www.facebook.com\/kletterretter","http:\/\/www.instagram.com\/kletterretter","http:\/\/linkedin.com\/company\/kletterretter\/"]}]}},"_links":{"self":[{"href":"https:\/\/www.kletterretter.com\/en\/wp-json\/wp\/v2\/product\/117956","targetHints":{"allow":["GET"]}}],"collection":[{"href":"https:\/\/www.kletterretter.com\/en\/wp-json\/wp\/v2\/product"}],"about":[{"href":"https:\/\/www.kletterretter.com\/en\/wp-json\/wp\/v2\/types\/product"}],"wp:featuredmedia":[{"embeddable":true,"href":"https:\/\/www.kletterretter.com\/en\/wp-json\/wp\/v2\/media\/117968"}],"wp:attachment":[{"href":"https:\/\/www.kletterretter.com\/en\/wp-json\/wp\/v2\/media?parent=117956"}],"wp:term":[{"taxonomy":"product_brand","embeddable":true,"href":"https:\/\/www.kletterretter.com\/en\/wp-json\/wp\/v2\/product_brand?post=117956"},{"taxonomy":"product_cat","embeddable":true,"href":"https:\/\/www.kletterretter.com\/en\/wp-json\/wp\/v2\/product_cat?post=117956"},{"taxonomy":"product_tag","embeddable":true,"href":"https:\/\/www.kletterretter.com\/en\/wp-json\/wp\/v2\/product_tag?post=117956"}],"curies":[{"name":"wp","href":"https:\/\/api.w.org\/{rel}","templated":true}]}}