{"id":105097,"date":"2020-09-16T14:31:17","date_gmt":"2020-09-16T12:31:17","guid":{"rendered":"https:\/\/www.kletterretter.com\/?post_type=product&#038;p=105097"},"modified":"2026-04-14T14:57:06","modified_gmt":"2026-04-14T12:57:06","slug":"plastikfreie-trinkflasche","status":"publish","type":"product","link":"https:\/\/www.kletterretter.com\/en\/product\/plastikfreie-trinkflasche\/","title":{"rendered":"Plastikfreie Trinkflasche"},"content":{"rendered":"<p><strong>NACHHALTIGE TRINKFLASCHE VON AJAA!<\/strong><br \/>\nDie ajaa! Flasche 0,8l und die Flasche 0,4l bestehen ausschlie\u00dflich aus Zuckerrohr und Mineralien. Sie sind komplett frei von Schadstoffen wie z.B. BPA und damit gesundheitlich v\u00f6llig unbedenklich. Die Flaschen sind leicht, pflegeleicht und bruchsicher. Selbst bei Kohlens\u00e4ure sind sie auslaufsicher und auch die Sp\u00fclmaschine kann ihnen nichts anhaben. Selbstverst\u00e4ndlich sind sie geruchs- und geschmacksneutral, so dass man unterschiedliche Getr\u00e4nke \u2013 warm und kalt \u2013 daraus genie\u00dfen kann.<\/p>\n<p><strong>DIE TRINKFLASCHE F\u00dcR ALLE GELEGENHEITEN<\/strong><br \/>\nDie erd\u00f6lplastikfreie Trinkflasche eignet sich hervorragend f\u00fcr alle Gelegenheiten: f\u00fcr die Arbeit, die Schule, beim Sport oder f\u00fcr unterwegs. Sie passen in alle Flaschenhalterungen im Auto und am Fahrrad und auch in Rucks\u00e4cken und Handtaschen k\u00f6nnen sie gut transportiert werden. An der nachhaltigen Kordel aus Bio-Leinen kann die Flasche einfach gehalten oder am Rucksack eingeh\u00e4ngt werden. Die ajaa! Bottles sind au\u00dferdem leicht und bruchsicher, also eine fantastische Alternative zu Flaschen aus Glas oder Metall.<\/p>\n<p><strong>AJAAS VERSPRECHEN F\u00dcR DIE UMWELT<\/strong><br \/>\najaa! setzt bei der Herstellung der umweltfreundlichen Produkte voll und ganz auf den Einsatz nachwachsender Rohstoffe. Ein gro\u00dfer Vorteil gegen\u00fcber Erd\u00f6lplastik besteht darin, dass auf Weichmacher, wie beispielsweise BPA, vollst\u00e4ndig verzichtet werden kann. Mit dem Erwerb einer ajaa! Trinkflasche tust du also nicht nur dir selbst, sondern auch der Umwelt etwas Gutes. ajaa! Produkte entstehen vom ersten Skizzenentwurf bis zur schlussendlichen Fertigung ausschlie\u00dflich in Deutschland. Mit dem \u201eMade in Germany\u201c-Versprechen garantiert ajaa!, dass alle Produkte der Marke den allerh\u00f6chsten Qualit\u00e4tsanspr\u00fcchen entsprechen.<\/p>\n<p><strong>TIPP<\/strong><br \/>\nIn den Trinkflaschen in zwei praktischen Gr\u00f6\u00dfen k\u00f6nnen beispielsweise auch leckere, gesunde Smoothies, Salatdressing und vieles mehr transportiert werden.<\/p>\n<p>Um gesunde Getr\u00e4nke mit Geschmack zu bekommen, kannst du einfach ein St\u00fcck Obst mit in die Wasserflasche geben.<\/p>\n","protected":false},"excerpt":{"rendered":"<p><strong>\u2713 Nachhaltige Trinkflasche<br \/>\n\u2713 CO2 &#8211; neutral<br \/>\n\u2713 Made in Germany<br \/>\n\u2713 F\u00fcr warme &#038; kalte Getr\u00e4nke<br \/>\n\u2713 100% nat\u00fcrlich<br \/>\n\u2713 Kein Melamin &#8211; aus Zuckerrohr &#038; Kalk<br \/>\n<\/strong><\/p>\n","protected":false},"featured_media":105098,"template":"","meta":[],"product_brand":[],"product_cat":[901,822,21,526],"product_tag":[],"class_list":{"0":"post-105097","1":"product","2":"type-product","3":"status-publish","4":"has-post-thumbnail","6":"product_cat-alle-produkte","7":"product_cat-angebote","8":"product_cat-ernaehrung","9":"product_cat-outdoor-zubehoer","11":"first","12":"instock","13":"sale","14":"taxable","15":"shipping-taxable","16":"purchasable","17":"product-type-variable"},"yoast_head":"<!-- This site is optimized with the Yoast SEO plugin v27.1.1 - https:\/\/yoast.com\/product\/yoast-seo-wordpress\/ -->\n<title>Plastikfreie Trinkflasche - KletterRetter - Skincare, Chalk &amp; Tape for climbers<\/title>\n<meta name=\"robots\" content=\"index, follow, max-snippet:-1, max-image-preview:large, max-video-preview:-1\" \/>\n<link rel=\"canonical\" href=\"https:\/\/www.kletterretter.com\/produkte\/plastikfreie-trinkflasche\/\" \/>\n<meta property=\"og:locale\" content=\"en_US\" \/>\n<meta property=\"og:type\" content=\"article\" \/>\n<meta property=\"og:title\" content=\"Plastikfreie Trinkflasche - KletterRetter - Skincare, Chalk &amp; Tape for climbers\" \/>\n<meta property=\"og:description\" content=\"\u2713 Nachhaltige Trinkflasche \u2713 CO2 - neutral  \u2713 Made in Germany  \u2713 F\u00fcr warme &amp; kalte Getr\u00e4nke  \u2713 100% nat\u00fcrlich \u2713 Kein Melamin - aus Zuckerrohr &amp; Kalk\" \/>\n<meta property=\"og:url\" content=\"https:\/\/www.kletterretter.com\/produkte\/plastikfreie-trinkflasche\/\" \/>\n<meta property=\"og:site_name\" content=\"KletterRetter - Skincare, Chalk &amp; Tape for climbers\" \/>\n<meta property=\"article:publisher\" content=\"http:\/\/www.facebook.com\/kletterretter\" \/>\n<meta property=\"article:modified_time\" content=\"2026-04-14T12:57:06+00:00\" \/>\n<meta property=\"og:image\" content=\"https:\/\/www.kletterretter.com\/wp-content\/uploads\/2020\/09\/Flasche_freigestellt_kleinKopie_2048x2048.png\" \/>\n\t<meta property=\"og:image:width\" content=\"425\" \/>\n\t<meta property=\"og:image:height\" content=\"532\" \/>\n\t<meta property=\"og:image:type\" content=\"image\/png\" \/>\n<meta name=\"twitter:card\" content=\"summary_large_image\" \/>\n<meta name=\"twitter:label1\" content=\"Est. reading time\" \/>\n\t<meta name=\"twitter:data1\" content=\"2 minutes\" \/>\n<script type=\"application\/ld+json\" class=\"yoast-schema-graph\">{\"@context\":\"https:\/\/schema.org\",\"@graph\":[{\"@type\":\"WebPage\",\"@id\":\"https:\/\/www.kletterretter.com\/produkte\/plastikfreie-trinkflasche\/\",\"url\":\"https:\/\/www.kletterretter.com\/produkte\/plastikfreie-trinkflasche\/\",\"name\":\"Plastikfreie Trinkflasche - KletterRetter - Skincare, Chalk &amp; Tape for climbers\",\"isPartOf\":{\"@id\":\"https:\/\/www.kletterretter.com\/#website\"},\"primaryImageOfPage\":{\"@id\":\"https:\/\/www.kletterretter.com\/produkte\/plastikfreie-trinkflasche\/#primaryimage\"},\"image\":{\"@id\":\"https:\/\/www.kletterretter.com\/produkte\/plastikfreie-trinkflasche\/#primaryimage\"},\"thumbnailUrl\":\"https:\/\/www.kletterretter.com\/wp-content\/uploads\/2020\/09\/Flasche_freigestellt_kleinKopie_2048x2048.png\",\"datePublished\":\"2020-09-16T12:31:17+00:00\",\"dateModified\":\"2026-04-14T12:57:06+00:00\",\"breadcrumb\":{\"@id\":\"https:\/\/www.kletterretter.com\/produkte\/plastikfreie-trinkflasche\/#breadcrumb\"},\"inLanguage\":\"en-US\",\"potentialAction\":[{\"@type\":\"ReadAction\",\"target\":[\"https:\/\/www.kletterretter.com\/produkte\/plastikfreie-trinkflasche\/\"]}]},{\"@type\":\"ImageObject\",\"inLanguage\":\"en-US\",\"@id\":\"https:\/\/www.kletterretter.com\/produkte\/plastikfreie-trinkflasche\/#primaryimage\",\"url\":\"https:\/\/www.kletterretter.com\/wp-content\/uploads\/2020\/09\/Flasche_freigestellt_kleinKopie_2048x2048.png\",\"contentUrl\":\"https:\/\/www.kletterretter.com\/wp-content\/uploads\/2020\/09\/Flasche_freigestellt_kleinKopie_2048x2048.png\",\"width\":425,\"height\":532},{\"@type\":\"BreadcrumbList\",\"@id\":\"https:\/\/www.kletterretter.com\/produkte\/plastikfreie-trinkflasche\/#breadcrumb\",\"itemListElement\":[{\"@type\":\"ListItem\",\"position\":1,\"name\":\"Startseite\",\"item\":\"https:\/\/www.kletterretter.com\/en\/\"},{\"@type\":\"ListItem\",\"position\":2,\"name\":\"Shop\",\"item\":\"https:\/\/www.kletterretter.com\/en\/products\/\"},{\"@type\":\"ListItem\",\"position\":3,\"name\":\"Plastikfreie Trinkflasche\"}]},{\"@type\":\"WebSite\",\"@id\":\"https:\/\/www.kletterretter.com\/#website\",\"url\":\"https:\/\/www.kletterretter.com\/\",\"name\":\"KletterRetter - Climb more. Climb better.\",\"description\":\"Every hand tells a story\",\"publisher\":{\"@id\":\"https:\/\/www.kletterretter.com\/#organization\"},\"potentialAction\":[{\"@type\":\"SearchAction\",\"target\":{\"@type\":\"EntryPoint\",\"urlTemplate\":\"https:\/\/www.kletterretter.com\/?s={search_term_string}\"},\"query-input\":{\"@type\":\"PropertyValueSpecification\",\"valueRequired\":true,\"valueName\":\"search_term_string\"}}],\"inLanguage\":\"en-US\"},{\"@type\":\"Organization\",\"@id\":\"https:\/\/www.kletterretter.com\/#organization\",\"name\":\"KletterRetter\",\"url\":\"https:\/\/www.kletterretter.com\/\",\"logo\":{\"@type\":\"ImageObject\",\"inLanguage\":\"en-US\",\"@id\":\"https:\/\/www.kletterretter.com\/#\/schema\/logo\/image\/\",\"url\":\"https:\/\/www.kletterretter.com\/wp-content\/uploads\/2025\/07\/KR-long-blue-1.png\",\"contentUrl\":\"https:\/\/www.kletterretter.com\/wp-content\/uploads\/2025\/07\/KR-long-blue-1.png\",\"width\":1551,\"height\":348,\"caption\":\"KletterRetter\"},\"image\":{\"@id\":\"https:\/\/www.kletterretter.com\/#\/schema\/logo\/image\/\"},\"sameAs\":[\"http:\/\/www.facebook.com\/kletterretter\",\"http:\/\/www.instagram.com\/kletterretter\",\"http:\/\/linkedin.com\/company\/kletterretter\/\"]}]}<\/script>\n<!-- \/ Yoast SEO plugin. -->","yoast_head_json":{"title":"Plastikfreie Trinkflasche - KletterRetter - Skincare, Chalk &amp; Tape for climbers","robots":{"index":"index","follow":"follow","max-snippet":"max-snippet:-1","max-image-preview":"max-image-preview:large","max-video-preview":"max-video-preview:-1"},"canonical":"https:\/\/www.kletterretter.com\/produkte\/plastikfreie-trinkflasche\/","og_locale":"en_US","og_type":"article","og_title":"Plastikfreie Trinkflasche - KletterRetter - Skincare, Chalk &amp; Tape for climbers","og_description":"\u2713 Nachhaltige Trinkflasche \u2713 CO2 - neutral  \u2713 Made in Germany  \u2713 F\u00fcr warme & kalte Getr\u00e4nke  \u2713 100% nat\u00fcrlich \u2713 Kein Melamin - aus Zuckerrohr & Kalk","og_url":"https:\/\/www.kletterretter.com\/produkte\/plastikfreie-trinkflasche\/","og_site_name":"KletterRetter - Skincare, Chalk &amp; Tape for climbers","article_publisher":"http:\/\/www.facebook.com\/kletterretter","article_modified_time":"2026-04-14T12:57:06+00:00","og_image":[{"width":425,"height":532,"url":"https:\/\/www.kletterretter.com\/wp-content\/uploads\/2020\/09\/Flasche_freigestellt_kleinKopie_2048x2048.png","type":"image\/png"}],"twitter_card":"summary_large_image","twitter_misc":{"Est. reading time":"2 minutes"},"schema":{"@context":"https:\/\/schema.org","@graph":[{"@type":"WebPage","@id":"https:\/\/www.kletterretter.com\/produkte\/plastikfreie-trinkflasche\/","url":"https:\/\/www.kletterretter.com\/produkte\/plastikfreie-trinkflasche\/","name":"Plastikfreie Trinkflasche - KletterRetter - Skincare, Chalk &amp; Tape for climbers","isPartOf":{"@id":"https:\/\/www.kletterretter.com\/#website"},"primaryImageOfPage":{"@id":"https:\/\/www.kletterretter.com\/produkte\/plastikfreie-trinkflasche\/#primaryimage"},"image":{"@id":"https:\/\/www.kletterretter.com\/produkte\/plastikfreie-trinkflasche\/#primaryimage"},"thumbnailUrl":"https:\/\/www.kletterretter.com\/wp-content\/uploads\/2020\/09\/Flasche_freigestellt_kleinKopie_2048x2048.png","datePublished":"2020-09-16T12:31:17+00:00","dateModified":"2026-04-14T12:57:06+00:00","breadcrumb":{"@id":"https:\/\/www.kletterretter.com\/produkte\/plastikfreie-trinkflasche\/#breadcrumb"},"inLanguage":"en-US","potentialAction":[{"@type":"ReadAction","target":["https:\/\/www.kletterretter.com\/produkte\/plastikfreie-trinkflasche\/"]}]},{"@type":"ImageObject","inLanguage":"en-US","@id":"https:\/\/www.kletterretter.com\/produkte\/plastikfreie-trinkflasche\/#primaryimage","url":"https:\/\/www.kletterretter.com\/wp-content\/uploads\/2020\/09\/Flasche_freigestellt_kleinKopie_2048x2048.png","contentUrl":"https:\/\/www.kletterretter.com\/wp-content\/uploads\/2020\/09\/Flasche_freigestellt_kleinKopie_2048x2048.png","width":425,"height":532},{"@type":"BreadcrumbList","@id":"https:\/\/www.kletterretter.com\/produkte\/plastikfreie-trinkflasche\/#breadcrumb","itemListElement":[{"@type":"ListItem","position":1,"name":"Startseite","item":"https:\/\/www.kletterretter.com\/en\/"},{"@type":"ListItem","position":2,"name":"Shop","item":"https:\/\/www.kletterretter.com\/en\/products\/"},{"@type":"ListItem","position":3,"name":"Plastikfreie Trinkflasche"}]},{"@type":"WebSite","@id":"https:\/\/www.kletterretter.com\/#website","url":"https:\/\/www.kletterretter.com\/","name":"KletterRetter - Climb more. Climb better.","description":"Every hand tells a story","publisher":{"@id":"https:\/\/www.kletterretter.com\/#organization"},"potentialAction":[{"@type":"SearchAction","target":{"@type":"EntryPoint","urlTemplate":"https:\/\/www.kletterretter.com\/?s={search_term_string}"},"query-input":{"@type":"PropertyValueSpecification","valueRequired":true,"valueName":"search_term_string"}}],"inLanguage":"en-US"},{"@type":"Organization","@id":"https:\/\/www.kletterretter.com\/#organization","name":"KletterRetter","url":"https:\/\/www.kletterretter.com\/","logo":{"@type":"ImageObject","inLanguage":"en-US","@id":"https:\/\/www.kletterretter.com\/#\/schema\/logo\/image\/","url":"https:\/\/www.kletterretter.com\/wp-content\/uploads\/2025\/07\/KR-long-blue-1.png","contentUrl":"https:\/\/www.kletterretter.com\/wp-content\/uploads\/2025\/07\/KR-long-blue-1.png","width":1551,"height":348,"caption":"KletterRetter"},"image":{"@id":"https:\/\/www.kletterretter.com\/#\/schema\/logo\/image\/"},"sameAs":["http:\/\/www.facebook.com\/kletterretter","http:\/\/www.instagram.com\/kletterretter","http:\/\/linkedin.com\/company\/kletterretter\/"]}]}},"_links":{"self":[{"href":"https:\/\/www.kletterretter.com\/en\/wp-json\/wp\/v2\/product\/105097","targetHints":{"allow":["GET"]}}],"collection":[{"href":"https:\/\/www.kletterretter.com\/en\/wp-json\/wp\/v2\/product"}],"about":[{"href":"https:\/\/www.kletterretter.com\/en\/wp-json\/wp\/v2\/types\/product"}],"wp:featuredmedia":[{"embeddable":true,"href":"https:\/\/www.kletterretter.com\/en\/wp-json\/wp\/v2\/media\/105098"}],"wp:attachment":[{"href":"https:\/\/www.kletterretter.com\/en\/wp-json\/wp\/v2\/media?parent=105097"}],"wp:term":[{"taxonomy":"product_brand","embeddable":true,"href":"https:\/\/www.kletterretter.com\/en\/wp-json\/wp\/v2\/product_brand?post=105097"},{"taxonomy":"product_cat","embeddable":true,"href":"https:\/\/www.kletterretter.com\/en\/wp-json\/wp\/v2\/product_cat?post=105097"},{"taxonomy":"product_tag","embeddable":true,"href":"https:\/\/www.kletterretter.com\/en\/wp-json\/wp\/v2\/product_tag?post=105097"}],"curies":[{"name":"wp","href":"https:\/\/api.w.org\/{rel}","templated":true}]}}