{"id":101652,"date":"2018-04-01T17:41:13","date_gmt":"2018-04-01T15:41:13","guid":{"rendered":"https:\/\/www.kletterretter.com\/?post_type=product&#038;p=101652"},"modified":"2023-04-26T15:09:17","modified_gmt":"2023-04-26T13:09:17","slug":"bouldertraining","status":"publish","type":"product","link":"https:\/\/www.kletterretter.com\/en\/product\/bouldertraining\/","title":{"rendered":"Bouldertraining &#8211; Ralf Winkler"},"content":{"rendered":"<p>Bouldertraining: mehr Kraft \u2013 bessere Technik \u2013 starker Kopf ist inhaltlich der logische Schritt nach der Ver\u00f6ffentlichung des Grundkurs Bouldern. Das Buch kn\u00fcpft genau dort an, wo der Grundkurs seine Leser entl\u00e4sst. Hast du dich einmal mit den Grundlagen des Kletterns vertraut gemacht und willst nun m\u00f6glichst schnell Erfolge erzielen, vermittelt Bouldertraining dir die daf\u00fcr notwendigen Kenntnisse. Dabei beschr\u00e4nkt sich das Buch anders als andere Klettertrainingsratgeber nicht nur auf den k\u00f6rperlichen Aspekt. Weil Bouldern ein vielseitiger Sport ist, der den Athleten mental und technisch ebenso wie physisch herausfordert, geh\u00f6rt auch das zu den Schwerpunkten von Bouldertraining.<\/p>\n<p>Gleichzeitig habe ich Effizienz in den Mittelpunkt des Buchs gestellt. Weil die wenigsten von uns Gelegenheit haben, sich voll auf dieses Hobby zu konzentrieren, sollte die eingesetzte Zeit den gr\u00f6\u00dftm\u00f6glichen Effekt auf die Kletterleistung haben. Damit das m\u00f6glich wird, muss das Training auf die eigenen St\u00e4rken und Schw\u00e4chen abgestimmt sein. In Bouldertraining: mehr Kraft \u2013 bessere Technik \u2013 starker Kopf stelle ich dir deshalb drei Wege vor, um diese zu erkennen, und erkl\u00e4re dir, wie du auf Basis dieses Wissens einen individuellen Trainingsplan erstellst, der dir zuverl\u00e4ssiger Leistungszuw\u00e4chse verschafft, als es bei standardisierten Pl\u00e4nen aus dem Internet der Fall ist.<\/p>\n<p>Ob deine Schwachstellen eher technischer, physischer oder mentaler Natur sind, spielt keine Rolle \u2013 mit den insgesamt \u00fcber 80 vorgestellten \u00dcbungen werden alle Aspekte abgedeckt. Weil es beim k\u00f6rperlichen Training auch auf die korrekte Ausf\u00fchrung ankommt, werden diese \u00dcbungen anhand von Texten und Bildserien im Detail erkl\u00e4rt. Au\u00dferdem finden sich Informationen dazu, ob eine Methode eher f\u00fcr Anf\u00e4nger, Fortgeschrittene oder Trainingsprofis geeignet ist. Dadurch ist Bouldertraining l\u00e4ngst nicht nur f\u00fcr Kletterer interessant, die nach den ersten Monaten richtig durchstarten wollen, sondern auch f\u00fcr jene, die nach mehreren Kletterjahren keine Fortschritte mehr erzielen und nun durch strukturiertes Training fit f\u00fcr den n\u00e4chsten Grad werden wollen.<\/p>\n<p>Als Einmal-lesen-und-weglegen-Lekt\u00fcre sollte Bouldertraining: mehr Kraft \u2013 bessere Technik \u2013 starker Kopf allerdings nicht angesehen werden. Das Buch ist als Trainingsratgeber angelegt, auf den jederzeit zur\u00fcckgegriffen werden kann, wenn es darum geht, die n\u00e4chste Schwachstelle zu beseitigen oder ein weiteres Projekt abzuschlie\u00dfen. Willst du immer wieder neue Leistungsh\u00f6hen erreichen, macht es also Sinn, regelm\u00e4\u00dfig die eigenen F\u00e4higkeiten auf den Pr\u00fcfstand zu stellen und das Training entsprechend anzupassen. Das Buch kann dir dann als praktische Hilfe zur Seite stehen.<\/p>\n","protected":false},"excerpt":{"rendered":"<p>Hast du dich einmal mit den Grundlagen des Kletterns vertraut gemacht und willst nun m\u00f6glichst schnell Erfolge erzielen, vermittelt Bouldertraining dir die daf\u00fcr notwendigen Kenntnisse. Dabei beschr\u00e4nkt sich das Buch anders als andere Klettertrainingsratgeber nicht nur auf den k\u00f6rperlichen Aspekt. Weil Bouldern ein vielseitiger Sport ist, der den Athleten mental und technisch ebenso wie physisch herausfordert, geh\u00f6rt auch das zu den Schwerpunkten von Bouldertraining.<\/p>\n","protected":false},"featured_media":101654,"template":"","meta":[],"product_brand":[],"product_cat":[18],"product_tag":[],"class_list":{"0":"post-101652","1":"product","2":"type-product","3":"status-publish","4":"has-post-thumbnail","6":"product_cat-training-und-peformance","8":"first","9":"instock","10":"taxable","11":"shipping-taxable","12":"purchasable","13":"product-type-simple"},"yoast_head":"<!-- This site is optimized with the Yoast SEO plugin v27.1.1 - https:\/\/yoast.com\/product\/yoast-seo-wordpress\/ -->\n<title>Bouldertraining - Ralf Winkler - KletterRetter - Climb more. Climb better.<\/title>\n<meta name=\"robots\" content=\"index, follow, max-snippet:-1, max-image-preview:large, max-video-preview:-1\" \/>\n<link rel=\"canonical\" href=\"https:\/\/www.kletterretter.com\/en\/product\/bouldertraining\/\" \/>\n<meta property=\"og:locale\" content=\"en_US\" \/>\n<meta property=\"og:type\" content=\"article\" \/>\n<meta property=\"og:title\" content=\"Bouldertraining - Ralf Winkler - KletterRetter - Climb more. Climb better.\" \/>\n<meta property=\"og:description\" content=\"Hast du dich einmal mit den Grundlagen des Kletterns vertraut gemacht und willst nun m\u00f6glichst schnell Erfolge erzielen, vermittelt Bouldertraining dir die daf\u00fcr notwendigen Kenntnisse. Dabei beschr\u00e4nkt sich das Buch anders als andere Klettertrainingsratgeber nicht nur auf den k\u00f6rperlichen Aspekt. Weil Bouldern ein vielseitiger Sport ist, der den Athleten mental und technisch ebenso wie physisch herausfordert, geh\u00f6rt auch das zu den Schwerpunkten von Bouldertraining.\" \/>\n<meta property=\"og:url\" content=\"https:\/\/www.kletterretter.com\/en\/product\/bouldertraining\/\" \/>\n<meta property=\"og:site_name\" content=\"KletterRetter - Climb more. Climb better.\" \/>\n<meta property=\"article:publisher\" content=\"http:\/\/www.facebook.com\/kletterretter\" \/>\n<meta property=\"article:modified_time\" content=\"2023-04-26T13:09:17+00:00\" \/>\n<meta property=\"og:image\" content=\"https:\/\/www.kletterretter.com\/wp-content\/uploads\/2019\/05\/mockup-boulder-training.jpg\" \/>\n\t<meta property=\"og:image:width\" content=\"2000\" \/>\n\t<meta property=\"og:image:height\" content=\"2000\" \/>\n\t<meta property=\"og:image:type\" content=\"image\/jpeg\" \/>\n<meta name=\"twitter:card\" content=\"summary_large_image\" \/>\n<meta name=\"twitter:label1\" content=\"Est. reading time\" \/>\n\t<meta name=\"twitter:data1\" content=\"2 minutes\" \/>\n<script type=\"application\/ld+json\" class=\"yoast-schema-graph\">{\"@context\":\"https:\/\/schema.org\",\"@graph\":[{\"@type\":\"WebPage\",\"@id\":\"https:\/\/www.kletterretter.com\/en\/product\/bouldertraining\/\",\"url\":\"https:\/\/www.kletterretter.com\/en\/product\/bouldertraining\/\",\"name\":\"Bouldertraining - Ralf Winkler - KletterRetter - Climb more. Climb better.\",\"isPartOf\":{\"@id\":\"https:\/\/www.kletterretter.com\/#website\"},\"primaryImageOfPage\":{\"@id\":\"https:\/\/www.kletterretter.com\/en\/product\/bouldertraining\/#primaryimage\"},\"image\":{\"@id\":\"https:\/\/www.kletterretter.com\/en\/product\/bouldertraining\/#primaryimage\"},\"thumbnailUrl\":\"https:\/\/www.kletterretter.com\/wp-content\/uploads\/2019\/05\/mockup-boulder-training.jpg\",\"datePublished\":\"2018-04-01T15:41:13+00:00\",\"dateModified\":\"2023-04-26T13:09:17+00:00\",\"breadcrumb\":{\"@id\":\"https:\/\/www.kletterretter.com\/en\/product\/bouldertraining\/#breadcrumb\"},\"inLanguage\":\"en-US\",\"potentialAction\":[{\"@type\":\"ReadAction\",\"target\":[\"https:\/\/www.kletterretter.com\/en\/product\/bouldertraining\/\"]}]},{\"@type\":\"ImageObject\",\"inLanguage\":\"en-US\",\"@id\":\"https:\/\/www.kletterretter.com\/en\/product\/bouldertraining\/#primaryimage\",\"url\":\"https:\/\/www.kletterretter.com\/wp-content\/uploads\/2019\/05\/mockup-boulder-training.jpg\",\"contentUrl\":\"https:\/\/www.kletterretter.com\/wp-content\/uploads\/2019\/05\/mockup-boulder-training.jpg\",\"width\":2000,\"height\":2000},{\"@type\":\"BreadcrumbList\",\"@id\":\"https:\/\/www.kletterretter.com\/en\/product\/bouldertraining\/#breadcrumb\",\"itemListElement\":[{\"@type\":\"ListItem\",\"position\":1,\"name\":\"Startseite\",\"item\":\"https:\/\/www.kletterretter.com\/en\/\"},{\"@type\":\"ListItem\",\"position\":2,\"name\":\"Shop\",\"item\":\"https:\/\/www.kletterretter.com\/en\/products\/\"},{\"@type\":\"ListItem\",\"position\":3,\"name\":\"Bouldertraining &#8211; Ralf Winkler\"}]},{\"@type\":\"WebSite\",\"@id\":\"https:\/\/www.kletterretter.com\/#website\",\"url\":\"https:\/\/www.kletterretter.com\/\",\"name\":\"KletterRetter - Climb more. Climb better.\",\"description\":\"Climb more. Climb better.\",\"publisher\":{\"@id\":\"https:\/\/www.kletterretter.com\/#organization\"},\"potentialAction\":[{\"@type\":\"SearchAction\",\"target\":{\"@type\":\"EntryPoint\",\"urlTemplate\":\"https:\/\/www.kletterretter.com\/?s={search_term_string}\"},\"query-input\":{\"@type\":\"PropertyValueSpecification\",\"valueRequired\":true,\"valueName\":\"search_term_string\"}}],\"inLanguage\":\"en-US\"},{\"@type\":\"Organization\",\"@id\":\"https:\/\/www.kletterretter.com\/#organization\",\"name\":\"KletterRetter\",\"url\":\"https:\/\/www.kletterretter.com\/\",\"logo\":{\"@type\":\"ImageObject\",\"inLanguage\":\"en-US\",\"@id\":\"https:\/\/www.kletterretter.com\/#\/schema\/logo\/image\/\",\"url\":\"https:\/\/www.kletterretter.com\/wp-content\/uploads\/2025\/07\/KR-long-blue-1.png\",\"contentUrl\":\"https:\/\/www.kletterretter.com\/wp-content\/uploads\/2025\/07\/KR-long-blue-1.png\",\"width\":1551,\"height\":348,\"caption\":\"KletterRetter\"},\"image\":{\"@id\":\"https:\/\/www.kletterretter.com\/#\/schema\/logo\/image\/\"},\"sameAs\":[\"http:\/\/www.facebook.com\/kletterretter\",\"http:\/\/www.instagram.com\/kletterretter\",\"http:\/\/linkedin.com\/company\/kletterretter\/\"]}]}<\/script>\n<!-- \/ Yoast SEO plugin. -->","yoast_head_json":{"title":"Bouldertraining - Ralf Winkler - KletterRetter - Climb more. Climb better.","robots":{"index":"index","follow":"follow","max-snippet":"max-snippet:-1","max-image-preview":"max-image-preview:large","max-video-preview":"max-video-preview:-1"},"canonical":"https:\/\/www.kletterretter.com\/en\/product\/bouldertraining\/","og_locale":"en_US","og_type":"article","og_title":"Bouldertraining - Ralf Winkler - KletterRetter - Climb more. Climb better.","og_description":"Hast du dich einmal mit den Grundlagen des Kletterns vertraut gemacht und willst nun m\u00f6glichst schnell Erfolge erzielen, vermittelt Bouldertraining dir die daf\u00fcr notwendigen Kenntnisse. Dabei beschr\u00e4nkt sich das Buch anders als andere Klettertrainingsratgeber nicht nur auf den k\u00f6rperlichen Aspekt. Weil Bouldern ein vielseitiger Sport ist, der den Athleten mental und technisch ebenso wie physisch herausfordert, geh\u00f6rt auch das zu den Schwerpunkten von Bouldertraining.","og_url":"https:\/\/www.kletterretter.com\/en\/product\/bouldertraining\/","og_site_name":"KletterRetter - Climb more. Climb better.","article_publisher":"http:\/\/www.facebook.com\/kletterretter","article_modified_time":"2023-04-26T13:09:17+00:00","og_image":[{"width":2000,"height":2000,"url":"https:\/\/www.kletterretter.com\/wp-content\/uploads\/2019\/05\/mockup-boulder-training.jpg","type":"image\/jpeg"}],"twitter_card":"summary_large_image","twitter_misc":{"Est. reading time":"2 minutes"},"schema":{"@context":"https:\/\/schema.org","@graph":[{"@type":"WebPage","@id":"https:\/\/www.kletterretter.com\/en\/product\/bouldertraining\/","url":"https:\/\/www.kletterretter.com\/en\/product\/bouldertraining\/","name":"Bouldertraining - Ralf Winkler - KletterRetter - Climb more. Climb better.","isPartOf":{"@id":"https:\/\/www.kletterretter.com\/#website"},"primaryImageOfPage":{"@id":"https:\/\/www.kletterretter.com\/en\/product\/bouldertraining\/#primaryimage"},"image":{"@id":"https:\/\/www.kletterretter.com\/en\/product\/bouldertraining\/#primaryimage"},"thumbnailUrl":"https:\/\/www.kletterretter.com\/wp-content\/uploads\/2019\/05\/mockup-boulder-training.jpg","datePublished":"2018-04-01T15:41:13+00:00","dateModified":"2023-04-26T13:09:17+00:00","breadcrumb":{"@id":"https:\/\/www.kletterretter.com\/en\/product\/bouldertraining\/#breadcrumb"},"inLanguage":"en-US","potentialAction":[{"@type":"ReadAction","target":["https:\/\/www.kletterretter.com\/en\/product\/bouldertraining\/"]}]},{"@type":"ImageObject","inLanguage":"en-US","@id":"https:\/\/www.kletterretter.com\/en\/product\/bouldertraining\/#primaryimage","url":"https:\/\/www.kletterretter.com\/wp-content\/uploads\/2019\/05\/mockup-boulder-training.jpg","contentUrl":"https:\/\/www.kletterretter.com\/wp-content\/uploads\/2019\/05\/mockup-boulder-training.jpg","width":2000,"height":2000},{"@type":"BreadcrumbList","@id":"https:\/\/www.kletterretter.com\/en\/product\/bouldertraining\/#breadcrumb","itemListElement":[{"@type":"ListItem","position":1,"name":"Startseite","item":"https:\/\/www.kletterretter.com\/en\/"},{"@type":"ListItem","position":2,"name":"Shop","item":"https:\/\/www.kletterretter.com\/en\/products\/"},{"@type":"ListItem","position":3,"name":"Bouldertraining &#8211; Ralf Winkler"}]},{"@type":"WebSite","@id":"https:\/\/www.kletterretter.com\/#website","url":"https:\/\/www.kletterretter.com\/","name":"KletterRetter - Climb more. Climb better.","description":"Climb more. Climb better.","publisher":{"@id":"https:\/\/www.kletterretter.com\/#organization"},"potentialAction":[{"@type":"SearchAction","target":{"@type":"EntryPoint","urlTemplate":"https:\/\/www.kletterretter.com\/?s={search_term_string}"},"query-input":{"@type":"PropertyValueSpecification","valueRequired":true,"valueName":"search_term_string"}}],"inLanguage":"en-US"},{"@type":"Organization","@id":"https:\/\/www.kletterretter.com\/#organization","name":"KletterRetter","url":"https:\/\/www.kletterretter.com\/","logo":{"@type":"ImageObject","inLanguage":"en-US","@id":"https:\/\/www.kletterretter.com\/#\/schema\/logo\/image\/","url":"https:\/\/www.kletterretter.com\/wp-content\/uploads\/2025\/07\/KR-long-blue-1.png","contentUrl":"https:\/\/www.kletterretter.com\/wp-content\/uploads\/2025\/07\/KR-long-blue-1.png","width":1551,"height":348,"caption":"KletterRetter"},"image":{"@id":"https:\/\/www.kletterretter.com\/#\/schema\/logo\/image\/"},"sameAs":["http:\/\/www.facebook.com\/kletterretter","http:\/\/www.instagram.com\/kletterretter","http:\/\/linkedin.com\/company\/kletterretter\/"]}]}},"_links":{"self":[{"href":"https:\/\/www.kletterretter.com\/en\/wp-json\/wp\/v2\/product\/101652","targetHints":{"allow":["GET"]}}],"collection":[{"href":"https:\/\/www.kletterretter.com\/en\/wp-json\/wp\/v2\/product"}],"about":[{"href":"https:\/\/www.kletterretter.com\/en\/wp-json\/wp\/v2\/types\/product"}],"wp:featuredmedia":[{"embeddable":true,"href":"https:\/\/www.kletterretter.com\/en\/wp-json\/wp\/v2\/media\/101654"}],"wp:attachment":[{"href":"https:\/\/www.kletterretter.com\/en\/wp-json\/wp\/v2\/media?parent=101652"}],"wp:term":[{"taxonomy":"product_brand","embeddable":true,"href":"https:\/\/www.kletterretter.com\/en\/wp-json\/wp\/v2\/product_brand?post=101652"},{"taxonomy":"product_cat","embeddable":true,"href":"https:\/\/www.kletterretter.com\/en\/wp-json\/wp\/v2\/product_cat?post=101652"},{"taxonomy":"product_tag","embeddable":true,"href":"https:\/\/www.kletterretter.com\/en\/wp-json\/wp\/v2\/product_tag?post=101652"}],"curies":[{"name":"wp","href":"https:\/\/api.w.org\/{rel}","templated":true}]}}