{"id":114092,"date":"2023-04-17T16:06:27","date_gmt":"2023-04-17T14:06:27","guid":{"rendered":"https:\/\/www.kletterretter.com\/?page_id=114092"},"modified":"2023-04-17T22:18:25","modified_gmt":"2023-04-17T20:18:25","slug":"stellenauschreibung-aussenvertrieb","status":"publish","type":"page","link":"https:\/\/www.kletterretter.com\/en\/stellenauschreibung-aussenvertrieb\/","title":{"rendered":"Stellenauschreibung: Au\u00dfenvertrieb (m\/w\/d)"},"content":{"rendered":"<h3><strong>Au\u00dfenvertrieb (m\/w\/d)<\/strong><\/h3>\n<p><img loading=\"lazy\" decoding=\"async\" class=\"alignright size-medium\" src=\"https:\/\/www.kletterretter.com\/wp-content\/uploads\/2023\/04\/Aussenvertrieb.jpg\" alt=\"\" width=\"300\" height=\"200\" \/>KletterRetter steht seit der Gr\u00fcndung im Jahr 2013 f\u00fcr hochwertige, spezialisierte, auf die Bed\u00fcrfnisse von Kletterern zugeschnittene Produkte. Dabei legen wir einen starken Fokus auf Nachhaltigkeit und europ\u00e4ische Produktion. KletterRetter befindet sich derzeit in einer spannenden Wachstums- und Expansionsphase.<\/p>\n<p>Wir suchen ein motiviertes Teammitglied, das unser Team eigenverantwortlich und vollumf\u00e4nglich im Bereich Vertrieb unterst\u00fctzt. Das Ziel der Stelle ist die Steigerung des Umsatzes durch die Akquise von Neukunden und die Betreuung von Bestandskunden.<\/p>\n<p><strong>Deine Aufgaben:<\/strong><\/p>\n<ul>\n<li>Akquise von Neukunden im Au\u00dfendienst durch pers\u00f6nliche Besuche und Telefonate<\/li>\n<li>Betreuung und Ausbau des Kundenstamms durch eine kontinuierliche, qualifizierte Beratung und Verkauf<\/li>\n<li>Erstellung von Angeboten, Auftragsabwicklung und Reklamationsbearbeitung<\/li>\n<li>Marktbeobachtung und Analyse der Wettbewerbssituation<\/li>\n<li>Organisation und Durchf\u00fchrung von Produktpr\u00e4sentationen und Schulungen<\/li>\n<\/ul>\n<p><strong>Deine Qualifikationen<\/strong><\/p>\n<ul>\n<li>Erfahrung im Vertrieb<\/li>\n<li>Branchenerfahrung in der Outdoorszene ist zum Vorteil<\/li>\n<li>Kunden- und serviceorientierte Arbeitsweise<\/li>\n<li> Ausgepr\u00e4gte Kommunikationsf\u00e4higkeit und Verhandlungsgeschick<\/li>\n<li>Hohe Eigenmotivation und Selbstorganisation<\/li>\n<li>F\u00fchrerschein Klasse B<\/li>\n<li>Gute deutsche und englische Sprachkenntnisse<\/li>\n<\/ul>\n<p><strong>Das bieten wir:<\/strong><\/p>\n<ul>\n<li>Attraktives Gehaltspaket mit Bonussystem<\/li>\n<li>Umfassende Einarbeitung in Produkte und Dienstleistungen<\/li>\n<li>Dynamisches Arbeitsumfeld mit Wachstumspotenzial<\/li>\n<li>Freiheit und Verantwortung im t\u00e4glichen Arbeitsablauf<\/li>\n<li>Spannende Einblicke in den Handel sowie die Sportindustrie<\/li>\n<\/ul>\n<p>Haben wir dein Interesse geweckt? Dann bewerbe dich jetzt und werde Teil unseres erfolgreichen Teams!<\/p>\n<p><strong>Ansprechpartner:<\/strong><br \/>\nDavid Holmes<br \/>\nKletterRetter GmbH<br \/>\nBreslauer Str. 4a, 79379 M\u00fcllheim<br \/>\n+49 (0)911 7155 9050 (Festnetz)<br \/>\n<a href=\"mailto:bewerbung@kletterretter.com\">bewerbung@kletterretter.com<\/a><\/p>\n","protected":false},"excerpt":{"rendered":"<p>Au\u00dfenvertrieb (m\/w\/d) KletterRetter steht seit der Gr\u00fcndung im Jahr 2013 f\u00fcr hochwertige, spezialisierte, auf die Bed\u00fcrfnisse von Kletterern zugeschnittene Produkte. Dabei legen wir einen starken Fokus auf Nachhaltigkeit und europ\u00e4ische Produktion. KletterRetter befindet sich derzeit in einer spannenden Wachstums- und Expansionsphase. Wir suchen ein motiviertes Teammitglied, das unser Team eigenverantwortlich und vollumf\u00e4nglich im Bereich Vertrieb [&#8230;]\n","protected":false},"author":1,"featured_media":0,"parent":0,"menu_order":0,"comment_status":"closed","ping_status":"closed","template":"","meta":{"footnotes":""},"class_list":["post-114092","page","type-page","status-publish","hentry"],"yoast_head":"<!-- This site is optimized with the Yoast SEO plugin v27.1.1 - https:\/\/yoast.com\/product\/yoast-seo-wordpress\/ -->\n<title>Stellenauschreibung: Au\u00dfenvertrieb (m\/w\/d) - KletterRetter - Skincare, Chalk &amp; Tape for climbers<\/title>\n<meta name=\"robots\" content=\"index, follow, max-snippet:-1, max-image-preview:large, max-video-preview:-1\" \/>\n<link rel=\"canonical\" href=\"https:\/\/www.kletterretter.com\/en\/stellenauschreibung-aussenvertrieb\/\" \/>\n<meta property=\"og:locale\" content=\"en_US\" \/>\n<meta property=\"og:type\" content=\"article\" \/>\n<meta property=\"og:title\" content=\"Stellenauschreibung: Au\u00dfenvertrieb (m\/w\/d) - KletterRetter - Skincare, Chalk &amp; Tape for climbers\" \/>\n<meta property=\"og:description\" content=\"Au\u00dfenvertrieb (m\/w\/d) KletterRetter steht seit der Gr\u00fcndung im Jahr 2013 f\u00fcr hochwertige, spezialisierte, auf die Bed\u00fcrfnisse von Kletterern zugeschnittene Produkte. Dabei legen wir einen starken Fokus auf Nachhaltigkeit und europ\u00e4ische Produktion. KletterRetter befindet sich derzeit in einer spannenden Wachstums- und Expansionsphase. Wir suchen ein motiviertes Teammitglied, das unser Team eigenverantwortlich und vollumf\u00e4nglich im Bereich Vertrieb [...]\" \/>\n<meta property=\"og:url\" content=\"https:\/\/www.kletterretter.com\/en\/stellenauschreibung-aussenvertrieb\/\" \/>\n<meta property=\"og:site_name\" content=\"KletterRetter - Skincare, Chalk &amp; Tape for climbers\" \/>\n<meta property=\"article:publisher\" content=\"http:\/\/www.facebook.com\/kletterretter\" \/>\n<meta property=\"article:modified_time\" content=\"2023-04-17T20:18:25+00:00\" \/>\n<meta property=\"og:image\" content=\"https:\/\/www.kletterretter.com\/wp-content\/uploads\/2023\/04\/Aussenvertrieb.jpg\" \/>\n<meta name=\"twitter:card\" content=\"summary_large_image\" \/>\n<meta name=\"twitter:label1\" content=\"Est. reading time\" \/>\n\t<meta name=\"twitter:data1\" content=\"1 minute\" \/>\n<script type=\"application\/ld+json\" class=\"yoast-schema-graph\">{\"@context\":\"https:\/\/schema.org\",\"@graph\":[{\"@type\":\"WebPage\",\"@id\":\"https:\/\/www.kletterretter.com\/en\/stellenauschreibung-aussenvertrieb\/\",\"url\":\"https:\/\/www.kletterretter.com\/en\/stellenauschreibung-aussenvertrieb\/\",\"name\":\"Stellenauschreibung: Au\u00dfenvertrieb (m\/w\/d) - KletterRetter - Skincare, Chalk &amp; Tape for climbers\",\"isPartOf\":{\"@id\":\"https:\/\/www.kletterretter.com\/#website\"},\"primaryImageOfPage\":{\"@id\":\"https:\/\/www.kletterretter.com\/en\/stellenauschreibung-aussenvertrieb\/#primaryimage\"},\"image\":{\"@id\":\"https:\/\/www.kletterretter.com\/en\/stellenauschreibung-aussenvertrieb\/#primaryimage\"},\"thumbnailUrl\":\"https:\/\/www.kletterretter.com\/wp-content\/uploads\/2023\/04\/Aussenvertrieb.jpg\",\"datePublished\":\"2023-04-17T14:06:27+00:00\",\"dateModified\":\"2023-04-17T20:18:25+00:00\",\"breadcrumb\":{\"@id\":\"https:\/\/www.kletterretter.com\/en\/stellenauschreibung-aussenvertrieb\/#breadcrumb\"},\"inLanguage\":\"en-US\",\"potentialAction\":[{\"@type\":\"ReadAction\",\"target\":[\"https:\/\/www.kletterretter.com\/en\/stellenauschreibung-aussenvertrieb\/\"]}]},{\"@type\":\"ImageObject\",\"inLanguage\":\"en-US\",\"@id\":\"https:\/\/www.kletterretter.com\/en\/stellenauschreibung-aussenvertrieb\/#primaryimage\",\"url\":\"https:\/\/www.kletterretter.com\/wp-content\/uploads\/2023\/04\/Aussenvertrieb.jpg\",\"contentUrl\":\"https:\/\/www.kletterretter.com\/wp-content\/uploads\/2023\/04\/Aussenvertrieb.jpg\"},{\"@type\":\"BreadcrumbList\",\"@id\":\"https:\/\/www.kletterretter.com\/en\/stellenauschreibung-aussenvertrieb\/#breadcrumb\",\"itemListElement\":[{\"@type\":\"ListItem\",\"position\":1,\"name\":\"Startseite\",\"item\":\"https:\/\/www.kletterretter.com\/en\/\"},{\"@type\":\"ListItem\",\"position\":2,\"name\":\"Stellenauschreibung: Au\u00dfenvertrieb (m\/w\/d)\"}]},{\"@type\":\"WebSite\",\"@id\":\"https:\/\/www.kletterretter.com\/#website\",\"url\":\"https:\/\/www.kletterretter.com\/\",\"name\":\"KletterRetter - Climb more. Climb better.\",\"description\":\"Every hand tells a story\",\"publisher\":{\"@id\":\"https:\/\/www.kletterretter.com\/#organization\"},\"potentialAction\":[{\"@type\":\"SearchAction\",\"target\":{\"@type\":\"EntryPoint\",\"urlTemplate\":\"https:\/\/www.kletterretter.com\/?s={search_term_string}\"},\"query-input\":{\"@type\":\"PropertyValueSpecification\",\"valueRequired\":true,\"valueName\":\"search_term_string\"}}],\"inLanguage\":\"en-US\"},{\"@type\":\"Organization\",\"@id\":\"https:\/\/www.kletterretter.com\/#organization\",\"name\":\"KletterRetter\",\"url\":\"https:\/\/www.kletterretter.com\/\",\"logo\":{\"@type\":\"ImageObject\",\"inLanguage\":\"en-US\",\"@id\":\"https:\/\/www.kletterretter.com\/#\/schema\/logo\/image\/\",\"url\":\"https:\/\/www.kletterretter.com\/wp-content\/uploads\/2025\/07\/KR-long-blue-1.png\",\"contentUrl\":\"https:\/\/www.kletterretter.com\/wp-content\/uploads\/2025\/07\/KR-long-blue-1.png\",\"width\":1551,\"height\":348,\"caption\":\"KletterRetter\"},\"image\":{\"@id\":\"https:\/\/www.kletterretter.com\/#\/schema\/logo\/image\/\"},\"sameAs\":[\"http:\/\/www.facebook.com\/kletterretter\",\"http:\/\/www.instagram.com\/kletterretter\",\"http:\/\/linkedin.com\/company\/kletterretter\/\"]}]}<\/script>\n<!-- \/ Yoast SEO plugin. -->","yoast_head_json":{"title":"Stellenauschreibung: Au\u00dfenvertrieb (m\/w\/d) - KletterRetter - Skincare, Chalk &amp; Tape for climbers","robots":{"index":"index","follow":"follow","max-snippet":"max-snippet:-1","max-image-preview":"max-image-preview:large","max-video-preview":"max-video-preview:-1"},"canonical":"https:\/\/www.kletterretter.com\/en\/stellenauschreibung-aussenvertrieb\/","og_locale":"en_US","og_type":"article","og_title":"Stellenauschreibung: Au\u00dfenvertrieb (m\/w\/d) - KletterRetter - Skincare, Chalk &amp; Tape for climbers","og_description":"Au\u00dfenvertrieb (m\/w\/d) KletterRetter steht seit der Gr\u00fcndung im Jahr 2013 f\u00fcr hochwertige, spezialisierte, auf die Bed\u00fcrfnisse von Kletterern zugeschnittene Produkte. Dabei legen wir einen starken Fokus auf Nachhaltigkeit und europ\u00e4ische Produktion. KletterRetter befindet sich derzeit in einer spannenden Wachstums- und Expansionsphase. Wir suchen ein motiviertes Teammitglied, das unser Team eigenverantwortlich und vollumf\u00e4nglich im Bereich Vertrieb [...]","og_url":"https:\/\/www.kletterretter.com\/en\/stellenauschreibung-aussenvertrieb\/","og_site_name":"KletterRetter - Skincare, Chalk &amp; Tape for climbers","article_publisher":"http:\/\/www.facebook.com\/kletterretter","article_modified_time":"2023-04-17T20:18:25+00:00","og_image":[{"url":"https:\/\/www.kletterretter.com\/wp-content\/uploads\/2023\/04\/Aussenvertrieb.jpg","type":"","width":"","height":""}],"twitter_card":"summary_large_image","twitter_misc":{"Est. reading time":"1 minute"},"schema":{"@context":"https:\/\/schema.org","@graph":[{"@type":"WebPage","@id":"https:\/\/www.kletterretter.com\/en\/stellenauschreibung-aussenvertrieb\/","url":"https:\/\/www.kletterretter.com\/en\/stellenauschreibung-aussenvertrieb\/","name":"Stellenauschreibung: Au\u00dfenvertrieb (m\/w\/d) - KletterRetter - Skincare, Chalk &amp; Tape for climbers","isPartOf":{"@id":"https:\/\/www.kletterretter.com\/#website"},"primaryImageOfPage":{"@id":"https:\/\/www.kletterretter.com\/en\/stellenauschreibung-aussenvertrieb\/#primaryimage"},"image":{"@id":"https:\/\/www.kletterretter.com\/en\/stellenauschreibung-aussenvertrieb\/#primaryimage"},"thumbnailUrl":"https:\/\/www.kletterretter.com\/wp-content\/uploads\/2023\/04\/Aussenvertrieb.jpg","datePublished":"2023-04-17T14:06:27+00:00","dateModified":"2023-04-17T20:18:25+00:00","breadcrumb":{"@id":"https:\/\/www.kletterretter.com\/en\/stellenauschreibung-aussenvertrieb\/#breadcrumb"},"inLanguage":"en-US","potentialAction":[{"@type":"ReadAction","target":["https:\/\/www.kletterretter.com\/en\/stellenauschreibung-aussenvertrieb\/"]}]},{"@type":"ImageObject","inLanguage":"en-US","@id":"https:\/\/www.kletterretter.com\/en\/stellenauschreibung-aussenvertrieb\/#primaryimage","url":"https:\/\/www.kletterretter.com\/wp-content\/uploads\/2023\/04\/Aussenvertrieb.jpg","contentUrl":"https:\/\/www.kletterretter.com\/wp-content\/uploads\/2023\/04\/Aussenvertrieb.jpg"},{"@type":"BreadcrumbList","@id":"https:\/\/www.kletterretter.com\/en\/stellenauschreibung-aussenvertrieb\/#breadcrumb","itemListElement":[{"@type":"ListItem","position":1,"name":"Startseite","item":"https:\/\/www.kletterretter.com\/en\/"},{"@type":"ListItem","position":2,"name":"Stellenauschreibung: Au\u00dfenvertrieb (m\/w\/d)"}]},{"@type":"WebSite","@id":"https:\/\/www.kletterretter.com\/#website","url":"https:\/\/www.kletterretter.com\/","name":"KletterRetter - Climb more. Climb better.","description":"Every hand tells a story","publisher":{"@id":"https:\/\/www.kletterretter.com\/#organization"},"potentialAction":[{"@type":"SearchAction","target":{"@type":"EntryPoint","urlTemplate":"https:\/\/www.kletterretter.com\/?s={search_term_string}"},"query-input":{"@type":"PropertyValueSpecification","valueRequired":true,"valueName":"search_term_string"}}],"inLanguage":"en-US"},{"@type":"Organization","@id":"https:\/\/www.kletterretter.com\/#organization","name":"KletterRetter","url":"https:\/\/www.kletterretter.com\/","logo":{"@type":"ImageObject","inLanguage":"en-US","@id":"https:\/\/www.kletterretter.com\/#\/schema\/logo\/image\/","url":"https:\/\/www.kletterretter.com\/wp-content\/uploads\/2025\/07\/KR-long-blue-1.png","contentUrl":"https:\/\/www.kletterretter.com\/wp-content\/uploads\/2025\/07\/KR-long-blue-1.png","width":1551,"height":348,"caption":"KletterRetter"},"image":{"@id":"https:\/\/www.kletterretter.com\/#\/schema\/logo\/image\/"},"sameAs":["http:\/\/www.facebook.com\/kletterretter","http:\/\/www.instagram.com\/kletterretter","http:\/\/linkedin.com\/company\/kletterretter\/"]}]}},"_links":{"self":[{"href":"https:\/\/www.kletterretter.com\/en\/wp-json\/wp\/v2\/pages\/114092","targetHints":{"allow":["GET"]}}],"collection":[{"href":"https:\/\/www.kletterretter.com\/en\/wp-json\/wp\/v2\/pages"}],"about":[{"href":"https:\/\/www.kletterretter.com\/en\/wp-json\/wp\/v2\/types\/page"}],"author":[{"embeddable":true,"href":"https:\/\/www.kletterretter.com\/en\/wp-json\/wp\/v2\/users\/1"}],"replies":[{"embeddable":true,"href":"https:\/\/www.kletterretter.com\/en\/wp-json\/wp\/v2\/comments?post=114092"}],"version-history":[{"count":0,"href":"https:\/\/www.kletterretter.com\/en\/wp-json\/wp\/v2\/pages\/114092\/revisions"}],"wp:attachment":[{"href":"https:\/\/www.kletterretter.com\/en\/wp-json\/wp\/v2\/media?parent=114092"}],"curies":[{"name":"wp","href":"https:\/\/api.w.org\/{rel}","templated":true}]}}